{"id":277981,"date":"2026-02-10T10:22:43","date_gmt":"2026-02-10T13:22:43","guid":{"rendered":"https:\/\/sotrends.com\/?page_id=277981"},"modified":"2026-02-11T07:50:02","modified_gmt":"2026-02-11T10:50:02","slug":"kontaktuppgifter","status":"publish","type":"page","link":"https:\/\/sotrends.com\/sv\/kontaktuppgifter\/","title":{"rendered":"Impressum"},"content":{"rendered":"<div data-elementor-type=\"wp-page\" data-elementor-id=\"277981\" class=\"elementor elementor-277981\" data-elementor-post-type=\"page\">\n\t\t\t\t\t\t<section class=\"elementor-section elementor-top-section elementor-element elementor-element-6f0ae79c elementor-section-boxed elementor-section-height-default elementor-section-height-default\" data-id=\"6f0ae79c\" data-element_type=\"section\" data-e-type=\"section\">\n\t\t\t\t\t\t<div class=\"elementor-container elementor-column-gap-default\">\n\t\t\t\t\t<div class=\"elementor-column elementor-col-100 elementor-top-column elementor-element elementor-element-7beb182b\" data-id=\"7beb182b\" data-element_type=\"column\" data-e-type=\"column\">\n\t\t\t<div class=\"elementor-widget-wrap elementor-element-populated\">\n\t\t\t\t\t\t<div class=\"elementor-element elementor-element-eebed76 elementor-widget elementor-widget-text-editor\" data-id=\"eebed76\" data-element_type=\"widget\" data-e-type=\"widget\" data-widget_type=\"text-editor.default\">\n\t\t\t\t<div class=\"elementor-widget-container\">\n\t\t\t\t\t\t\t\t\t<h2 style=\"text-align: center;\">Impressum<\/h2><p><span style=\"color: #000000;\">B\u00e4sta anv\u00e4ndare av denna webbplats,<\/span><\/p><p><span style=\"color: #000000;\">Nedan hittar du den viktigaste informationen och kontaktuppgifterna till webbplatsens \u00e4gare och operat\u00f6r.<\/span><\/p><p><span style=\"color: #000000;\">F\u00f6retagsnamn: So Trends LLC<\/span><br \/><span style=\"color: #000000;\">Adress: 2101 Park Center Dr, Ste 150 \u2013 Orlando, FL 32835<\/span><br \/><span style=\"color: #000000;\">Registreringsnummer: 32282516\/0001-62<\/span><br \/><span style=\"color: #000000;\">E-post: support@sotrends.com<br \/>Telefonnummer: +14074038540<br \/>F\u00f6retagets kontaktperson: Francisco Silva.<\/span><\/p>\t\t\t\t\t\t\t\t<\/div>\n\t\t\t\t<\/div>\n\t\t\t\t\t<\/div>\n\t\t<\/div>\n\t\t\t\t\t<\/div>\n\t\t<\/section>\n\t\t\t\t<\/div>","protected":false},"excerpt":{"rendered":"<p>Impressum B\u00e4sta anv\u00e4ndare av denna webbplats, Nedan hittar du den viktigaste informationen och kontaktuppgifterna till webbplatsens \u00e4gare och operat\u00f6r. F\u00f6retagsnamn: So Trends LLCAdress: 2101 Park Center Dr, Ste 150 \u2013 [&hellip;]<\/p>\n","protected":false},"author":2,"featured_media":0,"parent":0,"menu_order":0,"comment_status":"closed","ping_status":"closed","template":"elementor_canvas","meta":{"footnotes":""},"class_list":["post-277981","page","type-page","status-publish","hentry"],"lang":"sv","translations":{"sv":277981,"da":254191,"nl":278203,"fi":285974},"_links":{"self":[{"href":"https:\/\/sotrends.com\/sv\/wp-json\/wp\/v2\/pages\/277981","targetHints":{"allow":["GET"]}}],"collection":[{"href":"https:\/\/sotrends.com\/sv\/wp-json\/wp\/v2\/pages"}],"about":[{"href":"https:\/\/sotrends.com\/sv\/wp-json\/wp\/v2\/types\/page"}],"author":[{"embeddable":true,"href":"https:\/\/sotrends.com\/sv\/wp-json\/wp\/v2\/users\/2"}],"replies":[{"embeddable":true,"href":"https:\/\/sotrends.com\/sv\/wp-json\/wp\/v2\/comments?post=277981"}],"version-history":[{"count":40,"href":"https:\/\/sotrends.com\/sv\/wp-json\/wp\/v2\/pages\/277981\/revisions"}],"predecessor-version":[{"id":278371,"href":"https:\/\/sotrends.com\/sv\/wp-json\/wp\/v2\/pages\/277981\/revisions\/278371"}],"wp:attachment":[{"href":"https:\/\/sotrends.com\/sv\/wp-json\/wp\/v2\/media?parent=277981"}],"curies":[{"name":"wp","href":"https:\/\/api.w.org\/{rel}","templated":true}]}}