{"id":223182,"date":"2025-07-01T09:20:04","date_gmt":"2025-07-01T12:20:04","guid":{"rendered":"https:\/\/sotrends.com\/?page_id=223182"},"modified":"2026-02-11T07:50:45","modified_gmt":"2026-02-11T10:50:45","slug":"integritetspolicy","status":"publish","type":"page","link":"https:\/\/sotrends.com\/sv\/integritetspolicy\/","title":{"rendered":"Integritetspolicy"},"content":{"rendered":"<div data-elementor-type=\"wp-page\" data-elementor-id=\"223182\" class=\"elementor elementor-223182\" data-elementor-post-type=\"page\">\n\t\t\t\t\t\t<section class=\"elementor-section elementor-top-section elementor-element elementor-element-40dac9f elementor-section-boxed elementor-section-height-default elementor-section-height-default\" data-id=\"40dac9f\" data-element_type=\"section\" data-e-type=\"section\">\n\t\t\t\t\t\t<div class=\"elementor-container elementor-column-gap-default\">\n\t\t\t\t\t<div class=\"elementor-column elementor-col-100 elementor-top-column elementor-element elementor-element-0d7e258\" data-id=\"0d7e258\" data-element_type=\"column\" data-e-type=\"column\">\n\t\t\t<div class=\"elementor-widget-wrap elementor-element-populated\">\n\t\t\t\t\t\t<div class=\"elementor-element elementor-element-8f4f70b elementor-widget elementor-widget-text-editor\" data-id=\"8f4f70b\" data-element_type=\"widget\" data-e-type=\"widget\" data-widget_type=\"text-editor.default\">\n\t\t\t\t<div class=\"elementor-widget-container\">\n\t\t\t\t\t\t\t\t\t<h1 style=\"text-align: center;\">Integritetspolicy<\/h1><p><span style=\"color: #000000;\">F\u00f6retagsnamn: So Trends LLC<\/span><br \/><span style=\"color: #000000;\">Adress: 2101 Park Center Dr, Ste 150 \u2013 Orlando, FL 32835<\/span><br \/><span style=\"color: #000000;\">Registreringsnummer: 32282516\/0001-62<\/span><br \/><span style=\"color: #000000;\">E-post: support@sotrends.com<\/span><\/p><p><span style=\"color: #333333;\">INTEGRITETSUTTALEKAND<\/span><\/p><p><span style=\"color: #333333;\">AVSNITT 1 &#8211; VAD G\u00d6R VI MED DIN INFORMATION?<\/span><\/p><p><span style=\"color: #333333;\">N\u00e4r du k\u00f6per n\u00e5got fr\u00e5n v\u00e5r butik, samlar vi in den personliga information du ger oss som ditt namn, din adress och din e-postadress som en del av k\u00f6pe- och f\u00f6rs\u00e4ljningsprocessen. N\u00e4r du bl\u00e4ddrar i v\u00e5r butik, f\u00e5r vi ocks\u00e5 automatiskt din dators internetprotokoll (IP) adress f\u00f6r att ge oss information som hj\u00e4lper oss att l\u00e4ra oss om din webbl\u00e4sare och operativsystem. E-postmarknadsf\u00f6ring (om till\u00e4mpligt): Med ditt tillst\u00e5nd kan vi skicka dig e-post om v\u00e5r butik, nya produkter och andra uppdateringar.<\/span><\/p><p><span style=\"color: #333333;\">AVSNITT 2 &#8211; SAMTYCKE<\/span><\/p><p><span style=\"color: #333333;\">Hur f\u00e5r du mitt samtycke? N\u00e4r du ger oss personlig information f\u00f6r att slutf\u00f6ra en transaktion, verifiera ditt kreditkort, l\u00e4gga en best\u00e4llning, ordna leverans eller returnera ett k\u00f6p, inneb\u00e4r det att du samtycker till att vi samlar in och anv\u00e4nder denna information f\u00f6r det specifika syftet. Om vi beg\u00e4r din personliga information f\u00f6r ett sekund\u00e4rt syfte, s\u00e5som marknadsf\u00f6ring, kommer vi antingen att be om ditt uttryckliga samtycke direkt eller ge dig m\u00f6jlighet att s\u00e4ga nej.<\/span><\/p><p><span style=\"color: #333333;\">Hur drar jag tillbaka mitt samtycke? Om du \u00e4ndrar dig efter att ha gett ditt samtycke, kan du n\u00e4r som helst dra tillbaka ditt samtycke f\u00f6r att vi ska kontakta dig, f\u00f6r fortsatt insamling, anv\u00e4ndning eller avsl\u00f6jande av din information genom att kontakta oss p\u00e5 support@sotrends.com eller skicka post till: Sotrends<\/span><\/p><p><span style=\"color: #333333;\">AVSNITT 3 &#8211; UTL\u00c4MNANDE<\/span><\/p><p><span style=\"color: #333333;\">Vi kan l\u00e4mna ut din personliga information om vi \u00e4r skyldiga att g\u00f6ra det enligt lag eller om du bryter mot v\u00e5ra anv\u00e4ndarvillkor.<\/span><\/p><p><span style=\"color: #333333;\">AVSNITT 4 &#8211; BETALNING<\/span><\/p><p><span style=\"color: #333333;\">Alla direkta betalningsgatewayar f\u00f6ljer de standarder som fastst\u00e4llts av PCI-DSS, som hanteras av PCI Security Standards Council, som \u00e4r ett gemensamt initiativ av varum\u00e4rken som Visa, Mastercard, American Express och Discover. PCI-DSS-krav hj\u00e4lper till att s\u00e4kerst\u00e4lla s\u00e4ker hantering av kreditkortsinformation av v\u00e5r butik och dess tj\u00e4nsteleverant\u00f6rer.<\/span><\/p><p><span style=\"color: #333333;\">AVSNITT 5 &#8211; TREDJE PARTS TJ\u00c4NSTER<\/span><\/p><p><span style=\"color: #333333;\">Generellt kommer de tredjepartsleverant\u00f6rer vi anv\u00e4nder endast att samla in, anv\u00e4nda och avsl\u00f6ja din information i den utstr\u00e4ckning som \u00e4r n\u00f6dv\u00e4ndig f\u00f6r att de ska kunna utf\u00f6ra de tj\u00e4nster de tillhandah\u00e5ller oss. Dock har vissa tredjepartsleverant\u00f6rer, s\u00e5som betalningsgatewayar och andra betalningstransaktionsprocessorer, sina egna integritetspolicys betr\u00e4ffande den information vi \u00e4r skyldiga att ge dem f\u00f6r dina k\u00f6prelaterade transaktioner. F\u00f6r dessa leverant\u00f6rer rekommenderar vi att du l\u00e4ser deras integritetspolicys s\u00e5 att du f\u00f6rst\u00e5r hur din personliga information kommer att hanteras av dessa leverant\u00f6rer. Kom s\u00e4rskilt ih\u00e5g att vissa leverant\u00f6rer kan vara bel\u00e4gna i eller ha anl\u00e4ggningar i en annan jurisdiktion \u00e4n du eller vi. S\u00e5 om du v\u00e4ljer att genomf\u00f6ra en transaktion som involverar tj\u00e4nster fr\u00e5n en tredjepartsleverant\u00f6r, kan din information komma att omfattas av lagarna i den jurisdiktion d\u00e4r den leverant\u00f6ren eller dess anl\u00e4ggningar \u00e4r bel\u00e4gna. Till exempel, om du \u00e4r bel\u00e4gen i Kanada och din transaktion behandlas av en betalningsgateway i USA, kan din personliga information som anv\u00e4nds f\u00f6r att slutf\u00f6ra den transaktionen omfattas av lagstiftning i USA, inklusive Patriot Act. N\u00e4r du l\u00e4mnar v\u00e5r butiks webbplats eller omdirigeras till en tredjepartswebbplats eller applikation, omfattas du inte l\u00e4ngre av denna integritetspolicy eller v\u00e5ra webbplatsens anv\u00e4ndarvillkor.<\/span><br \/><span style=\"color: #333333;\">L\u00e4nkar N\u00e4r du klickar p\u00e5 l\u00e4nkar p\u00e5 v\u00e5r butik kan de dirigera dig bort fr\u00e5n v\u00e5r webbplats. Vi ansvarar inte f\u00f6r integritetspraxis p\u00e5 andra webbplatser och uppmanar dig att l\u00e4sa deras integritetspolicys.<\/span><\/p><p><span style=\"color: #333333;\">AVSNITT 6 &#8211; S\u00c4KERHET<\/span><\/p><p><span style=\"color: #333333;\">F\u00f6r att skydda din personliga information vidtar vi rimliga f\u00f6rsiktighets\u00e5tg\u00e4rder och f\u00f6ljer branschens b\u00e4sta praxis f\u00f6r att s\u00e4kerst\u00e4lla att den inte f\u00f6rloras, missbrukas, \u00e5tkomstas, avsl\u00f6jas, \u00e4ndras eller f\u00f6rst\u00f6rs p\u00e5 ett ol\u00e4mpligt s\u00e4tt. Om du ger oss din kreditkortsinformation, krypteras informationen med hj\u00e4lp av s\u00e4ker socket layer-teknik (SSL) och lagras med AES-256-kryptering. \u00c4ven om ingen metod f\u00f6r \u00f6verf\u00f6ring \u00f6ver Internet eller elektronisk lagring \u00e4r 100 % s\u00e4ker, f\u00f6ljer vi alla PCI-DSS-krav och implementerar ytterligare allm\u00e4nt accepterade branschstandarder.<\/span><\/p><p><span style=\"color: #333333;\">AVSNITT 7 &#8211; COOKIES<\/span><\/p><p><span style=\"color: #333333;\">H\u00e4r \u00e4r en lista \u00f6ver cookies som vi anv\u00e4nder. Vi har listat dem h\u00e4r s\u00e5 att du kan v\u00e4lja om du vill v\u00e4lja bort cookies eller inte. cart, unik token, ih\u00e5llande i 2 veckor, lagrar information om inneh\u00e5llet i din kundvagn. _secure_session_id, unik token, session storefront_digest, unik token, o\u00e4ndlig Om butiken har ett l\u00f6senord anv\u00e4nds detta f\u00f6r att avg\u00f6ra om den aktuella bes\u00f6karen har tillg\u00e5ng.<\/span><\/p><p><span style=\"color: #333333;\">AVSNITT 8 &#8211; \u00c5LDER F\u00d6R SAMTYCKE<\/span><\/p><p><span style=\"color: #333333;\">Genom att anv\u00e4nda denna webbplats representerar du att du \u00e4r minst myndighets\u00e5ldern i din stat eller provins, eller att du \u00e4r myndighets\u00e5ldern i din stat eller provins och att du har gett oss ditt samtycke f\u00f6r att till\u00e5ta dina minder\u00e5riga beroende att anv\u00e4nda denna webbplats.<\/span><\/p><p><span style=\"color: #333333;\">AVSNITT 9 &#8211; \u00c4NDRINGAR AV DENNA INTEGRITETSPOLICY<\/span><\/p><p><span style=\"color: #333333;\">Vi f\u00f6rbeh\u00e5ller oss r\u00e4tten att \u00e4ndra denna integritetspolicy n\u00e4r som helst, s\u00e5 v\u00e4nligen granska den ofta. \u00c4ndringar och f\u00f6rtydliganden tr\u00e4der i kraft omedelbart efter att de har publicerats p\u00e5 webbplatsen. Om vi g\u00f6r v\u00e4sentliga \u00e4ndringar i denna policy kommer vi att meddela dig h\u00e4r att den har uppdaterats, s\u00e5 att du \u00e4r medveten om vilken information vi samlar in, hur vi anv\u00e4nder den och under vilka omst\u00e4ndigheter, om n\u00e5gra, vi anv\u00e4nder och\/eller avsl\u00f6jar den. Om v\u00e5r butik f\u00f6rv\u00e4rvas eller sl\u00e5s samman med ett annat f\u00f6retag, kan din information \u00f6verf\u00f6ras till de nya \u00e4garna s\u00e5 att vi kan forts\u00e4tta att s\u00e4lja produkter till dig<\/span><\/p><p><span style=\"color: #333333;\">FR\u00c5GOR OCH KONTAKTINFORMATION<\/span><\/p><p><span style=\"color: #333333;\">Om du vill: f\u00e5 tillg\u00e5ng till, r\u00e4tta, \u00e4ndra eller radera n\u00e5gon personlig information vi har om dig, registrera ett klagom\u00e5l, eller helt enkelt vill ha mer information, kontakta v\u00e5r Privacy Compliance Officer p\u00e5 support@sotrends.com<\/span><\/p>\t\t\t\t\t\t\t\t<\/div>\n\t\t\t\t<\/div>\n\t\t\t\t\t<\/div>\n\t\t<\/div>\n\t\t\t\t\t<\/div>\n\t\t<\/section>\n\t\t\t\t<\/div>","protected":false},"excerpt":{"rendered":"<p>Integritetspolicy F\u00f6retagsnamn: So Trends LLCAdress: 2101 Park Center Dr, Ste 150 \u2013 Orlando, FL 32835Registreringsnummer: 32282516\/0001-62E-post: support@sotrends.com INTEGRITETSUTTALEKAND AVSNITT 1 &#8211; VAD G\u00d6R VI MED DIN INFORMATION? N\u00e4r du k\u00f6per [&hellip;]<\/p>\n","protected":false},"author":2,"featured_media":0,"parent":0,"menu_order":0,"comment_status":"closed","ping_status":"closed","template":"elementor_canvas","meta":{"footnotes":""},"class_list":["post-223182","page","type-page","status-publish","hentry"],"lang":"sv","translations":{"sv":223182},"_links":{"self":[{"href":"https:\/\/sotrends.com\/sv\/wp-json\/wp\/v2\/pages\/223182","targetHints":{"allow":["GET"]}}],"collection":[{"href":"https:\/\/sotrends.com\/sv\/wp-json\/wp\/v2\/pages"}],"about":[{"href":"https:\/\/sotrends.com\/sv\/wp-json\/wp\/v2\/types\/page"}],"author":[{"embeddable":true,"href":"https:\/\/sotrends.com\/sv\/wp-json\/wp\/v2\/users\/2"}],"replies":[{"embeddable":true,"href":"https:\/\/sotrends.com\/sv\/wp-json\/wp\/v2\/comments?post=223182"}],"version-history":[{"count":13,"href":"https:\/\/sotrends.com\/sv\/wp-json\/wp\/v2\/pages\/223182\/revisions"}],"predecessor-version":[{"id":278374,"href":"https:\/\/sotrends.com\/sv\/wp-json\/wp\/v2\/pages\/223182\/revisions\/278374"}],"wp:attachment":[{"href":"https:\/\/sotrends.com\/sv\/wp-json\/wp\/v2\/media?parent=223182"}],"curies":[{"name":"wp","href":"https:\/\/api.w.org\/{rel}","templated":true}]}}