{"id":224218,"date":"2025-07-03T13:44:38","date_gmt":"2025-07-03T16:44:38","guid":{"rendered":"https:\/\/sotrends.com\/?page_id=224218"},"modified":"2025-07-03T13:46:16","modified_gmt":"2025-07-03T16:46:16","slug":"termos","status":"publish","type":"page","link":"https:\/\/sotrends.com\/pt\/termos\/","title":{"rendered":"Termos e Condi\u00e7\u00f5es"},"content":{"rendered":"<div data-elementor-type=\"wp-page\" data-elementor-id=\"224218\" class=\"elementor elementor-224218\" data-elementor-post-type=\"page\">\n\t\t\t\t\t\t<section class=\"elementor-section elementor-top-section elementor-element elementor-element-40dac9f elementor-section-boxed elementor-section-height-default elementor-section-height-default\" data-id=\"40dac9f\" data-element_type=\"section\" data-e-type=\"section\">\n\t\t\t\t\t\t<div class=\"elementor-container elementor-column-gap-default\">\n\t\t\t\t\t<div class=\"elementor-column elementor-col-100 elementor-top-column elementor-element elementor-element-0d7e258\" data-id=\"0d7e258\" data-element_type=\"column\" data-e-type=\"column\">\n\t\t\t<div class=\"elementor-widget-wrap elementor-element-populated\">\n\t\t\t\t\t\t<div class=\"elementor-element elementor-element-8f4f70b elementor-widget elementor-widget-text-editor\" data-id=\"8f4f70b\" data-element_type=\"widget\" data-e-type=\"widget\" data-widget_type=\"text-editor.default\">\n\t\t\t\t<div class=\"elementor-widget-container\">\n\t\t\t\t\t\t\t\t\t<h1 style=\"text-align: center;\">Termos e Condi\u00e7\u00f5es<\/h1><p><span style=\"color: #333333;\">Termos e Condi\u00e7\u00f5es<\/span><br \/><span style=\"color: #333333;\">1. Condi\u00e7\u00f5es Gerais de Aten\u00e7\u00e3o<\/span><br \/><span style=\"color: #333333;\">1.1. Cuidados com o endere\u00e7o de entrega<\/span><br \/><span style=\"color: #333333;\">A SoTrends compromete-se a entregar os produtos na morada indicada pelo cliente. Para evitar quaisquer obst\u00e1culos na entrega da sua encomenda, solicitamos que verifique atentamente os dados preenchidos no momento da compra, assegurando que a morada est\u00e1 correta e completa.<\/span><\/p><p><span style=\"color: #333333;\">1.2. Destinat\u00e1rio ausente<\/span><br \/><span style=\"color: #333333;\">Certifique-se de que algu\u00e9m estar\u00e1 na morada indicada para receber a sua encomenda. Os CTT (ou transportadora utilizada) efetuam at\u00e9 tr\u00eas tentativas de entrega. Caso n\u00e3o esteja ningu\u00e9m dispon\u00edvel para receber a encomenda, a mesma ser\u00e1 encaminhada para o posto dos correios mais pr\u00f3ximo da morada de destino. Neste caso, o destinat\u00e1rio dever\u00e1 levantar a encomenda na esta\u00e7\u00e3o indicada, no prazo de 7 dias corridos.<\/span><\/p><p><span style=\"color: #333333;\">Se o levantamento n\u00e3o for efetuado dentro deste prazo, por norma da transportadora, o pacote ser\u00e1 devolvido \u00e0 SoTrends. Nessa situa\u00e7\u00e3o, ser\u00e1 necess\u00e1rio o pagamento de novo valor de portes para que possamos reenviar o produto.<\/span><\/p><p><span style=\"color: #333333;\">Todas as informa\u00e7\u00f5es relativas \u00e0s tentativas de entrega, bem como a morada do posto dos correios onde a encomenda poder\u00e1 ser levantada, estar\u00e3o dispon\u00edveis no rastreio da encomenda, que pode ser acompanhado no site dos CTT ou transportadora correspondente, atrav\u00e9s do c\u00f3digo de rastreamento fornecido pela loja.<\/span><\/p><p><span style=\"color: #333333;\">1.3. Morada incorreta ou incompleta<\/span><br \/><span style=\"color: #333333;\">A SoTrends n\u00e3o se responsabiliza por preenchimento incorreto ou incompleto da morada de entrega. Caso isso ocorra, e de acordo com as normas dos CTT, a encomenda ser\u00e1 devolvida ao remetente sem novas tentativas de entrega.<\/span><\/p><p><span style=\"color: #333333;\">Neste caso, o cliente dever\u00e1 pagar novamente os portes de envio, no valor de 15,00 \u20ac (incluindo os custos de reexpedi\u00e7\u00e3o e taxas postais), para que possamos reenviar o produto. Se a entrega n\u00e3o for conclu\u00edda devido a erro no endere\u00e7o fornecido pelo cliente, n\u00e3o haver\u00e1 reembolso, sendo necess\u00e1rio o pagamento do novo envio.<\/span><\/p><p><span style=\"color: #333333;\">1.4. Impostos de importa\u00e7\u00e3o e custos de envio<\/span><br \/><span style=\"color: #333333;\">Qualquer taxa ou imposto de importa\u00e7\u00e3o eventualmente cobrado pelos correios ou alf\u00e2ndega ser\u00e1 da responsabilidade da SoTrends. O cliente apenas pagar\u00e1 o valor anunciado do produto, sem encargos adicionais.<\/span><\/p><p><span style=\"color: #333333;\">1.5. Produtos n\u00e3o entregues<\/span><br \/><span style=\"color: #333333;\">Caso ocorra algum problema com a entrega do produto e o cliente n\u00e3o o receba, o prazo m\u00e1ximo para solicitar reenvio ou reembolso \u00e9 de 6 meses ap\u00f3s a data da compra. O cliente deve acompanhar o c\u00f3digo de rastreamento enviado por email ap\u00f3s a confirma\u00e7\u00e3o da encomenda.<\/span><\/p><p><span style=\"color: #333333;\">2. Pol\u00edtica de Compras<\/span><br \/><span style=\"color: #333333;\">2.1. Envio e prazos<\/span><br \/><span style=\"color: #333333;\">Todos os produtos dispon\u00edveis na SoTrends s\u00e3o enviados diretamente dos nossos fornecedores internacionais (Su\u00ed\u00e7a, Pa\u00edses Baixos, Estados Unidos e China) para a morada indicada no momento da compra.<\/span><\/p><p><span style=\"color: #333333;\">O prazo m\u00e9dio de entrega varia entre 5 a 15 dias \u00fateis (contados ap\u00f3s o envio), dependendo da localiza\u00e7\u00e3o. O envio \u00e9 realizado num prazo de at\u00e9 5 dias \u00fateis ap\u00f3s a confirma\u00e7\u00e3o do pagamento no nosso sistema. Nos pagamentos por transfer\u00eancia banc\u00e1ria ou boleto, a confirma\u00e7\u00e3o pode demorar entre 1 a 3 dias \u00fateis.<\/span><\/p><p><span style=\"color: #333333;\">Garantimos o envio de um c\u00f3digo de rastreamento, permitindo ao cliente acompanhar todo o processo de entrega da sua encomenda.<\/span><\/p><p><span style=\"color: #333333;\">Em situa\u00e7\u00f5es excepcionais, o prazo de entrega poder\u00e1 ser prolongado, nomeadamente devido a greves, feriados, pandemias, atrasos alfandeg\u00e1rios ou altas demandas log\u00edsticas, que s\u00e3o fatores alheios ao nosso controlo.<\/span><\/p><p><span style=\"color: #333333;\">2.2. Garantia de entrega<\/span><br \/><span style=\"color: #333333;\">A SoTrends garante a entrega da encomenda. Caso o produto seja perdido ou extraviado durante o transporte, o cliente tem direito ao reembolso integral do valor pago.<\/span><\/p><p><span style=\"color: #333333;\">Todos os produtos enviados possuem seguro contra perda e rastreamento online gratuito \u2014 a entrega \u00e9 100% garantida.<\/span><\/p><p><span style=\"color: #333333;\">Se o produto n\u00e3o for entregue no prazo de 40 dias \u00fateis ap\u00f3s o envio, o cliente poder\u00e1 solicitar o reembolso total. Caso o produto seja entregue posteriormente ao reembolso, ser\u00e1 emitida uma refer\u00eancia de pagamento para que o valor seja regularizado.<\/span><\/p><p><span style=\"color: #333333;\">A SoTrends \u00e9 uma empresa que comercializa produtos em diversos pa\u00edses. Por isso, os compradores devem estar atentos \u00e0s moedas locais. Os pre\u00e7os s\u00e3o exibidos em: <\/span><span style=\"color: #333333;\">Libras esterlinas no Reino Unido, <\/span><span style=\"color: #333333;\">Francos su\u00ed\u00e7os na Su\u00ed\u00e7a, <\/span><span style=\"color: #333333;\">Euros na Uni\u00e3o Europeia, <\/span><span style=\"color: #333333;\">D\u00f3lares americanos no restante do mundo.<\/span><\/p><p><span style=\"color: #333333;\">Aten\u00e7\u00e3o: Se adquirir mais de um produto, poder\u00e1 receb\u00ea-los em pacotes separados, pois podem ser enviados de armaz\u00e9ns ou fornecedores diferentes. \u00c9 completamente normal receber um item antes de outro.<\/span><\/p><p><span style=\"color: #333333;\">2.3. Rastreio de encomendas<\/span><br \/><span style=\"color: #333333;\">As encomendas s\u00e3o enviadas pelos CTT ou por transportadoras parceiras. Assim que o c\u00f3digo de rastreamento estiver dispon\u00edvel, ser\u00e1 enviado para o email do cliente. A SoTrends compromete-se a fornecer instru\u00e7\u00f5es sobre como acompanhar o envio.<\/span><\/p><p><span style=\"color: #333333;\">IMPORTANTE:<\/span><br \/><span style=\"color: #333333;\">Ao efetuar uma compra na SoTrends, o cliente concorda automaticamente com todas as condi\u00e7\u00f5es acima descritas.<\/span><\/p>\t\t\t\t\t\t\t\t<\/div>\n\t\t\t\t<\/div>\n\t\t\t\t\t<\/div>\n\t\t<\/div>\n\t\t\t\t\t<\/div>\n\t\t<\/section>\n\t\t\t\t<\/div>","protected":false},"excerpt":{"rendered":"<p>Termos e Condi\u00e7\u00f5es Termos e Condi\u00e7\u00f5es1. Condi\u00e7\u00f5es Gerais de Aten\u00e7\u00e3o1.1. Cuidados com o endere\u00e7o de entregaA SoTrends compromete-se a entregar os produtos na morada indicada pelo cliente. Para evitar quaisquer [&hellip;]<\/p>\n","protected":false},"author":2,"featured_media":0,"parent":0,"menu_order":0,"comment_status":"closed","ping_status":"closed","template":"elementor_canvas","meta":{"footnotes":""},"class_list":["post-224218","page","type-page","status-publish","hentry"],"lang":"pt","translations":{"pt":224218},"_links":{"self":[{"href":"https:\/\/sotrends.com\/pt\/wp-json\/wp\/v2\/pages\/224218","targetHints":{"allow":["GET"]}}],"collection":[{"href":"https:\/\/sotrends.com\/pt\/wp-json\/wp\/v2\/pages"}],"about":[{"href":"https:\/\/sotrends.com\/pt\/wp-json\/wp\/v2\/types\/page"}],"author":[{"embeddable":true,"href":"https:\/\/sotrends.com\/pt\/wp-json\/wp\/v2\/users\/2"}],"replies":[{"embeddable":true,"href":"https:\/\/sotrends.com\/pt\/wp-json\/wp\/v2\/comments?post=224218"}],"version-history":[{"count":7,"href":"https:\/\/sotrends.com\/pt\/wp-json\/wp\/v2\/pages\/224218\/revisions"}],"predecessor-version":[{"id":224225,"href":"https:\/\/sotrends.com\/pt\/wp-json\/wp\/v2\/pages\/224218\/revisions\/224225"}],"wp:attachment":[{"href":"https:\/\/sotrends.com\/pt\/wp-json\/wp\/v2\/media?parent=224218"}],"curies":[{"name":"wp","href":"https:\/\/api.w.org\/{rel}","templated":true}]}}