{"id":270054,"date":"2025-12-29T08:16:53","date_gmt":"2025-12-29T11:16:53","guid":{"rendered":"https:\/\/sotrends.com\/?page_id=270054"},"modified":"2026-02-12T08:49:21","modified_gmt":"2026-02-12T11:49:21","slug":"impressum","status":"publish","type":"page","link":"https:\/\/sotrends.com\/pl\/impressum\/","title":{"rendered":"Impressum"},"content":{"rendered":"<div data-elementor-type=\"wp-page\" data-elementor-id=\"270054\" class=\"elementor elementor-270054\" data-elementor-post-type=\"page\">\n\t\t\t\t\t\t<section class=\"elementor-section elementor-top-section elementor-element elementor-element-7f8b6bd2 elementor-section-boxed elementor-section-height-default elementor-section-height-default\" data-id=\"7f8b6bd2\" data-element_type=\"section\" data-e-type=\"section\">\n\t\t\t\t\t\t<div class=\"elementor-container elementor-column-gap-default\">\n\t\t\t\t\t<div class=\"elementor-column elementor-col-100 elementor-top-column elementor-element elementor-element-4e749591\" data-id=\"4e749591\" data-element_type=\"column\" data-e-type=\"column\">\n\t\t\t<div class=\"elementor-widget-wrap elementor-element-populated\">\n\t\t\t\t\t\t<div class=\"elementor-element elementor-element-74ef2131 elementor-widget elementor-widget-text-editor\" data-id=\"74ef2131\" data-element_type=\"widget\" data-e-type=\"widget\" data-widget_type=\"text-editor.default\">\n\t\t\t\t<div class=\"elementor-widget-container\">\n\t\t\t\t\t\t\t\t\t<h2 style=\"text-align: center;\">Impressum<\/h2><p><span style=\"color: #000000;\">Szanowny u\u017cytkowniku tej strony,<\/span><\/p><p><span style=\"color: #000000;\">Poni\u017cej znajdziesz najwa\u017cniejsze informacje oraz dane kontaktowe w\u0142a\u015bciciela i administratora tej strony internetowej.<\/span><\/p><p><span style=\"color: #000000;\">Nazwa firmy: So Trends LLC<\/span><br \/><span style=\"color: #000000;\">Adres: 2101 Park Center Dr, Ste 150 \u2013 Orlando, FL 32835<\/span><br \/><span style=\"color: #000000;\">Numer rejestracyjny: 32282516\/0001-62<\/span><br \/><span style=\"color: #000000;\">Adres e-mail: support@sotrends.com<br \/><\/span><span style=\"color: #000000;\">Numer telefonu: +1 407 403 8540<\/span><br \/><span style=\"color: #000000;\">Osoba kontaktowa: Francisco Silva<\/span><\/p><p><span style=\"color: #000000;\">Uwaga: Ca\u0142a tre\u015b\u0107 tej strony internetowej jest chroniona prawem autorskim i stanowi wy\u0142\u0105czn\u0105 w\u0142asno\u015b\u0107 So Trends.<\/span><\/p><p><span style=\"color: #000000;\">Tre\u015bci zawarte na tej stronie mog\u0105 by\u0107 pobierane lub kopiowane wy\u0142\u0105cznie do u\u017cytku osobistego i niekomercyjnego.<\/span><\/p><p><span style=\"color: #000000;\">W niekt\u00f3rych przypadkach strona mo\u017ce zawiera\u0107 prawa w\u0142asno\u015bci intelektualnej nale\u017c\u0105ce do os\u00f3b trzecich.<\/span><\/p><p><span style=\"color: #000000;\">Szanujemy prawa ich prawowitych w\u0142a\u015bcicieli i prosimy o kontakt, je\u015bli uwa\u017casz, \u017ce jakiekolwiek tre\u015bci na tej stronie naruszaj\u0105 prawa autorskie lub inne prawa w\u0142asno\u015bci intelektualnej os\u00f3b trzecich.<\/span><\/p><p><span style=\"color: #000000;\">Je\u015bli masz jakiekolwiek pytania dotycz\u0105ce korzystania z tej strony lub innych kwestii zwi\u0105zanych z jej u\u017cytkowaniem, zapoznaj si\u0119 z naszym Regulaminem pod nast\u0119puj\u0105cym linkiem:<\/span><br \/><span style=\"color: #000000;\">https:\/\/sotrends.com\/pl\/terms\/<\/span><\/p>\t\t\t\t\t\t\t\t<\/div>\n\t\t\t\t<\/div>\n\t\t\t\t\t<\/div>\n\t\t<\/div>\n\t\t\t\t\t<\/div>\n\t\t<\/section>\n\t\t\t\t<\/div>","protected":false},"excerpt":{"rendered":"<p>Impressum Szanowny u\u017cytkowniku tej strony, Poni\u017cej znajdziesz najwa\u017cniejsze informacje oraz dane kontaktowe w\u0142a\u015bciciela i administratora tej strony internetowej. Nazwa firmy: So Trends LLCAdres: 2101 Park Center Dr, Ste 150 \u2013 [&hellip;]<\/p>\n","protected":false},"author":2,"featured_media":0,"parent":0,"menu_order":0,"comment_status":"closed","ping_status":"closed","template":"elementor_canvas","meta":{"footnotes":""},"class_list":["post-270054","page","type-page","status-publish","hentry"],"lang":"pl","translations":{"pl":270054},"_links":{"self":[{"href":"https:\/\/sotrends.com\/pl\/wp-json\/wp\/v2\/pages\/270054","targetHints":{"allow":["GET"]}}],"collection":[{"href":"https:\/\/sotrends.com\/pl\/wp-json\/wp\/v2\/pages"}],"about":[{"href":"https:\/\/sotrends.com\/pl\/wp-json\/wp\/v2\/types\/page"}],"author":[{"embeddable":true,"href":"https:\/\/sotrends.com\/pl\/wp-json\/wp\/v2\/users\/2"}],"replies":[{"embeddable":true,"href":"https:\/\/sotrends.com\/pl\/wp-json\/wp\/v2\/comments?post=270054"}],"version-history":[{"count":16,"href":"https:\/\/sotrends.com\/pl\/wp-json\/wp\/v2\/pages\/270054\/revisions"}],"predecessor-version":[{"id":278695,"href":"https:\/\/sotrends.com\/pl\/wp-json\/wp\/v2\/pages\/270054\/revisions\/278695"}],"wp:attachment":[{"href":"https:\/\/sotrends.com\/pl\/wp-json\/wp\/v2\/media?parent=270054"}],"curies":[{"name":"wp","href":"https:\/\/api.w.org\/{rel}","templated":true}]}}