{"id":258326,"date":"2025-11-03T17:27:08","date_gmt":"2025-11-03T20:27:08","guid":{"rendered":"https:\/\/sotrends.com\/?page_id=258326"},"modified":"2025-11-03T17:39:23","modified_gmt":"2025-11-03T20:39:23","slug":"privacy","status":"publish","type":"page","link":"https:\/\/sotrends.com\/pl\/privacy\/","title":{"rendered":"Polityka prywatno\u015bci"},"content":{"rendered":"<div data-elementor-type=\"wp-page\" data-elementor-id=\"258326\" class=\"elementor elementor-258326\" data-elementor-post-type=\"page\">\n\t\t\t\t\t\t<section class=\"elementor-section elementor-top-section elementor-element elementor-element-7f8b6bd2 elementor-section-boxed elementor-section-height-default elementor-section-height-default\" data-id=\"7f8b6bd2\" data-element_type=\"section\" data-e-type=\"section\">\n\t\t\t\t\t\t<div class=\"elementor-container elementor-column-gap-default\">\n\t\t\t\t\t<div class=\"elementor-column elementor-col-100 elementor-top-column elementor-element elementor-element-4e749591\" data-id=\"4e749591\" data-element_type=\"column\" data-e-type=\"column\">\n\t\t\t<div class=\"elementor-widget-wrap elementor-element-populated\">\n\t\t\t\t\t\t<div class=\"elementor-element elementor-element-74ef2131 elementor-widget elementor-widget-text-editor\" data-id=\"74ef2131\" data-element_type=\"widget\" data-e-type=\"widget\" data-widget_type=\"text-editor.default\">\n\t\t\t\t<div class=\"elementor-widget-container\">\n\t\t\t\t\t\t\t\t\t<h2 style=\"text-align: center;\">Polityka prywatno\u015bci<\/h2><p><strong><span style=\"color: #000000;\">OCHRONA DANYCH<\/span><\/strong><\/p><p><span style=\"color: #000000;\">Gwarantujemy bezpiecze\u0144stwo Twoich danych osobowych z tak\u0105 sam\u0105 staranno\u015bci\u0105, zaanga\u017cowaniem i profesjonalizmem, jakie stosujemy wobec naszej dzia\u0142alno\u015bci.<\/span><br \/><span style=\"color: #000000;\">Zapewniamy, \u017ce \u017cadne dane osobowe nie b\u0119d\u0105 sprzedawane ani ujawniane osobom trzecim, a dost\u0119p do nich maj\u0105 wy\u0142\u0105cznie upowa\u017cnieni pracownicy.<\/span><br \/><span style=\"color: #000000;\">W \u017cadnym przypadku dane te nie b\u0119d\u0105 wykorzystywane w spos\u00f3b sprzeczny z obowi\u0105zuj\u0105cym prawem.<\/span><br \/><span style=\"color: #000000;\">SoTrends dok\u0142ada wszelkich stara\u0144, aby zachowa\u0107 prywatno\u015b\u0107 i bezpiecze\u0144stwo danych przechowywanych w swojej bazie danych, stosuj\u0105c odpowiednie technologie chroni\u0105ce przed nieuprawnionym dost\u0119pem.<\/span><\/p><p><strong><span style=\"color: #000000;\">KARTY KREDYTOWE I INFORMACJE BANKOWE<\/span><\/strong><\/p><p><span style=\"color: #000000;\">Wszystkie transakcje dokonywane kartami kredytowymi lub debetowymi s\u0105 chronione przez technologi\u0119 szyfrowania wykorzystywan\u0105 przez nasz\u0105 bramk\u0119 p\u0142atnicz\u0105, co zapewnia pe\u0142n\u0105 poufno\u015b\u0107 danych bankowych klient\u00f3w.<\/span><br \/><span style=\"color: #000000;\">Stale dbamy o bezpiecze\u0144stwo i przejrzysto\u015b\u0107 naszych dzia\u0142a\u0144, dlatego nasza polityka prywatno\u015bci jest jawna i og\u00f3lnodost\u0119pna.<\/span><br \/><span style=\"color: #000000;\">W razie pyta\u0144 lub sugestii dotycz\u0105cych ochrony danych, zach\u0119camy do kontaktu \u2013 zawsze jeste\u015bmy do Twojej dyspozycji.<\/span><\/p><p><strong><span style=\"color: #000000;\">POLITYKA REZYGNACJI Z SUBSKRYPCJI<\/span><\/strong><\/p><p><span style=\"color: #000000;\">Wysy\u0142amy wiadomo\u015bci e-mail wy\u0142\u0105cznie do os\u00f3b, kt\u00f3re wyrazi\u0142y zgod\u0119 na ich otrzymywanie.<\/span><br \/><span style=\"color: #000000;\">Je\u015bli nie chcesz ju\u017c otrzymywa\u0107 naszych e-maili, kliknij w link rezygnacji zawarty w wiadomo\u015bci lub napisz do nas na adres support@sotrends.com<\/span><br \/><span style=\"color: #000000;\">\u2013 usuniemy Tw\u00f3j adres z listy mailingowej w ci\u0105gu 3 dni roboczych.<\/span><\/p>\t\t\t\t\t\t\t\t<\/div>\n\t\t\t\t<\/div>\n\t\t\t\t\t<\/div>\n\t\t<\/div>\n\t\t\t\t\t<\/div>\n\t\t<\/section>\n\t\t\t\t<\/div>","protected":false},"excerpt":{"rendered":"<p>Polityka prywatno\u015bci OCHRONA DANYCH Gwarantujemy bezpiecze\u0144stwo Twoich danych osobowych z tak\u0105 sam\u0105 staranno\u015bci\u0105, zaanga\u017cowaniem i profesjonalizmem, jakie stosujemy wobec naszej dzia\u0142alno\u015bci.Zapewniamy, \u017ce \u017cadne dane osobowe nie b\u0119d\u0105 sprzedawane ani ujawniane [&hellip;]<\/p>\n","protected":false},"author":2,"featured_media":0,"parent":0,"menu_order":0,"comment_status":"closed","ping_status":"closed","template":"elementor_canvas","meta":{"footnotes":""},"class_list":["post-258326","page","type-page","status-publish","hentry"],"lang":"pl","translations":{"pl":258326,"de":44793,"en":251,"fr":79529,"it":97282,"es":107952,"he":240545,"fi":253428,"da":253700,"cs":260444,"ja":263899,"lt":269117},"_links":{"self":[{"href":"https:\/\/sotrends.com\/pl\/wp-json\/wp\/v2\/pages\/258326","targetHints":{"allow":["GET"]}}],"collection":[{"href":"https:\/\/sotrends.com\/pl\/wp-json\/wp\/v2\/pages"}],"about":[{"href":"https:\/\/sotrends.com\/pl\/wp-json\/wp\/v2\/types\/page"}],"author":[{"embeddable":true,"href":"https:\/\/sotrends.com\/pl\/wp-json\/wp\/v2\/users\/2"}],"replies":[{"embeddable":true,"href":"https:\/\/sotrends.com\/pl\/wp-json\/wp\/v2\/comments?post=258326"}],"version-history":[{"count":5,"href":"https:\/\/sotrends.com\/pl\/wp-json\/wp\/v2\/pages\/258326\/revisions"}],"predecessor-version":[{"id":258334,"href":"https:\/\/sotrends.com\/pl\/wp-json\/wp\/v2\/pages\/258326\/revisions\/258334"}],"wp:attachment":[{"href":"https:\/\/sotrends.com\/pl\/wp-json\/wp\/v2\/media?parent=258326"}],"curies":[{"name":"wp","href":"https:\/\/api.w.org\/{rel}","templated":true}]}}