{"id":269117,"date":"2025-12-18T13:10:01","date_gmt":"2025-12-18T16:10:01","guid":{"rendered":"https:\/\/sotrends.com\/?page_id=269117"},"modified":"2025-12-18T13:28:24","modified_gmt":"2025-12-18T16:28:24","slug":"privacy","status":"publish","type":"page","link":"https:\/\/sotrends.com\/lt\/privacy\/","title":{"rendered":"Privatumo politika"},"content":{"rendered":"<div data-elementor-type=\"wp-page\" data-elementor-id=\"269117\" class=\"elementor elementor-269117\" data-elementor-post-type=\"page\">\n\t\t\t\t\t\t<section class=\"elementor-section elementor-top-section elementor-element elementor-element-87f1c1e elementor-section-boxed elementor-section-height-default elementor-section-height-default\" data-id=\"87f1c1e\" data-element_type=\"section\" data-e-type=\"section\">\n\t\t\t\t\t\t<div class=\"elementor-container elementor-column-gap-default\">\n\t\t\t\t\t<div class=\"elementor-column elementor-col-100 elementor-top-column elementor-element elementor-element-9aa706f\" data-id=\"9aa706f\" data-element_type=\"column\" data-e-type=\"column\">\n\t\t\t<div class=\"elementor-widget-wrap elementor-element-populated\">\n\t\t\t\t\t\t<div class=\"elementor-element elementor-element-08263f0 elementor-widget elementor-widget-heading\" data-id=\"08263f0\" data-element_type=\"widget\" data-e-type=\"widget\" data-widget_type=\"heading.default\">\n\t\t\t\t<div class=\"elementor-widget-container\">\n\t\t\t\t\t<h2 class=\"elementor-heading-title elementor-size-default\">Privatumo politika<\/h2>\t\t\t\t<\/div>\n\t\t\t\t<\/div>\n\t\t\t\t\t<\/div>\n\t\t<\/div>\n\t\t\t\t\t<\/div>\n\t\t<\/section>\n\t\t\t\t<section class=\"elementor-section elementor-top-section elementor-element elementor-element-7f8b6bd2 elementor-section-boxed elementor-section-height-default elementor-section-height-default\" data-id=\"7f8b6bd2\" data-element_type=\"section\" data-e-type=\"section\">\n\t\t\t\t\t\t<div class=\"elementor-container elementor-column-gap-default\">\n\t\t\t\t\t<div class=\"elementor-column elementor-col-100 elementor-top-column elementor-element elementor-element-4e749591\" data-id=\"4e749591\" data-element_type=\"column\" data-e-type=\"column\">\n\t\t\t<div class=\"elementor-widget-wrap elementor-element-populated\">\n\t\t\t\t\t\t<div class=\"elementor-element elementor-element-74ef2131 elementor-widget elementor-widget-text-editor\" data-id=\"74ef2131\" data-element_type=\"widget\" data-e-type=\"widget\" data-widget_type=\"text-editor.default\">\n\t\t\t\t<div class=\"elementor-widget-container\">\n\t\t\t\t\t\t\t\t\t<p><span style=\"color: #000000;\"><\/span><\/p><p><strong><span style=\"color: #000000;\">DUOMEN\u0172 SAUGUMAS<\/span><\/strong><\/p><p><span style=\"color: #000000;\">Mes garantuojame j\u016bs\u0173 asmens duomen\u0173 saugum\u0105, taikydami tok\u012f pat r\u016bpestingum\u0105, \u012fsipareigojim\u0105 ir profesionalum\u0105, kaip ir savo \u012fmon\u0117s veikloje. U\u017etikriname, kad asmens duomenys neb\u016bt\u0173 parduodami ar atskleid\u017eiami tretiesiems asmenims. Pabr\u0117\u017eiame, kad prie \u0161ios informacijos turi prieig\u0105 tik \u012fgalioti darbuotojai, ir jokiu atveju ji n\u0117ra naudojama netinkamai.<\/span><br \/><span style=\"color: #000000;\">\u201eSoTrends\u201c deda visas \u012fmanomas pastangas, kad b\u016bt\u0173 u\u017etikrintas jos duomen\u0173 baz\u0117je saugom\u0173 program\u0173 ir asmens duomen\u0173 privatumas, \u012fsipareigodama naudoti tinkamas ir pa\u017eangias duomen\u0173 apsaugos technologijas.<\/span><\/p><p><strong><span style=\"color: #000000;\">KREDITO KORTEL\u0116S IR BANKIN\u0116 INFORMACIJA<\/span><\/strong><\/p><p><span style=\"color: #000000;\">Kredito korteli\u0173 duomenys yra apsaugoti mok\u0117jimo \u0161liuzo taikoma \u0161ifravimo technologija, kuri u\u017etikrina, kad kliento bankin\u0117 informacija i\u0161likt\u0173 grie\u017etai konfidenciali.<\/span><br \/><span style=\"color: #000000;\">Mes esame visi\u0161kai \u012fsipareigoj\u0119 savo veiklai, tod\u0117l skaidriai skelbiame savo privatumo politik\u0105. Visada suteikiame galimyb\u0119 u\u017eduoti klausimus ir teikti pasi\u016blymus. Esame jums visi\u0161kai pasiekiami.<\/span><\/p><p><strong><span style=\"color: #000000;\">EL. LAI\u0160K\u0172 ATSISAKYMO POLITIKA<\/span><\/strong><\/p><p><span style=\"color: #000000;\">El. lai\u0161kus siun\u010diame tik tiems asmenims, kurie nori juos gauti.<\/span><br \/><span style=\"color: #000000;\">Jei nebenorite gauti m\u016bs\u0173 el. lai\u0161k\u0173, pra\u0161ome pasinaudoti nuoroda el. lai\u0161ke arba susisiekti su mumis el. pa\u0161tu support@sotrends.com<\/span><br \/><span style=\"color: #000000;\">, ir mes pa\u0161alinsime j\u016bs\u0173 el. pa\u0161to adres\u0105 i\u0161 m\u016bs\u0173 s\u0105ra\u0161o per 3 dienas.<\/span><\/p><p><span style=\"color: #000000;\"><\/span><\/p>\t\t\t\t\t\t\t\t<\/div>\n\t\t\t\t<\/div>\n\t\t\t\t\t<\/div>\n\t\t<\/div>\n\t\t\t\t\t<\/div>\n\t\t<\/section>\n\t\t\t\t<\/div>","protected":false},"excerpt":{"rendered":"<p>Privatumo politika DUOMEN\u0172 SAUGUMAS Mes garantuojame j\u016bs\u0173 asmens duomen\u0173 saugum\u0105, taikydami tok\u012f pat r\u016bpestingum\u0105, \u012fsipareigojim\u0105 ir profesionalum\u0105, kaip ir savo \u012fmon\u0117s veikloje. U\u017etikriname, kad asmens duomenys neb\u016bt\u0173 parduodami ar atskleid\u017eiami [&hellip;]<\/p>\n","protected":false},"author":2,"featured_media":0,"parent":0,"menu_order":0,"comment_status":"closed","ping_status":"closed","template":"elementor_canvas","meta":{"footnotes":""},"class_list":["post-269117","page","type-page","status-publish","hentry"],"lang":"lt","translations":{"lt":269117,"de":44793,"en":251,"fr":79529,"it":97282,"es":107952,"he":240545,"fi":253428,"da":253700,"pl":258326,"cs":260444,"ja":263899},"_links":{"self":[{"href":"https:\/\/sotrends.com\/lt\/wp-json\/wp\/v2\/pages\/269117","targetHints":{"allow":["GET"]}}],"collection":[{"href":"https:\/\/sotrends.com\/lt\/wp-json\/wp\/v2\/pages"}],"about":[{"href":"https:\/\/sotrends.com\/lt\/wp-json\/wp\/v2\/types\/page"}],"author":[{"embeddable":true,"href":"https:\/\/sotrends.com\/lt\/wp-json\/wp\/v2\/users\/2"}],"replies":[{"embeddable":true,"href":"https:\/\/sotrends.com\/lt\/wp-json\/wp\/v2\/comments?post=269117"}],"version-history":[{"count":16,"href":"https:\/\/sotrends.com\/lt\/wp-json\/wp\/v2\/pages\/269117\/revisions"}],"predecessor-version":[{"id":269189,"href":"https:\/\/sotrends.com\/lt\/wp-json\/wp\/v2\/pages\/269117\/revisions\/269189"}],"wp:attachment":[{"href":"https:\/\/sotrends.com\/lt\/wp-json\/wp\/v2\/media?parent=269117"}],"curies":[{"name":"wp","href":"https:\/\/api.w.org\/{rel}","templated":true}]}}