{"id":269115,"date":"2025-12-18T13:04:54","date_gmt":"2025-12-18T16:04:54","guid":{"rendered":"https:\/\/sotrends.com\/?page_id=269115"},"modified":"2025-12-18T13:28:06","modified_gmt":"2025-12-18T16:28:06","slug":"terms","status":"publish","type":"page","link":"https:\/\/sotrends.com\/lt\/terms\/","title":{"rendered":"Taisykl\u0117s ir s\u0105lygos"},"content":{"rendered":"<div data-elementor-type=\"wp-page\" data-elementor-id=\"269115\" class=\"elementor elementor-269115\" data-elementor-post-type=\"page\">\n\t\t\t\t\t\t<section class=\"elementor-section elementor-top-section elementor-element elementor-element-766bd18 elementor-section-boxed elementor-section-height-default elementor-section-height-default\" data-id=\"766bd18\" data-element_type=\"section\" data-e-type=\"section\">\n\t\t\t\t\t\t<div class=\"elementor-container elementor-column-gap-default\">\n\t\t\t\t\t<div class=\"elementor-column elementor-col-100 elementor-top-column elementor-element elementor-element-bf6f1f4\" data-id=\"bf6f1f4\" data-element_type=\"column\" data-e-type=\"column\">\n\t\t\t<div class=\"elementor-widget-wrap elementor-element-populated\">\n\t\t\t\t\t\t<div class=\"elementor-element elementor-element-b8dbb5d elementor-widget elementor-widget-heading\" data-id=\"b8dbb5d\" data-element_type=\"widget\" data-e-type=\"widget\" data-widget_type=\"heading.default\">\n\t\t\t\t<div class=\"elementor-widget-container\">\n\t\t\t\t\t<h2 class=\"elementor-heading-title elementor-size-default\">Taisykl\u0117s ir s\u0105lygos<\/h2>\t\t\t\t<\/div>\n\t\t\t\t<\/div>\n\t\t\t\t\t<\/div>\n\t\t<\/div>\n\t\t\t\t\t<\/div>\n\t\t<\/section>\n\t\t\t\t<section class=\"elementor-section elementor-top-section elementor-element elementor-element-6f0ae79c elementor-section-boxed elementor-section-height-default elementor-section-height-default\" data-id=\"6f0ae79c\" data-element_type=\"section\" data-e-type=\"section\">\n\t\t\t\t\t\t<div class=\"elementor-container elementor-column-gap-default\">\n\t\t\t\t\t<div class=\"elementor-column elementor-col-100 elementor-top-column elementor-element elementor-element-7beb182b\" data-id=\"7beb182b\" data-element_type=\"column\" data-e-type=\"column\">\n\t\t\t<div class=\"elementor-widget-wrap elementor-element-populated\">\n\t\t\t\t\t\t<div class=\"elementor-element elementor-element-eebed76 elementor-widget elementor-widget-text-editor\" data-id=\"eebed76\" data-element_type=\"widget\" data-e-type=\"widget\" data-widget_type=\"text-editor.default\">\n\t\t\t\t<div class=\"elementor-widget-container\">\n\t\t\t\t\t\t\t\t\t<p><span style=\"color: #000000;\">1. Bendrosios s\u0105lygos \u2013 d\u0117mesio<\/span><\/p><p><span style=\"color: #000000;\">1.1. U\u017esakym\u0173 pristatymas nurodytu adresu<\/span><\/p><p><span style=\"color: #000000;\">\u201eSoTrends\u201c pasir\u016bpina produkt\u0173 pristatymu kliento nurodytu adresu. Siekiant i\u0161vengti bet koki\u0173 kli\u016b\u010di\u0173 pristatymo metu, pra\u0161ome ypating\u0105 d\u0117mes\u012f skirti teisingam ir pilnam adreso u\u017epildymui u\u017esakymo pateikimo metu.<\/span><\/p><p><span style=\"color: #000000;\">1.2. Gav\u0117jo nebuvimas<\/span><\/p><p><span style=\"color: #000000;\">Pra\u0161ome \u012fsitikinti, kad nurodytu adresu bus asmuo, galintis priimti siunt\u0105. USPS atlieka iki trij\u0173 (3) pristatymo bandym\u0173. Jei n\u0117 vieno bandymo metu adresu nebus gav\u0117jo, siunta bus nugabenta \u012f artimiausi\u0105 pa\u0161to skyri\u0173. Tokiu atveju u\u017esakymo gav\u0117jas prival\u0117s atsiimti siunt\u0105 pa\u0161to skyriuje per 7 kalendorines dienas.<\/span><br \/><span style=\"color: #000000;\">Jei per \u0161\u012f laikotarp\u012f siunta nebus atsiimta, pagal USPS taisykles ji bus gr\u0105\u017einta siunt\u0117jui. Tokiu atveju pakartotiniam siuntos i\u0161siuntimui reik\u0117s apmok\u0117ti naujas siuntimo i\u0161laidas.<\/span><\/p><p><span style=\"color: #000000;\">Visa informacija apie pristatymo bandymus, taip pat pa\u0161to skyriaus adresas, kuriame reikia atsiimti siunt\u0105, yra registruojama siuntos sekimo sistemoje. U\u017esakymo b\u016bkl\u0119 galima steb\u0117ti USPS svetain\u0117je, naudojant parduotuv\u0117s pateikt\u0105 sekimo kod\u0105.<\/span><\/p><p><span style=\"color: #000000;\">1.3. Neteisingas arba nei\u0161samus adresas<\/span><\/p><p><span style=\"color: #000000;\">\u201eSoTrends\u201c neatsako u\u017e neteisingai ar nei\u0161samiai u\u017epildyt\u0105 pristatymo adres\u0105. Jei adresas yra klaidingas arba nepilnas, pagal pa\u0161to taisykles siunta bus gr\u0105\u017einta siunt\u0117jui, o papildomi pristatymo bandymai tuo adresu nebus vykdomi.<\/span><br \/><span style=\"color: #000000;\">Tokiu atveju, jei klientas pageidauja, kad u\u017esakymas b\u016bt\u0173 i\u0161si\u0173stas dar kart\u0105, jis privalo apmok\u0117ti naujas siuntimo i\u0161laidas. Jei pristatymas ne\u012fvyksta d\u0117l kliento pateikt\u0173 adreso duomen\u0173 neatitikim\u0173, klientas neturi teis\u0117s \u012f pinig\u0173 gr\u0105\u017einim\u0105. Pakartotiniam siuntimui bus taikomas 15,00 USD mokestis (siuntimo kaina + pa\u0161to mokestis).<\/span><\/p><p><span style=\"color: #000000;\">1.4. Importo mokes\u010diai ir siuntimo i\u0161laidos<\/span><\/p><p><span style=\"color: #000000;\">Bet kokie mokes\u010diai ar rinkliavos, kuriuos pa\u0161tas gali taikyti m\u016bs\u0173 klientams, yra \u201eSoTrends\u201c atsakomyb\u0117. Klientas moka tik t\u0105 produkto kain\u0105, kuri nurodyta svetain\u0117je.<\/span><\/p><p><span style=\"color: #000000;\">1.5. Nepristatyti produktai<\/span><\/p><p><span style=\"color: #000000;\">Jei kyla problem\u0173 d\u0117l produkto pristatymo ir klientas jo negauna, maksimalus terminas pakartotiniam i\u0161siuntimui ar pinig\u0173 gr\u0105\u017einimui pra\u0161yti yra 6 m\u0117nesiai nuo pirkimo datos. Tod\u0117l klientas privalo steb\u0117ti u\u017esakymo sekimo informacij\u0105, kuri po pirkimo i\u0161siun\u010diama el. pa\u0161tu.<\/span><\/p><p><span style=\"color: #000000;\">2.1. Pirkimo politika<\/span><\/p><p><span style=\"color: #000000;\">Visi \u201eSoTrends\u201c si\u016blomi produktai siun\u010diami tiesiogiai i\u0161 m\u016bs\u0173 tiek\u0117j\u0173 u\u017esienyje (\u0160veicarijoje, Nyderlanduose, Jungtin\u0117se Amerikos Valstijose ir Kinijoje) \u012f pirkimo metu nurodyt\u0105 adres\u0105. Pristatymas vidutini\u0161kai trunka nuo 5 iki 15 darbo dien\u0173 (skai\u010diuojant nuo i\u0161siuntimo datos), priklausomai nuo gav\u0117jo vietos.<\/span><br \/><span style=\"color: #000000;\">Siunta i\u0161siun\u010diama per 5 darbo dienas po to, kai mok\u0117jimas patvirtinamas m\u016bs\u0173 sistemoje, o pristatymo terminas pradedamas skai\u010diuoti tik pasibaigus \u0161iam laikotarpiui. Mok\u0117jimai banko pavedimu patvirtinami per 1\u20133 darbo dienas.<\/span><\/p><p><span style=\"color: #000000;\">Mes garantuojame sekimo kodo suteikim\u0105, kad klientas gal\u0117t\u0173 steb\u0117ti savo u\u017esakymo pristatymo eig\u0105.<\/span><\/p><p><span style=\"color: #000000;\">Tam tikrais atvejais pristatymo terminas gali b\u016bti prat\u0119stas d\u0117l v\u0117lavim\u0173, pandemij\u0173, streik\u0173, \u0161ven\u010di\u0173, didelio pa\u0161to darbo kr\u016bvio ar kit\u0173 aplinkybi\u0173, nepriklausan\u010di\u0173 nuo m\u016bs\u0173.<\/span><\/p><p><span style=\"color: #000000;\">Parduotuv\u0117 garantuoja u\u017esakymo pristatym\u0105. Mes esame atsakingi u\u017e visos sumos gr\u0105\u017einim\u0105, jei produktas b\u016bt\u0173 prarastas ar ding\u0119s pristatymo metu. Visi produktai yra apdrausti nuo praradimo ir turi nemokam\u0105 internetin\u012f sekim\u0105. J\u016bs\u0173 u\u017esakymo pristatymas yra 100 % garantuotas.<\/span><\/p><p><span style=\"color: #000000;\">Jei produktas nepristatomas per 40 darbo dien\u0173 nuo i\u0161siuntimo, gr\u0105\u017einama 100 % sumok\u0117tos sumos. Jei produktas pristatomas po pinig\u0173 gr\u0105\u017einimo, bus i\u0161si\u0173sta patvirtinta s\u0105skaita naujam mok\u0117jimui atlikti.<\/span><\/p><p><span style=\"color: #000000;\">\u201eSoTrends\u201c veikia keliose \u0161alyse, tod\u0117l pirk\u0117jai tur\u0117t\u0173 atkreipti d\u0117mes\u012f \u012f naudojam\u0105 valiut\u0105. Jungtin\u0117je Karalyst\u0117je kainos pateikiamos Did\u017eiosios Britanijos svarais, \u0160veicarijoje \u2013 \u0160veicarijos frankais, Europos \u0161alyse \u2013 eurais, o likusiose pasaulio \u0161alyse \u2013 JAV doleriais.<\/span><\/p><p><span style=\"color: #000000;\">\u012esp\u0117jimas: jei \u012fsigijote daugiau nei vien\u0105 produkt\u0105, galite gauti kelias atskiras siuntas, nes prek\u0117s gali b\u016bti siun\u010diamos i\u0161 skirting\u0173 tiek\u0117j\u0173. Jei pirmiausia gaunate vien\u0105 produkt\u0105, o kit\u0105 \u2013 v\u0117liau, tai yra visi\u0161kai normalu.<\/span><\/p><p><span style=\"color: #000000;\">2.2. U\u017esakymo sekimas<\/span><\/p><p><span style=\"color: #000000;\">Produktai siun\u010diami pa\u0161tu arba per kit\u0105 ve\u017e\u0117j\u0105. Kiekvienam u\u017esakymui visada suteikiamas sekimo kodas, leid\u017eiantis klientui steb\u0117ti pristatymo eig\u0105. \u201eSoTrends\u201c \u012fsipareigoja suteikti klientui vis\u0105 reikaling\u0105 informacij\u0105, kaip sekti siunt\u0105. Sekimo kodas bus i\u0161si\u0173stas el. pa\u0161tu, kai tik jis taps prieinamas \u201eSoTrends\u201c.<\/span><\/p><p><span style=\"color: #000000;\">SVARBU:<\/span><\/p><p><span style=\"color: #000000;\">Atlikdamas pirkim\u0105, klientas sutinka laikytis vis\u0173 \u0161iame dokumente nurodyt\u0173 s\u0105lyg\u0173.<\/span><\/p>\t\t\t\t\t\t\t\t<\/div>\n\t\t\t\t<\/div>\n\t\t\t\t\t<\/div>\n\t\t<\/div>\n\t\t\t\t\t<\/div>\n\t\t<\/section>\n\t\t\t\t<\/div>","protected":false},"excerpt":{"rendered":"<p>Taisykl\u0117s ir s\u0105lygos 1. Bendrosios s\u0105lygos \u2013 d\u0117mesio 1.1. U\u017esakym\u0173 pristatymas nurodytu adresu \u201eSoTrends\u201c pasir\u016bpina produkt\u0173 pristatymu kliento nurodytu adresu. Siekiant i\u0161vengti bet koki\u0173 kli\u016b\u010di\u0173 pristatymo metu, pra\u0161ome ypating\u0105 d\u0117mes\u012f [&hellip;]<\/p>\n","protected":false},"author":2,"featured_media":0,"parent":0,"menu_order":0,"comment_status":"closed","ping_status":"closed","template":"elementor_canvas","meta":{"footnotes":""},"class_list":["post-269115","page","type-page","status-publish","hentry"],"lang":"lt","translations":{"lt":269115,"de":44780,"en":248,"he":240561,"fi":253408},"_links":{"self":[{"href":"https:\/\/sotrends.com\/lt\/wp-json\/wp\/v2\/pages\/269115","targetHints":{"allow":["GET"]}}],"collection":[{"href":"https:\/\/sotrends.com\/lt\/wp-json\/wp\/v2\/pages"}],"about":[{"href":"https:\/\/sotrends.com\/lt\/wp-json\/wp\/v2\/types\/page"}],"author":[{"embeddable":true,"href":"https:\/\/sotrends.com\/lt\/wp-json\/wp\/v2\/users\/2"}],"replies":[{"embeddable":true,"href":"https:\/\/sotrends.com\/lt\/wp-json\/wp\/v2\/comments?post=269115"}],"version-history":[{"count":14,"href":"https:\/\/sotrends.com\/lt\/wp-json\/wp\/v2\/pages\/269115\/revisions"}],"predecessor-version":[{"id":269183,"href":"https:\/\/sotrends.com\/lt\/wp-json\/wp\/v2\/pages\/269115\/revisions\/269183"}],"wp:attachment":[{"href":"https:\/\/sotrends.com\/lt\/wp-json\/wp\/v2\/media?parent=269115"}],"curies":[{"name":"wp","href":"https:\/\/api.w.org\/{rel}","templated":true}]}}