{"id":97282,"date":"2024-06-17T16:53:18","date_gmt":"2024-06-17T19:53:18","guid":{"rendered":"https:\/\/sotrends.com\/?page_id=97282"},"modified":"2025-01-14T15:10:13","modified_gmt":"2025-01-14T18:10:13","slug":"politica-sulla-privacy","status":"publish","type":"page","link":"https:\/\/sotrends.com\/it\/politica-sulla-privacy\/","title":{"rendered":"Politica sulla Privacy"},"content":{"rendered":"\t\t<div data-elementor-type=\"wp-page\" data-elementor-id=\"97282\" class=\"elementor elementor-97282\" data-elementor-post-type=\"page\">\n\t\t\t\t\t\t<section class=\"elementor-section elementor-inner-section elementor-element elementor-element-1ed110e4 elementor-section-boxed elementor-section-height-default elementor-section-height-default\" data-id=\"1ed110e4\" data-element_type=\"section\" data-e-type=\"section\">\n\t\t\t\t\t\t<div class=\"elementor-container elementor-column-gap-default\">\n\t\t\t\t\t<div class=\"elementor-column elementor-col-33 elementor-inner-column elementor-element elementor-element-26d7d67a\" data-id=\"26d7d67a\" data-element_type=\"column\" data-e-type=\"column\">\n\t\t\t<div class=\"elementor-widget-wrap elementor-element-populated\">\n\t\t\t\t\t\t<div class=\"elementor-element elementor-element-2a491a08 elementor-nav-menu__align-center elementor-hidden-tablet elementor-hidden-mobile elementor-nav-menu--dropdown-tablet elementor-nav-menu__text-align-aside elementor-nav-menu--toggle elementor-nav-menu--burger elementor-widget elementor-widget-nav-menu\" data-id=\"2a491a08\" data-element_type=\"widget\" data-e-type=\"widget\" data-settings=\"{&quot;layout&quot;:&quot;horizontal&quot;,&quot;submenu_icon&quot;:{&quot;value&quot;:&quot;&lt;i class=\\&quot;fas fa-caret-down\\&quot; aria-hidden=\\&quot;true\\&quot;&gt;&lt;\\\/i&gt;&quot;,&quot;library&quot;:&quot;fa-solid&quot;},&quot;toggle&quot;:&quot;burger&quot;}\" data-widget_type=\"nav-menu.default\">\n\t\t\t\t<div class=\"elementor-widget-container\">\n\t\t\t\t\t\t\t\t<nav aria-label=\"Menu\" class=\"elementor-nav-menu--main elementor-nav-menu__container elementor-nav-menu--layout-horizontal e--pointer-text e--animation-none\">\n\t\t\t\t<ul id=\"menu-1-2a491a08\" class=\"elementor-nav-menu\"><li class=\"menu-item menu-item-type-custom menu-item-object-custom menu-item-home menu-item-97719 botiga-dropdown-li\"><a href=\"https:\/\/sotrends.com\/it\" class=\"botiga-dropdown-link elementor-item\">Pagina iniziale<\/a><\/li>\n<li class=\"menu-item menu-item-type-post_type menu-item-object-page menu-item-97720 botiga-dropdown-li\"><a href=\"https:\/\/sotrends.com\/it\/faq\/\" class=\"botiga-dropdown-link elementor-item\">FAQ<\/a><\/li>\n<\/ul>\t\t\t<\/nav>\n\t\t\t\t\t<div class=\"elementor-menu-toggle\" role=\"button\" tabindex=\"0\" aria-label=\"Menu di commutazione\" aria-expanded=\"false\">\n\t\t\t<i aria-hidden=\"true\" role=\"presentation\" class=\"elementor-menu-toggle__icon--open eicon-menu-bar\"><\/i><i aria-hidden=\"true\" role=\"presentation\" class=\"elementor-menu-toggle__icon--close eicon-close\"><\/i>\t\t<\/div>\n\t\t\t\t\t<nav class=\"elementor-nav-menu--dropdown elementor-nav-menu__container\" aria-hidden=\"true\">\n\t\t\t\t<ul id=\"menu-2-2a491a08\" class=\"elementor-nav-menu\"><li class=\"menu-item menu-item-type-custom menu-item-object-custom menu-item-home menu-item-97719 botiga-dropdown-li\"><a href=\"https:\/\/sotrends.com\/it\" class=\"botiga-dropdown-link elementor-item\" tabindex=\"-1\">Pagina iniziale<\/a><\/li>\n<li class=\"menu-item menu-item-type-post_type menu-item-object-page menu-item-97720 botiga-dropdown-li\"><a href=\"https:\/\/sotrends.com\/it\/faq\/\" class=\"botiga-dropdown-link elementor-item\" tabindex=\"-1\">FAQ<\/a><\/li>\n<\/ul>\t\t\t<\/nav>\n\t\t\t\t\t\t<\/div>\n\t\t\t\t<\/div>\n\t\t\t\t<div class=\"elementor-element elementor-element-1b4b02db elementor-hidden-desktop elementor-view-default elementor-widget elementor-widget-icon\" data-id=\"1b4b02db\" data-element_type=\"widget\" data-e-type=\"widget\" data-widget_type=\"icon.default\">\n\t\t\t\t<div class=\"elementor-widget-container\">\n\t\t\t\t\t\t\t<div class=\"elementor-icon-wrapper\">\n\t\t\t<a class=\"elementor-icon\" href=\"#elementor-action%3Aaction%3Dpopup%3Aopen%26settings%3DeyJpZCI6Ijc5NzA0IiwidG9nZ2xlIjpmYWxzZX0%3D\">\n\t\t\t<i aria-hidden=\"true\" class=\"fas fa-bars\"><\/i>\t\t\t<\/a>\n\t\t<\/div>\n\t\t\t\t\t\t<\/div>\n\t\t\t\t<\/div>\n\t\t\t\t\t<\/div>\n\t\t<\/div>\n\t\t\t\t<div class=\"elementor-column elementor-col-33 elementor-inner-column elementor-element elementor-element-3ee3124b\" data-id=\"3ee3124b\" data-element_type=\"column\" data-e-type=\"column\">\n\t\t\t<div class=\"elementor-widget-wrap elementor-element-populated\">\n\t\t\t\t\t\t<div class=\"elementor-element elementor-element-12cba5e8 elementor-widget elementor-widget-theme-site-logo elementor-widget-image\" data-id=\"12cba5e8\" data-element_type=\"widget\" data-e-type=\"widget\" data-widget_type=\"theme-site-logo.default\">\n\t\t\t\t<div class=\"elementor-widget-container\">\n\t\t\t\t\t\t\t\t\t\t\t<a href=\"https:\/\/sotrends.com\/fr\/\">\n\t\t\t<img fetchpriority=\"high\" decoding=\"async\" width=\"500\" height=\"152\" src=\"https:\/\/sotrends.com\/wp-content\/uploads\/2023\/04\/logo5.png\" class=\"attachment-full size-full wp-image-5982\" alt=\"\" srcset=\"https:\/\/sotrends.com\/wp-content\/uploads\/2023\/04\/logo5.png 500w, https:\/\/sotrends.com\/wp-content\/uploads\/2023\/04\/logo5-300x91.png 300w, https:\/\/sotrends.com\/wp-content\/uploads\/2023\/04\/logo5-380x116.png 380w\" sizes=\"(max-width: 500px) 100vw, 500px\" \/>\t\t\t\t<\/a>\n\t\t\t\t\t\t\t\t\t\t\t<\/div>\n\t\t\t\t<\/div>\n\t\t\t\t\t<\/div>\n\t\t<\/div>\n\t\t\t\t<div class=\"elementor-column elementor-col-33 elementor-inner-column elementor-element elementor-element-190d559e\" data-id=\"190d559e\" data-element_type=\"column\" data-e-type=\"column\">\n\t\t\t<div class=\"elementor-widget-wrap elementor-element-populated\">\n\t\t\t\t\t\t<div class=\"elementor-element elementor-element-2d4163d3 elementor-nav-menu__align-center elementor-hidden-tablet elementor-hidden-mobile elementor-nav-menu--dropdown-tablet elementor-nav-menu__text-align-aside elementor-nav-menu--toggle elementor-nav-menu--burger elementor-widget elementor-widget-nav-menu\" data-id=\"2d4163d3\" data-element_type=\"widget\" data-e-type=\"widget\" data-settings=\"{&quot;layout&quot;:&quot;horizontal&quot;,&quot;submenu_icon&quot;:{&quot;value&quot;:&quot;&lt;i class=\\&quot;fas fa-caret-down\\&quot; aria-hidden=\\&quot;true\\&quot;&gt;&lt;\\\/i&gt;&quot;,&quot;library&quot;:&quot;fa-solid&quot;},&quot;toggle&quot;:&quot;burger&quot;}\" data-widget_type=\"nav-menu.default\">\n\t\t\t\t<div class=\"elementor-widget-container\">\n\t\t\t\t\t\t\t\t<nav aria-label=\"Menu\" class=\"elementor-nav-menu--main elementor-nav-menu__container elementor-nav-menu--layout-horizontal e--pointer-text e--animation-none\">\n\t\t\t\t<ul id=\"menu-1-2d4163d3\" class=\"elementor-nav-menu\"><li class=\"menu-item menu-item-type-custom menu-item-object-custom menu-item-97732 botiga-dropdown-li\"><a href=\"https:\/\/parcelsapp.com\/it\/tracking\" class=\"botiga-dropdown-link elementor-item\">Tracciamento ordine<\/a><\/li>\n<li class=\"menu-item menu-item-type-post_type menu-item-object-page menu-item-97733 botiga-dropdown-li\"><a href=\"https:\/\/sotrends.com\/it\/contatto\/\" class=\"botiga-dropdown-link elementor-item\">Contatto<\/a><\/li>\n<\/ul>\t\t\t<\/nav>\n\t\t\t\t\t<div class=\"elementor-menu-toggle\" role=\"button\" tabindex=\"0\" aria-label=\"Menu di commutazione\" aria-expanded=\"false\">\n\t\t\t<i aria-hidden=\"true\" role=\"presentation\" class=\"elementor-menu-toggle__icon--open eicon-menu-bar\"><\/i><i aria-hidden=\"true\" role=\"presentation\" class=\"elementor-menu-toggle__icon--close eicon-close\"><\/i>\t\t<\/div>\n\t\t\t\t\t<nav class=\"elementor-nav-menu--dropdown elementor-nav-menu__container\" aria-hidden=\"true\">\n\t\t\t\t<ul id=\"menu-2-2d4163d3\" class=\"elementor-nav-menu\"><li class=\"menu-item menu-item-type-custom menu-item-object-custom menu-item-97732 botiga-dropdown-li\"><a href=\"https:\/\/parcelsapp.com\/it\/tracking\" class=\"botiga-dropdown-link elementor-item\" tabindex=\"-1\">Tracciamento ordine<\/a><\/li>\n<li class=\"menu-item menu-item-type-post_type menu-item-object-page menu-item-97733 botiga-dropdown-li\"><a href=\"https:\/\/sotrends.com\/it\/contatto\/\" class=\"botiga-dropdown-link elementor-item\" tabindex=\"-1\">Contatto<\/a><\/li>\n<\/ul>\t\t\t<\/nav>\n\t\t\t\t\t\t<\/div>\n\t\t\t\t<\/div>\n\t\t\t\t\t<\/div>\n\t\t<\/div>\n\t\t\t\t\t<\/div>\n\t\t<\/section>\n\t\t\t\t<section class=\"elementor-section elementor-top-section elementor-element elementor-element-7f8b6bd2 elementor-section-boxed elementor-section-height-default elementor-section-height-default\" data-id=\"7f8b6bd2\" data-element_type=\"section\" data-e-type=\"section\">\n\t\t\t\t\t\t<div class=\"elementor-container elementor-column-gap-default\">\n\t\t\t\t\t<div class=\"elementor-column elementor-col-100 elementor-top-column elementor-element elementor-element-4e749591\" data-id=\"4e749591\" data-element_type=\"column\" data-e-type=\"column\">\n\t\t\t<div class=\"elementor-widget-wrap elementor-element-populated\">\n\t\t\t\t\t\t<div class=\"elementor-element elementor-element-74ef2131 elementor-widget elementor-widget-text-editor\" data-id=\"74ef2131\" data-element_type=\"widget\" data-e-type=\"widget\" data-widget_type=\"text-editor.default\">\n\t\t\t\t<div class=\"elementor-widget-container\">\n\t\t\t\t\t\t\t\t\t<h2 style=\"text-align: center;\">Politica sulla privacy<\/h2><p><span style=\"color: #000000;\">La nostra politica sulla privacy descrive le pratiche di raccolta e utilizzo dei dati personali. Diamo grande importanza al rispetto della privacy e alla protezione dei dati personali, e ci impegniamo ad adottare misure appropriate per garantire la sicurezza di tali dati e trattarli ed utilizzarli in conformit\u00e0 con le leggi e le normative applicabili, incluse il GDPR e la legge informatica e libert\u00e0.<\/span><\/p><p><span style=\"color: #000000;\"><strong>Articolo 1: Responsabilit\u00e0 della raccolta dei dati<br \/><\/strong>I dati sono raccolti da SoTrends. Conformemente all&#8217;articolo 24 del Regolamento Generale sulla Protezione dei Dati 2016\/679 del 27 aprile 2016, SoTrends \u00e8 responsabile della gestione di questi dati. \u00c8 stato nominato un delegato per la protezione dei dati personali, che pu\u00f2 essere contattato via email all&#8217;indirizzo <a style=\"color: #000000;\" rel=\"noreferrer\">support@sotrends.com<\/a> per qualsiasi domanda relativa alla protezione dei dati.<\/span><\/p><p><span style=\"color: #000000;\"><strong>Articolo 2: Raccolta e utilizzo dei dati<br \/><\/strong>In qualit\u00e0 di responsabile della raccolta dei dati, SoTrends \u00e8 tenuta a raccogliere, consultare, utilizzare, modificare, conservare, trasmettere ed eliminare i dati personali per le necessit\u00e0 delle sue attivit\u00e0 commerciali e contrattuali. Conformemente all&#8217;articolo 4 del Regolamento Generale sulla Protezione dei Dati 2016\/679 del 27 aprile 2016, i dati raccolti riguardano informazioni relative a una persona fisica identificata o identificabile.<\/span><\/p><p><span style=\"color: #000000;\">SoTrends si impegna a raccogliere i dati personali solo per scopi specifici, espliciti e legittimi e a non utilizzare questi dati in modo incompatibile con tali scopi. I dati raccolti sono adeguati, pertinenti e non eccessivi rispetto agli scopi per i quali sono raccolti. I dati sono raccolti direttamente dalle persone interessate quando creano uno spazio personale.<\/span><\/p><p><span style=\"color: #000000;\"><strong>Articolo 3: Ospitalit\u00e0 dei dati<br \/><\/strong>I dati raccolti e trattati da SoTrends sono conservati nell&#8217;Unione Europea.<\/span><\/p><p><span style=\"color: #000000;\"><strong>ARTICOLO 4: Destinazione dei dati raccolti<br \/><\/strong>SoTrends \u00e8 l&#8217;unico destinatario dei dati raccolti, e si impegna a non trasmetterli a terzi a meno che ci\u00f2 non sia richiesto da una richiesta giudiziaria.<\/span><\/p><p><span style=\"color: #000000;\"><strong>Articolo 5: Durata della conservazione dei dati<br \/><\/strong>I dati sono conservati per una durata adeguata agli scopi dei trattamenti e in conformit\u00e0 con le leggi e le normative vigenti. I dati dei clienti sono conservati per la durata del rapporto contrattuale e possono essere conservati per dieci anni dopo la fine del rapporto contrattuale per rispettare gli obblighi contabili e fiscali.<\/span><\/p><p><span style=\"color: #000000;\"><strong>Articolo 6: I vostri diritti<br \/><\/strong>Conformemente al Regolamento Generale sulla Protezione dei Dati 2016\/679 del 27 aprile 2016, ogni persona ha il diritto di accedere, rettificare, cancellare, limitare e opporsi al trattamento dei suoi dati personali, cos\u00ec come il diritto alla portabilit\u00e0 di questi dati. Questi diritti possono essere esercitati contattando SoTrends all&#8217;indirizzo seguente: <a style=\"color: #000000;\" rel=\"noreferrer\">support@sotrends.com<\/a>. Le persone hanno anche il diritto di presentare un reclamo alla CNIL e, dalla legge n\u00b02016-1321 del 7 ottobre 2016, possono organizzare il destino dei loro dati dopo la loro morte. Per ulteriori informazioni sull&#8217;argomento: <a style=\"color: #000000;\" href=\"https:\/\/www.cnil.fr\/\" target=\"_new\" rel=\"noreferrer\">https:\/\/www.cnil.fr\/<\/a>.<\/span><\/p><p><span style=\"color: #000000;\"><strong>Articolo 7: Politica sulla gestione dei cookie<br \/><\/strong>Il nostro sito utilizza cookie per migliorare l&#8217;esperienza utente sul suo sito internet e sulla sua applicazione. I cookie sono file di testo memorizzati sul vostro computer o dispositivo mobile che raccolgono informazioni sulla vostra navigazione.<\/span><\/p><p><span style=\"color: #000000;\"><strong>Articolo 8: Modifiche alla Politica sulla Privacy<br \/><\/strong>Ci riserviamo il diritto di modificare questa Politica sulla Privacy in qualsiasi momento e senza preavviso. Gli utenti sono invitati a consultare regolarmente questa politica per essere informati sulle modifiche.<\/span><\/p><p><span style=\"color: #000000;\"><!-- \/wp:paragraph --><\/span><\/p>\t\t\t\t\t\t\t\t<\/div>\n\t\t\t\t<\/div>\n\t\t\t\t\t<\/div>\n\t\t<\/div>\n\t\t\t\t\t<\/div>\n\t\t<\/section>\n\t\t\t\t<section class=\"elementor-section elementor-top-section elementor-element elementor-element-6f354a4f elementor-section-boxed elementor-section-height-default elementor-section-height-default\" data-id=\"6f354a4f\" data-element_type=\"section\" data-e-type=\"section\">\n\t\t\t\t\t\t<div class=\"elementor-container elementor-column-gap-default\">\n\t\t\t\t\t<div class=\"elementor-column elementor-col-100 elementor-top-column elementor-element elementor-element-b9a51e1\" data-id=\"b9a51e1\" data-element_type=\"column\" data-e-type=\"column\">\n\t\t\t<div class=\"elementor-widget-wrap elementor-element-populated\">\n\t\t\t\t\t\t<div class=\"elementor-element elementor-element-19ffb14b elementor-widget elementor-widget-html\" data-id=\"19ffb14b\" data-element_type=\"widget\" data-e-type=\"widget\" data-widget_type=\"html.default\">\n\t\t\t\t<div class=\"elementor-widget-container\">\n\t\t\t\t\t\t<!-- Taboola Pixel Code -->\n<script type='text\/javascript'>\n  window._tfa = window._tfa || [];\n  window._tfa.push({notify: 'event', name: 'page_view', id: 1548203});\n  !function (t, f, a, x) {\n         if (!document.getElementById(x)) {\n            t.async = 1;t.src = a;t.id=x;f.parentNode.insertBefore(t, f);\n         }\n  }(document.createElement('script'),\n  document.getElementsByTagName('script')[0],\n  '\/\/cdn.taboola.com\/libtrc\/unip\/1548203\/tfa.js',\n  'tb_tfa_script');\n<\/script>\n<!-- End of Taboola Pixel Code -->\n\t\n\t<!-- Taboola Pixel Code -->\n<script type='text\/javascript'>\n  window._tfa = window._tfa || [];\n  window._tfa.push({notify: 'event', name: 'page_view', id: 1553975});\n  !function (t, f, a, x) {\n         if (!document.getElementById(x)) {\n            t.async = 1;t.src = a;t.id=x;f.parentNode.insertBefore(t, f);\n         }\n  }(document.createElement('script'),\n  document.getElementsByTagName('script')[0],\n  '\/\/cdn.taboola.com\/libtrc\/unip\/1553975\/tfa.js',\n  'tb_tfa_script');\n<\/script>\n<!-- End of Taboola Pixel Code -->\n\t\n\t<!-- Google tag (gtag.js) -->\n<script async src=\"https:\/\/www.googletagmanager.com\/gtag\/js?id=G-9CX17QVX2N\"><\/script>\n<script>\n  window.dataLayer = window.dataLayer || [];\n  function gtag(){dataLayer.push(arguments);}\n  gtag('js', new Date());\n\n  gtag('config', 'G-9CX17QVX2N');\n<\/script>\t\t\t\t<\/div>\n\t\t\t\t<\/div>\n\t\t\t\t\t<\/div>\n\t\t<\/div>\n\t\t\t\t\t<\/div>\n\t\t<\/section>\n\t\t\t\t<section class=\"elementor-section elementor-top-section elementor-element elementor-element-681b2ee0 elementor-section-full_width elementor-section-height-default elementor-section-height-default\" data-id=\"681b2ee0\" data-element_type=\"section\" data-e-type=\"section\" data-settings=\"{&quot;background_background&quot;:&quot;classic&quot;}\">\n\t\t\t\t\t\t<div class=\"elementor-container elementor-column-gap-no\">\n\t\t\t\t\t<div class=\"elementor-column elementor-col-100 elementor-top-column elementor-element elementor-element-286fe3a2\" data-id=\"286fe3a2\" data-element_type=\"column\" data-e-type=\"column\">\n\t\t\t<div class=\"elementor-widget-wrap elementor-element-populated\">\n\t\t\t\t\t\t<section class=\"elementor-section elementor-inner-section elementor-element elementor-element-6b56b541 elementor-section-boxed elementor-section-height-default elementor-section-height-default\" data-id=\"6b56b541\" data-element_type=\"section\" data-e-type=\"section\">\n\t\t\t\t\t\t<div class=\"elementor-container elementor-column-gap-default\">\n\t\t\t\t\t<div class=\"elementor-column elementor-col-25 elementor-inner-column elementor-element elementor-element-2ae7997e\" data-id=\"2ae7997e\" data-element_type=\"column\" data-e-type=\"column\">\n\t\t\t<div class=\"elementor-widget-wrap elementor-element-populated\">\n\t\t\t\t\t\t<div class=\"elementor-element elementor-element-7298d0aa elementor-widget elementor-widget-image\" data-id=\"7298d0aa\" data-element_type=\"widget\" data-e-type=\"widget\" data-widget_type=\"image.default\">\n\t\t\t\t<div class=\"elementor-widget-container\">\n\t\t\t\t\t\t\t\t\t\t\t\t\t\t\t<img decoding=\"async\" width=\"180\" height=\"59\" src=\"https:\/\/sotrends.com\/wp-content\/uploads\/2023\/04\/footer-3.png\" class=\"attachment-large size-large wp-image-6113\" alt=\"\" \/>\t\t\t\t\t\t\t\t\t\t\t\t\t\t\t<\/div>\n\t\t\t\t<\/div>\n\t\t\t\t\t<\/div>\n\t\t<\/div>\n\t\t\t\t<div class=\"elementor-column elementor-col-25 elementor-inner-column elementor-element elementor-element-56ee96c\" data-id=\"56ee96c\" data-element_type=\"column\" data-e-type=\"column\">\n\t\t\t<div class=\"elementor-widget-wrap elementor-element-populated\">\n\t\t\t\t\t\t<div class=\"elementor-element elementor-element-79762c07 elementor-widget elementor-widget-heading\" data-id=\"79762c07\" data-element_type=\"widget\" data-e-type=\"widget\" data-widget_type=\"heading.default\">\n\t\t\t\t<div class=\"elementor-widget-container\">\n\t\t\t\t\t<h2 class=\"elementor-heading-title elementor-size-default\"><a href=\"https:\/\/sotrends.com\/it\/politica-sulla-privacy\/\">Politica sulla Privacy<\/a><\/h2>\t\t\t\t<\/div>\n\t\t\t\t<\/div>\n\t\t\t\t<div class=\"elementor-element elementor-element-e02bd04 elementor-widget elementor-widget-heading\" data-id=\"e02bd04\" data-element_type=\"widget\" data-e-type=\"widget\" data-widget_type=\"heading.default\">\n\t\t\t\t<div class=\"elementor-widget-container\">\n\t\t\t\t\t<h2 class=\"elementor-heading-title elementor-size-default\"><a href=\"https:\/\/sotrends.com\/it\/condizioni-di-vendita\/\">Condizioni di Vendita<\/a><\/h2>\t\t\t\t<\/div>\n\t\t\t\t<\/div>\n\t\t\t\t<div class=\"elementor-element elementor-element-1532349d elementor-widget elementor-widget-heading\" data-id=\"1532349d\" data-element_type=\"widget\" data-e-type=\"widget\" data-widget_type=\"heading.default\">\n\t\t\t\t<div class=\"elementor-widget-container\">\n\t\t\t\t\t<h2 class=\"elementor-heading-title elementor-size-default\"><a href=\"https:\/\/sotrends.com\/it\/faq\/\">FAQ<\/a><\/h2>\t\t\t\t<\/div>\n\t\t\t\t<\/div>\n\t\t\t\t\t<\/div>\n\t\t<\/div>\n\t\t\t\t<div class=\"elementor-column elementor-col-25 elementor-inner-column elementor-element elementor-element-7d040b88\" data-id=\"7d040b88\" data-element_type=\"column\" data-e-type=\"column\">\n\t\t\t<div class=\"elementor-widget-wrap elementor-element-populated\">\n\t\t\t\t\t\t<div class=\"elementor-element elementor-element-7de37339 elementor-widget elementor-widget-heading\" data-id=\"7de37339\" data-element_type=\"widget\" data-e-type=\"widget\" data-widget_type=\"heading.default\">\n\t\t\t\t<div class=\"elementor-widget-container\">\n\t\t\t\t\t<h2 class=\"elementor-heading-title elementor-size-default\"><a href=\"https:\/\/sotrends.com\/it\/resi-e-garanzie\/\">Resi e Garanzie<\/a><\/h2>\t\t\t\t<\/div>\n\t\t\t\t<\/div>\n\t\t\t\t<div class=\"elementor-element elementor-element-218fec7 elementor-widget elementor-widget-heading\" data-id=\"218fec7\" data-element_type=\"widget\" data-e-type=\"widget\" data-widget_type=\"heading.default\">\n\t\t\t\t<div class=\"elementor-widget-container\">\n\t\t\t\t\t<h2 class=\"elementor-heading-title elementor-size-default\"><a href=\"https:\/\/sotrends.com\/it\/contatto\/\">Contatto<\/a><\/h2>\t\t\t\t<\/div>\n\t\t\t\t<\/div>\n\t\t\t\t\t<\/div>\n\t\t<\/div>\n\t\t\t\t<div class=\"elementor-column elementor-col-25 elementor-inner-column elementor-element elementor-element-5f813ef7\" data-id=\"5f813ef7\" data-element_type=\"column\" data-e-type=\"column\">\n\t\t\t<div class=\"elementor-widget-wrap elementor-element-populated\">\n\t\t\t\t\t\t<div class=\"elementor-element elementor-element-42dd8dff elementor-widget elementor-widget-image\" data-id=\"42dd8dff\" data-element_type=\"widget\" data-e-type=\"widget\" data-widget_type=\"image.default\">\n\t\t\t\t<div class=\"elementor-widget-container\">\n\t\t\t\t\t\t\t\t\t\t\t\t\t\t\t<img decoding=\"async\" width=\"1024\" height=\"367\" src=\"https:\/\/sotrends.com\/wp-content\/uploads\/2023\/04\/pngegg-8-1024x367.png\" class=\"attachment-large size-large wp-image-7135\" alt=\"\" srcset=\"https:\/\/sotrends.com\/wp-content\/uploads\/2023\/04\/pngegg-8-1024x367.png 1024w, https:\/\/sotrends.com\/wp-content\/uploads\/2023\/04\/pngegg-8-300x108.png 300w, https:\/\/sotrends.com\/wp-content\/uploads\/2023\/04\/pngegg-8-768x275.png 768w, https:\/\/sotrends.com\/wp-content\/uploads\/2023\/04\/pngegg-8-1140x409.png 1140w, https:\/\/sotrends.com\/wp-content\/uploads\/2023\/04\/pngegg-8-920x330.png 920w, https:\/\/sotrends.com\/wp-content\/uploads\/2023\/04\/pngegg-8-575x206.png 575w, https:\/\/sotrends.com\/wp-content\/uploads\/2023\/04\/pngegg-8-380x136.png 380w, https:\/\/sotrends.com\/wp-content\/uploads\/2023\/04\/pngegg-8-800x287.png 800w, https:\/\/sotrends.com\/wp-content\/uploads\/2023\/04\/pngegg-8-64x23.png 64w, https:\/\/sotrends.com\/wp-content\/uploads\/2023\/04\/pngegg-8.png 1400w\" sizes=\"(max-width: 1024px) 100vw, 1024px\" \/>\t\t\t\t\t\t\t\t\t\t\t\t\t\t\t<\/div>\n\t\t\t\t<\/div>\n\t\t\t\t\t<\/div>\n\t\t<\/div>\n\t\t\t\t\t<\/div>\n\t\t<\/section>\n\t\t\t\t<section class=\"elementor-section elementor-inner-section elementor-element elementor-element-71ac9bd3 elementor-reverse-mobile elementor-section-boxed elementor-section-height-default elementor-section-height-default\" data-id=\"71ac9bd3\" data-element_type=\"section\" data-e-type=\"section\">\n\t\t\t\t\t\t<div class=\"elementor-container elementor-column-gap-default\">\n\t\t\t\t\t<div class=\"elementor-column elementor-col-100 elementor-inner-column elementor-element elementor-element-6fde35ed\" data-id=\"6fde35ed\" data-element_type=\"column\" data-e-type=\"column\">\n\t\t\t<div class=\"elementor-widget-wrap elementor-element-populated\">\n\t\t\t\t\t\t<div class=\"elementor-element elementor-element-51f78410 elementor-widget elementor-widget-heading\" data-id=\"51f78410\" data-element_type=\"widget\" data-e-type=\"widget\" data-widget_type=\"heading.default\">\n\t\t\t\t<div class=\"elementor-widget-container\">\n\t\t\t\t\t<h2 class=\"elementor-heading-title elementor-size-default\">Copyright \u00a9 2025 Sotrends<\/h2>\t\t\t\t<\/div>\n\t\t\t\t<\/div>\n\t\t\t\t\t<\/div>\n\t\t<\/div>\n\t\t\t\t\t<\/div>\n\t\t<\/section>\n\t\t\t\t\t<\/div>\n\t\t<\/div>\n\t\t\t\t\t<\/div>\n\t\t<\/section>\n\t\t\t\t<\/div>\n\t\t","protected":false},"excerpt":{"rendered":"<p>Politica sulla privacy La nostra politica sulla privacy descrive le pratiche di raccolta e utilizzo dei dati personali. Diamo grande importanza al rispetto della privacy e alla protezione dei dati [&hellip;]<\/p>\n","protected":false},"author":2,"featured_media":0,"parent":0,"menu_order":0,"comment_status":"closed","ping_status":"closed","template":"elementor_canvas","meta":{"footnotes":""},"class_list":["post-97282","page","type-page","status-publish","hentry"],"lang":"it","translations":{"it":97282,"de":44793,"en":251,"fr":79529,"es":107952,"he":240545,"fi":253428,"da":253700,"pl":258326,"cs":260444,"ja":263899,"lt":269117},"_links":{"self":[{"href":"https:\/\/sotrends.com\/it\/wp-json\/wp\/v2\/pages\/97282","targetHints":{"allow":["GET"]}}],"collection":[{"href":"https:\/\/sotrends.com\/it\/wp-json\/wp\/v2\/pages"}],"about":[{"href":"https:\/\/sotrends.com\/it\/wp-json\/wp\/v2\/types\/page"}],"author":[{"embeddable":true,"href":"https:\/\/sotrends.com\/it\/wp-json\/wp\/v2\/users\/2"}],"replies":[{"embeddable":true,"href":"https:\/\/sotrends.com\/it\/wp-json\/wp\/v2\/comments?post=97282"}],"version-history":[{"count":32,"href":"https:\/\/sotrends.com\/it\/wp-json\/wp\/v2\/pages\/97282\/revisions"}],"predecessor-version":[{"id":192504,"href":"https:\/\/sotrends.com\/it\/wp-json\/wp\/v2\/pages\/97282\/revisions\/192504"}],"wp:attachment":[{"href":"https:\/\/sotrends.com\/it\/wp-json\/wp\/v2\/media?parent=97282"}],"curies":[{"name":"wp","href":"https:\/\/api.w.org\/{rel}","templated":true}]}}