{"id":79529,"date":"2024-05-02T13:45:44","date_gmt":"2024-05-02T16:45:44","guid":{"rendered":"https:\/\/sotrends.com\/?page_id=79529"},"modified":"2025-01-14T15:04:42","modified_gmt":"2025-01-14T18:04:42","slug":"politique-de-confidentialite","status":"publish","type":"page","link":"https:\/\/sotrends.com\/fr\/politique-de-confidentialite\/","title":{"rendered":"Politique de confidentialit\u00e9"},"content":{"rendered":"\t\t<div data-elementor-type=\"wp-page\" data-elementor-id=\"79529\" class=\"elementor elementor-79529\" data-elementor-post-type=\"page\">\n\t\t\t\t\t\t<section class=\"elementor-section elementor-inner-section elementor-element elementor-element-1ed110e4 elementor-section-boxed elementor-section-height-default elementor-section-height-default\" data-id=\"1ed110e4\" data-element_type=\"section\" data-e-type=\"section\">\n\t\t\t\t\t\t<div class=\"elementor-container elementor-column-gap-default\">\n\t\t\t\t\t<div class=\"elementor-column elementor-col-33 elementor-inner-column elementor-element elementor-element-26d7d67a\" data-id=\"26d7d67a\" data-element_type=\"column\" data-e-type=\"column\">\n\t\t\t<div class=\"elementor-widget-wrap elementor-element-populated\">\n\t\t\t\t\t\t<div class=\"elementor-element elementor-element-2a491a08 elementor-nav-menu__align-center elementor-hidden-tablet elementor-hidden-mobile elementor-nav-menu--dropdown-tablet elementor-nav-menu__text-align-aside elementor-nav-menu--toggle elementor-nav-menu--burger elementor-widget elementor-widget-nav-menu\" data-id=\"2a491a08\" data-element_type=\"widget\" data-e-type=\"widget\" data-settings=\"{&quot;layout&quot;:&quot;horizontal&quot;,&quot;submenu_icon&quot;:{&quot;value&quot;:&quot;&lt;i class=\\&quot;fas fa-caret-down\\&quot; aria-hidden=\\&quot;true\\&quot;&gt;&lt;\\\/i&gt;&quot;,&quot;library&quot;:&quot;fa-solid&quot;},&quot;toggle&quot;:&quot;burger&quot;}\" data-widget_type=\"nav-menu.default\">\n\t\t\t\t<div class=\"elementor-widget-container\">\n\t\t\t\t\t\t\t\t<nav aria-label=\"Menu\" class=\"elementor-nav-menu--main elementor-nav-menu__container elementor-nav-menu--layout-horizontal e--pointer-text e--animation-none\">\n\t\t\t\t<ul id=\"menu-1-2a491a08\" class=\"elementor-nav-menu\"><li class=\"menu-item menu-item-type-custom menu-item-object-custom menu-item-home menu-item-79691 botiga-dropdown-li\"><a href=\"https:\/\/sotrends.com\/fr\/\" class=\"botiga-dropdown-link elementor-item\">Accueil<\/a><\/li>\n<li class=\"menu-item menu-item-type-post_type menu-item-object-page menu-item-79692 botiga-dropdown-li\"><a href=\"https:\/\/sotrends.com\/fr\/faq\/\" class=\"botiga-dropdown-link elementor-item\">FAQ<\/a><\/li>\n<\/ul>\t\t\t<\/nav>\n\t\t\t\t\t<div class=\"elementor-menu-toggle\" role=\"button\" tabindex=\"0\" aria-label=\"Permuter le menu\" aria-expanded=\"false\">\n\t\t\t<i aria-hidden=\"true\" role=\"presentation\" class=\"elementor-menu-toggle__icon--open eicon-menu-bar\"><\/i><i aria-hidden=\"true\" role=\"presentation\" class=\"elementor-menu-toggle__icon--close eicon-close\"><\/i>\t\t<\/div>\n\t\t\t\t\t<nav class=\"elementor-nav-menu--dropdown elementor-nav-menu__container\" aria-hidden=\"true\">\n\t\t\t\t<ul id=\"menu-2-2a491a08\" class=\"elementor-nav-menu\"><li class=\"menu-item menu-item-type-custom menu-item-object-custom menu-item-home menu-item-79691 botiga-dropdown-li\"><a href=\"https:\/\/sotrends.com\/fr\/\" class=\"botiga-dropdown-link elementor-item\" tabindex=\"-1\">Accueil<\/a><\/li>\n<li class=\"menu-item menu-item-type-post_type menu-item-object-page menu-item-79692 botiga-dropdown-li\"><a href=\"https:\/\/sotrends.com\/fr\/faq\/\" class=\"botiga-dropdown-link elementor-item\" tabindex=\"-1\">FAQ<\/a><\/li>\n<\/ul>\t\t\t<\/nav>\n\t\t\t\t\t\t<\/div>\n\t\t\t\t<\/div>\n\t\t\t\t<div class=\"elementor-element elementor-element-1b4b02db elementor-hidden-desktop elementor-view-default elementor-widget elementor-widget-icon\" data-id=\"1b4b02db\" data-element_type=\"widget\" data-e-type=\"widget\" data-widget_type=\"icon.default\">\n\t\t\t\t<div class=\"elementor-widget-container\">\n\t\t\t\t\t\t\t<div class=\"elementor-icon-wrapper\">\n\t\t\t<a class=\"elementor-icon\" href=\"#elementor-action%3Aaction%3Dpopup%3Aopen%26settings%3DeyJpZCI6Ijc5NzA0IiwidG9nZ2xlIjpmYWxzZX0%3D\">\n\t\t\t<i aria-hidden=\"true\" class=\"fas fa-bars\"><\/i>\t\t\t<\/a>\n\t\t<\/div>\n\t\t\t\t\t\t<\/div>\n\t\t\t\t<\/div>\n\t\t\t\t\t<\/div>\n\t\t<\/div>\n\t\t\t\t<div class=\"elementor-column elementor-col-33 elementor-inner-column elementor-element elementor-element-3ee3124b\" data-id=\"3ee3124b\" data-element_type=\"column\" data-e-type=\"column\">\n\t\t\t<div class=\"elementor-widget-wrap elementor-element-populated\">\n\t\t\t\t\t\t<div class=\"elementor-element elementor-element-12cba5e8 elementor-widget elementor-widget-theme-site-logo elementor-widget-image\" data-id=\"12cba5e8\" data-element_type=\"widget\" data-e-type=\"widget\" data-widget_type=\"theme-site-logo.default\">\n\t\t\t\t<div class=\"elementor-widget-container\">\n\t\t\t\t\t\t\t\t\t\t\t<a href=\"https:\/\/sotrends.com\/fr\/\">\n\t\t\t<img fetchpriority=\"high\" decoding=\"async\" width=\"500\" height=\"152\" src=\"https:\/\/sotrends.com\/wp-content\/uploads\/2023\/04\/logo5.png\" class=\"attachment-full size-full wp-image-5982\" alt=\"\" srcset=\"https:\/\/sotrends.com\/wp-content\/uploads\/2023\/04\/logo5.png 500w, https:\/\/sotrends.com\/wp-content\/uploads\/2023\/04\/logo5-300x91.png 300w, https:\/\/sotrends.com\/wp-content\/uploads\/2023\/04\/logo5-380x116.png 380w\" sizes=\"(max-width: 500px) 100vw, 500px\" \/>\t\t\t\t<\/a>\n\t\t\t\t\t\t\t\t\t\t\t<\/div>\n\t\t\t\t<\/div>\n\t\t\t\t\t<\/div>\n\t\t<\/div>\n\t\t\t\t<div class=\"elementor-column elementor-col-33 elementor-inner-column elementor-element elementor-element-190d559e\" data-id=\"190d559e\" data-element_type=\"column\" data-e-type=\"column\">\n\t\t\t<div class=\"elementor-widget-wrap elementor-element-populated\">\n\t\t\t\t\t\t<div class=\"elementor-element elementor-element-2d4163d3 elementor-nav-menu__align-center elementor-hidden-tablet elementor-hidden-mobile elementor-nav-menu--dropdown-tablet elementor-nav-menu__text-align-aside elementor-nav-menu--toggle elementor-nav-menu--burger elementor-widget elementor-widget-nav-menu\" data-id=\"2d4163d3\" data-element_type=\"widget\" data-e-type=\"widget\" data-settings=\"{&quot;layout&quot;:&quot;horizontal&quot;,&quot;submenu_icon&quot;:{&quot;value&quot;:&quot;&lt;i class=\\&quot;fas fa-caret-down\\&quot; aria-hidden=\\&quot;true\\&quot;&gt;&lt;\\\/i&gt;&quot;,&quot;library&quot;:&quot;fa-solid&quot;},&quot;toggle&quot;:&quot;burger&quot;}\" data-widget_type=\"nav-menu.default\">\n\t\t\t\t<div class=\"elementor-widget-container\">\n\t\t\t\t\t\t\t\t<nav aria-label=\"Menu\" class=\"elementor-nav-menu--main elementor-nav-menu__container elementor-nav-menu--layout-horizontal e--pointer-text e--animation-none\">\n\t\t\t\t<ul id=\"menu-1-2d4163d3\" class=\"elementor-nav-menu\"><li class=\"menu-item menu-item-type-custom menu-item-object-custom menu-item-79696 botiga-dropdown-li\"><a href=\"https:\/\/parcelsapp.com\/fr\/tracking\" class=\"botiga-dropdown-link elementor-item\">Suivi de commande<\/a><\/li>\n<li class=\"menu-item menu-item-type-post_type menu-item-object-page menu-item-79697 botiga-dropdown-li\"><a href=\"https:\/\/sotrends.com\/fr\/contact\/\" class=\"botiga-dropdown-link elementor-item\">Contact<\/a><\/li>\n<\/ul>\t\t\t<\/nav>\n\t\t\t\t\t<div class=\"elementor-menu-toggle\" role=\"button\" tabindex=\"0\" aria-label=\"Permuter le menu\" aria-expanded=\"false\">\n\t\t\t<i aria-hidden=\"true\" role=\"presentation\" class=\"elementor-menu-toggle__icon--open eicon-menu-bar\"><\/i><i aria-hidden=\"true\" role=\"presentation\" class=\"elementor-menu-toggle__icon--close eicon-close\"><\/i>\t\t<\/div>\n\t\t\t\t\t<nav class=\"elementor-nav-menu--dropdown elementor-nav-menu__container\" aria-hidden=\"true\">\n\t\t\t\t<ul id=\"menu-2-2d4163d3\" class=\"elementor-nav-menu\"><li class=\"menu-item menu-item-type-custom menu-item-object-custom menu-item-79696 botiga-dropdown-li\"><a href=\"https:\/\/parcelsapp.com\/fr\/tracking\" class=\"botiga-dropdown-link elementor-item\" tabindex=\"-1\">Suivi de commande<\/a><\/li>\n<li class=\"menu-item menu-item-type-post_type menu-item-object-page menu-item-79697 botiga-dropdown-li\"><a href=\"https:\/\/sotrends.com\/fr\/contact\/\" class=\"botiga-dropdown-link elementor-item\" tabindex=\"-1\">Contact<\/a><\/li>\n<\/ul>\t\t\t<\/nav>\n\t\t\t\t\t\t<\/div>\n\t\t\t\t<\/div>\n\t\t\t\t\t<\/div>\n\t\t<\/div>\n\t\t\t\t\t<\/div>\n\t\t<\/section>\n\t\t\t\t<section class=\"elementor-section elementor-top-section elementor-element elementor-element-7f8b6bd2 elementor-section-boxed elementor-section-height-default elementor-section-height-default\" data-id=\"7f8b6bd2\" data-element_type=\"section\" data-e-type=\"section\">\n\t\t\t\t\t\t<div class=\"elementor-container elementor-column-gap-default\">\n\t\t\t\t\t<div class=\"elementor-column elementor-col-100 elementor-top-column elementor-element elementor-element-4e749591\" data-id=\"4e749591\" data-element_type=\"column\" data-e-type=\"column\">\n\t\t\t<div class=\"elementor-widget-wrap elementor-element-populated\">\n\t\t\t\t\t\t<div class=\"elementor-element elementor-element-74ef2131 elementor-widget elementor-widget-text-editor\" data-id=\"74ef2131\" data-element_type=\"widget\" data-e-type=\"widget\" data-widget_type=\"text-editor.default\">\n\t\t\t\t<div class=\"elementor-widget-container\">\n\t\t\t\t\t\t\t\t\t<h2 style=\"text-align: center;\"><span style=\"color: #000000;\">Politique de confidentialit\u00e9<\/span><\/h2><p><span style=\"color: #000000;\">Notre politique de confidentialit\u00e9 d\u00e9crit les pratiques de collecte et d&#8217;utilisation des donn\u00e9es personnelles. Nous accordons une grande importance au respect de la vie priv\u00e9e et \u00e0 la protection des donn\u00e9es personnelles, et nous nous engageons \u00e0 mettre en place des mesures appropri\u00e9es pour garantir la s\u00e9curit\u00e9 de ces donn\u00e9es et \u00e0 les traiter et utiliser conform\u00e9ment aux lois et r\u00e9glementations applicables, notamment le RGPD et la loi informatique et libert\u00e9s.<\/span><\/p><p><strong><span style=\"color: #000000;\">Article 1 : Responsabilit\u00e9 de la collecte des donn\u00e9es<\/span><\/strong><br \/><span style=\"color: #000000;\">Les donn\u00e9es sont collect\u00e9es par SoTrends. Conform\u00e9ment \u00e0 l&#8217;article 24 du R\u00e8glement G\u00e9n\u00e9ral sur la Protection des Donn\u00e9es 2016\/679 du 27 avril 2016, SoTrends est responsable de la gestion de ces donn\u00e9es. Un d\u00e9l\u00e9gu\u00e9 \u00e0 la protection des donn\u00e9es personnelles a \u00e9t\u00e9 nomm\u00e9 et peut \u00eatre contact\u00e9 par email \u00e0 l&#8217;adresse support@sotrends.com pour toute question li\u00e9e \u00e0 la protection des donn\u00e9es.<\/span><\/p><p><strong><span style=\"color: #000000;\">Article 2 : Collecte et utilisation des donn\u00e9es<\/span><\/strong><br \/><span style=\"color: #000000;\">En tant que responsable de la collecte des donn\u00e9es, SoTrends est tenue de collecter, consulter, utiliser, modifier, stocker, transmettre et effacer des donn\u00e9es \u00e0 caract\u00e8re personnel pour les besoins de ses activit\u00e9s commerciales et contractuelles. Conform\u00e9ment \u00e0 l&#8217;article 4 du R\u00e8glement G\u00e9n\u00e9ral de Protection des Donn\u00e9es 2016\/679 du 27 avril 2016, les donn\u00e9es collect\u00e9es concernent des informations relatives \u00e0 une personne physique identifi\u00e9e ou identifiable.<\/span><\/p><p><span style=\"color: #000000;\">SoTrends s&#8217;engage \u00e0 ne collecter les donn\u00e9es \u00e0 caract\u00e8re personnel que pour des finalit\u00e9s pr\u00e9cises, explicites et l\u00e9gitimes et \u00e0 ne pas utiliser ces donn\u00e9es de mani\u00e8re incompatible avec ces finalit\u00e9s. Les donn\u00e9es collect\u00e9es sont ad\u00e9quates, pertinentes et non excessives en fonction des finalit\u00e9s pour lesquelles elles sont collect\u00e9es.<\/span><br \/><span style=\"color: #000000;\">\u200bLes donn\u00e9es sont collect\u00e9es directement aupr\u00e8s des personnes concern\u00e9es lorsqu&#8217;elles cr\u00e9ent un espace personnel.<\/span><\/p><p><strong><span style=\"color: #000000;\">Article 3 : H\u00e9bergement des Donn\u00e9es<\/span><\/strong><br \/><span style=\"color: #000000;\">Les donn\u00e9es collect\u00e9es et trait\u00e9es par SoTrends sont stock\u00e9es dans l&#8217;Union Europ\u00e9enne.<\/span><\/p><p><strong><span style=\"color: #000000;\">ARTICLE 4 : Destination des Donn\u00e9es collect\u00e9es<\/span><\/strong><br \/><span style=\"color: #000000;\">SoTrends est le seul destinataire des donn\u00e9es collect\u00e9es, et s&#8217;engage \u00e0 ne pas les transmettre \u00e0 des tiers \u00e0 moins que cela ne soit exig\u00e9 par une demande judiciaire.<\/span><\/p><p><strong><span style=\"color: #000000;\">Article 5 : Dur\u00e9e de conservation des donn\u00e9es<\/span><\/strong><br \/><span style=\"color: #000000;\">Les donn\u00e9es sont conserv\u00e9es pour une dur\u00e9e adapt\u00e9e aux finalit\u00e9s des traitements et conform\u00e9ment aux lois et r\u00e9glementations en vigueur. Les donn\u00e9es des clients sont conserv\u00e9es pendant la dur\u00e9e de la relation contractuelle, et peuvent \u00eatre conserv\u00e9es pendant dix ans apr\u00e8s la rupture de la relation contractuelle pour respecter les obligations comptables et fiscales.<\/span><\/p><p><strong><span style=\"color: #000000;\">Article 6 : Vos droits<\/span><\/strong><br \/><span style=\"color: #000000;\">Conform\u00e9ment au R\u00e8glement G\u00e9n\u00e9ral sur la Protection des Donn\u00e9es 2016\/679 du 27 avril 2016, chaque personne a le droit d&#8217;acc\u00e9der, de rectifier, d&#8217;effacer, de limiter et de s&#8217;opposer au traitement de ses donn\u00e9es \u00e0 caract\u00e8re personnel, ainsi qu&#8217;un droit \u00e0 la portabilit\u00e9 de ces donn\u00e9es. Ces droits peuvent \u00eatre exerc\u00e9s en contactant SoTrends \u00e0 l&#8217;adresse suivante : support@sotrends.com. Les personnes ont \u00e9galement le droit de d\u00e9poser une r\u00e9clamation aupr\u00e8s de la CNIL, et depuis la loi n\u00b02016-1321 du 7 octobre 2016, peuvent organiser le sort de leurs donn\u00e9es apr\u00e8s leur d\u00e9c\u00e8s. Pour plus d&#8217;information sur le sujet\u202f: https:\/\/www.cnil.fr\/.<\/span><\/p><p><strong><span style=\"color: #000000;\">Article 7 : Politique de gestion des cookies<\/span><\/strong><br \/><span style=\"color: #000000;\">Notre site utilise des cookies pour am\u00e9liorer l&#8217;exp\u00e9rience utilisateur sur son site internet et son application. Les cookies sont des fichiers texte stock\u00e9s sur votre ordinateur ou appareil mobile qui collectent des informations sur votre navigation.<\/span><\/p><p><strong><span style=\"color: #000000;\">Article 8 : Modifications de la Politique de Confidentialit\u00e9<\/span><\/strong><br \/><span style=\"color: #000000;\">Nous nous r\u00e9servons le droit de modifier cette Politique de Confidentialit\u00e9 \u00e0 tout moment et sans pr\u00e9avis. Les utilisateurs sont invit\u00e9s \u00e0 consulter r\u00e9guli\u00e8rement cette politique pour prendre connaissance des modifications.<\/span><\/p><p><span style=\"color: #000000;\"><!-- \/wp:paragraph --><\/span><\/p>\t\t\t\t\t\t\t\t<\/div>\n\t\t\t\t<\/div>\n\t\t\t\t\t<\/div>\n\t\t<\/div>\n\t\t\t\t\t<\/div>\n\t\t<\/section>\n\t\t\t\t<section class=\"elementor-section elementor-top-section elementor-element elementor-element-6f354a4f elementor-section-boxed elementor-section-height-default elementor-section-height-default\" data-id=\"6f354a4f\" data-element_type=\"section\" data-e-type=\"section\">\n\t\t\t\t\t\t<div class=\"elementor-container elementor-column-gap-default\">\n\t\t\t\t\t<div class=\"elementor-column elementor-col-100 elementor-top-column elementor-element elementor-element-b9a51e1\" data-id=\"b9a51e1\" data-element_type=\"column\" data-e-type=\"column\">\n\t\t\t<div class=\"elementor-widget-wrap elementor-element-populated\">\n\t\t\t\t\t\t<div class=\"elementor-element elementor-element-19ffb14b elementor-widget elementor-widget-html\" data-id=\"19ffb14b\" data-element_type=\"widget\" data-e-type=\"widget\" data-widget_type=\"html.default\">\n\t\t\t\t<div class=\"elementor-widget-container\">\n\t\t\t\t\t\t<!-- Taboola Pixel Code -->\n<script type='text\/javascript'>\n  window._tfa = window._tfa || [];\n  window._tfa.push({notify: 'event', name: 'page_view', id: 1548203});\n  !function (t, f, a, x) {\n         if (!document.getElementById(x)) {\n            t.async = 1;t.src = a;t.id=x;f.parentNode.insertBefore(t, f);\n         }\n  }(document.createElement('script'),\n  document.getElementsByTagName('script')[0],\n  '\/\/cdn.taboola.com\/libtrc\/unip\/1548203\/tfa.js',\n  'tb_tfa_script');\n<\/script>\n<!-- End of Taboola Pixel Code -->\n\t\n\t<!-- Taboola Pixel Code -->\n<script type='text\/javascript'>\n  window._tfa = window._tfa || [];\n  window._tfa.push({notify: 'event', name: 'page_view', id: 1553975});\n  !function (t, f, a, x) {\n         if (!document.getElementById(x)) {\n            t.async = 1;t.src = a;t.id=x;f.parentNode.insertBefore(t, f);\n         }\n  }(document.createElement('script'),\n  document.getElementsByTagName('script')[0],\n  '\/\/cdn.taboola.com\/libtrc\/unip\/1553975\/tfa.js',\n  'tb_tfa_script');\n<\/script>\n<!-- End of Taboola Pixel Code -->\n\t\n\t<!-- Google tag (gtag.js) -->\n<script async src=\"https:\/\/www.googletagmanager.com\/gtag\/js?id=G-9CX17QVX2N\"><\/script>\n<script>\n  window.dataLayer = window.dataLayer || [];\n  function gtag(){dataLayer.push(arguments);}\n  gtag('js', new Date());\n\n  gtag('config', 'G-9CX17QVX2N');\n<\/script>\t\t\t\t<\/div>\n\t\t\t\t<\/div>\n\t\t\t\t\t<\/div>\n\t\t<\/div>\n\t\t\t\t\t<\/div>\n\t\t<\/section>\n\t\t\t\t<section class=\"elementor-section elementor-top-section elementor-element elementor-element-681b2ee0 elementor-section-full_width elementor-section-height-default elementor-section-height-default\" data-id=\"681b2ee0\" data-element_type=\"section\" data-e-type=\"section\" data-settings=\"{&quot;background_background&quot;:&quot;classic&quot;}\">\n\t\t\t\t\t\t<div class=\"elementor-container elementor-column-gap-no\">\n\t\t\t\t\t<div class=\"elementor-column elementor-col-100 elementor-top-column elementor-element elementor-element-286fe3a2\" data-id=\"286fe3a2\" data-element_type=\"column\" data-e-type=\"column\">\n\t\t\t<div class=\"elementor-widget-wrap elementor-element-populated\">\n\t\t\t\t\t\t<section class=\"elementor-section elementor-inner-section elementor-element elementor-element-6b56b541 elementor-section-boxed elementor-section-height-default elementor-section-height-default\" data-id=\"6b56b541\" data-element_type=\"section\" data-e-type=\"section\">\n\t\t\t\t\t\t<div class=\"elementor-container elementor-column-gap-default\">\n\t\t\t\t\t<div class=\"elementor-column elementor-col-25 elementor-inner-column elementor-element elementor-element-2ae7997e\" data-id=\"2ae7997e\" data-element_type=\"column\" data-e-type=\"column\">\n\t\t\t<div class=\"elementor-widget-wrap elementor-element-populated\">\n\t\t\t\t\t\t<div class=\"elementor-element elementor-element-7298d0aa elementor-widget elementor-widget-image\" data-id=\"7298d0aa\" data-element_type=\"widget\" data-e-type=\"widget\" data-widget_type=\"image.default\">\n\t\t\t\t<div class=\"elementor-widget-container\">\n\t\t\t\t\t\t\t\t\t\t\t\t\t\t\t<img decoding=\"async\" width=\"180\" height=\"59\" src=\"https:\/\/sotrends.com\/wp-content\/uploads\/2023\/04\/footer-3.png\" class=\"attachment-large size-large wp-image-6113\" alt=\"\" \/>\t\t\t\t\t\t\t\t\t\t\t\t\t\t\t<\/div>\n\t\t\t\t<\/div>\n\t\t\t\t\t<\/div>\n\t\t<\/div>\n\t\t\t\t<div class=\"elementor-column elementor-col-25 elementor-inner-column elementor-element elementor-element-56ee96c\" data-id=\"56ee96c\" data-element_type=\"column\" data-e-type=\"column\">\n\t\t\t<div class=\"elementor-widget-wrap elementor-element-populated\">\n\t\t\t\t\t\t<div class=\"elementor-element elementor-element-79762c07 elementor-widget elementor-widget-heading\" data-id=\"79762c07\" data-element_type=\"widget\" data-e-type=\"widget\" data-widget_type=\"heading.default\">\n\t\t\t\t<div class=\"elementor-widget-container\">\n\t\t\t\t\t<h2 class=\"elementor-heading-title elementor-size-default\"><a href=\"https:\/\/sotrends.com\/fr\/politique-de-confidentialite\/\">Politique de confidentialit\u00e9<\/a><\/h2>\t\t\t\t<\/div>\n\t\t\t\t<\/div>\n\t\t\t\t<div class=\"elementor-element elementor-element-e02bd04 elementor-widget elementor-widget-heading\" data-id=\"e02bd04\" data-element_type=\"widget\" data-e-type=\"widget\" data-widget_type=\"heading.default\">\n\t\t\t\t<div class=\"elementor-widget-container\">\n\t\t\t\t\t<h2 class=\"elementor-heading-title elementor-size-default\"><a href=\"https:\/\/sotrends.com\/fr\/mentions-legales\/\">Mentions l\u00e9gales<\/a><\/h2>\t\t\t\t<\/div>\n\t\t\t\t<\/div>\n\t\t\t\t<div class=\"elementor-element elementor-element-1532349d elementor-widget elementor-widget-heading\" data-id=\"1532349d\" data-element_type=\"widget\" data-e-type=\"widget\" data-widget_type=\"heading.default\">\n\t\t\t\t<div class=\"elementor-widget-container\">\n\t\t\t\t\t<h2 class=\"elementor-heading-title elementor-size-default\"><a href=\"https:\/\/sotrends.com\/fr\/conditions-generales-de-vente\/\">CGV<\/a><\/h2>\t\t\t\t<\/div>\n\t\t\t\t<\/div>\n\t\t\t\t\t<\/div>\n\t\t<\/div>\n\t\t\t\t<div class=\"elementor-column elementor-col-25 elementor-inner-column elementor-element elementor-element-7d040b88\" data-id=\"7d040b88\" data-element_type=\"column\" data-e-type=\"column\">\n\t\t\t<div class=\"elementor-widget-wrap elementor-element-populated\">\n\t\t\t\t\t\t<div class=\"elementor-element elementor-element-7de37339 elementor-widget elementor-widget-heading\" data-id=\"7de37339\" data-element_type=\"widget\" data-e-type=\"widget\" data-widget_type=\"heading.default\">\n\t\t\t\t<div class=\"elementor-widget-container\">\n\t\t\t\t\t<h2 class=\"elementor-heading-title elementor-size-default\"><a href=\"https:\/\/sotrends.com\/fr\/retours-et-garanties\/\">Retours et Garanties<\/a><\/h2>\t\t\t\t<\/div>\n\t\t\t\t<\/div>\n\t\t\t\t<div class=\"elementor-element elementor-element-73869465 elementor-widget elementor-widget-heading\" data-id=\"73869465\" data-element_type=\"widget\" data-e-type=\"widget\" data-widget_type=\"heading.default\">\n\t\t\t\t<div class=\"elementor-widget-container\">\n\t\t\t\t\t<h2 class=\"elementor-heading-title elementor-size-default\"><a href=\"https:\/\/sotrends.com\/fr\/faq\/\">FAQ<\/a><\/h2>\t\t\t\t<\/div>\n\t\t\t\t<\/div>\n\t\t\t\t<div class=\"elementor-element elementor-element-218fec7 elementor-widget elementor-widget-heading\" data-id=\"218fec7\" data-element_type=\"widget\" data-e-type=\"widget\" data-widget_type=\"heading.default\">\n\t\t\t\t<div class=\"elementor-widget-container\">\n\t\t\t\t\t<h2 class=\"elementor-heading-title elementor-size-default\"><a href=\"https:\/\/sotrends.com\/fr\/contact\">Contact<\/a><\/h2>\t\t\t\t<\/div>\n\t\t\t\t<\/div>\n\t\t\t\t\t<\/div>\n\t\t<\/div>\n\t\t\t\t<div class=\"elementor-column elementor-col-25 elementor-inner-column elementor-element elementor-element-5f813ef7\" data-id=\"5f813ef7\" data-element_type=\"column\" data-e-type=\"column\">\n\t\t\t<div class=\"elementor-widget-wrap elementor-element-populated\">\n\t\t\t\t\t\t<div class=\"elementor-element elementor-element-42dd8dff elementor-widget elementor-widget-image\" data-id=\"42dd8dff\" data-element_type=\"widget\" data-e-type=\"widget\" data-widget_type=\"image.default\">\n\t\t\t\t<div class=\"elementor-widget-container\">\n\t\t\t\t\t\t\t\t\t\t\t\t\t\t\t<img decoding=\"async\" width=\"1024\" height=\"367\" src=\"https:\/\/sotrends.com\/wp-content\/uploads\/2023\/04\/pngegg-8-1024x367.png\" class=\"attachment-large size-large wp-image-7135\" alt=\"\" srcset=\"https:\/\/sotrends.com\/wp-content\/uploads\/2023\/04\/pngegg-8-1024x367.png 1024w, https:\/\/sotrends.com\/wp-content\/uploads\/2023\/04\/pngegg-8-300x108.png 300w, https:\/\/sotrends.com\/wp-content\/uploads\/2023\/04\/pngegg-8-768x275.png 768w, https:\/\/sotrends.com\/wp-content\/uploads\/2023\/04\/pngegg-8-1140x409.png 1140w, https:\/\/sotrends.com\/wp-content\/uploads\/2023\/04\/pngegg-8-920x330.png 920w, https:\/\/sotrends.com\/wp-content\/uploads\/2023\/04\/pngegg-8-575x206.png 575w, https:\/\/sotrends.com\/wp-content\/uploads\/2023\/04\/pngegg-8-380x136.png 380w, https:\/\/sotrends.com\/wp-content\/uploads\/2023\/04\/pngegg-8-800x287.png 800w, https:\/\/sotrends.com\/wp-content\/uploads\/2023\/04\/pngegg-8-64x23.png 64w, https:\/\/sotrends.com\/wp-content\/uploads\/2023\/04\/pngegg-8.png 1400w\" sizes=\"(max-width: 1024px) 100vw, 1024px\" \/>\t\t\t\t\t\t\t\t\t\t\t\t\t\t\t<\/div>\n\t\t\t\t<\/div>\n\t\t\t\t\t<\/div>\n\t\t<\/div>\n\t\t\t\t\t<\/div>\n\t\t<\/section>\n\t\t\t\t<section class=\"elementor-section elementor-inner-section elementor-element elementor-element-71ac9bd3 elementor-reverse-mobile elementor-section-boxed elementor-section-height-default elementor-section-height-default\" data-id=\"71ac9bd3\" data-element_type=\"section\" data-e-type=\"section\">\n\t\t\t\t\t\t<div class=\"elementor-container elementor-column-gap-default\">\n\t\t\t\t\t<div class=\"elementor-column elementor-col-100 elementor-inner-column elementor-element elementor-element-6fde35ed\" data-id=\"6fde35ed\" data-element_type=\"column\" data-e-type=\"column\">\n\t\t\t<div class=\"elementor-widget-wrap elementor-element-populated\">\n\t\t\t\t\t\t<div class=\"elementor-element elementor-element-51f78410 elementor-widget elementor-widget-heading\" data-id=\"51f78410\" data-element_type=\"widget\" data-e-type=\"widget\" data-widget_type=\"heading.default\">\n\t\t\t\t<div class=\"elementor-widget-container\">\n\t\t\t\t\t<h2 class=\"elementor-heading-title elementor-size-default\">Droit d\u2019auteur \u00a9 2025 SoTrends.com<\/h2>\t\t\t\t<\/div>\n\t\t\t\t<\/div>\n\t\t\t\t\t<\/div>\n\t\t<\/div>\n\t\t\t\t\t<\/div>\n\t\t<\/section>\n\t\t\t\t\t<\/div>\n\t\t<\/div>\n\t\t\t\t\t<\/div>\n\t\t<\/section>\n\t\t\t\t<\/div>\n\t\t","protected":false},"excerpt":{"rendered":"<p>Politique de confidentialit\u00e9 Notre politique de confidentialit\u00e9 d\u00e9crit les pratiques de collecte et d&#8217;utilisation des donn\u00e9es personnelles. Nous accordons une grande importance au respect de la vie priv\u00e9e et \u00e0 [&hellip;]<\/p>\n","protected":false},"author":2,"featured_media":0,"parent":0,"menu_order":0,"comment_status":"closed","ping_status":"closed","template":"elementor_canvas","meta":{"footnotes":""},"class_list":["post-79529","page","type-page","status-publish","hentry"],"lang":"fr","translations":{"fr":79529,"de":44793,"en":251,"it":97282,"es":107952,"he":240545,"fi":253428,"da":253700,"pl":258326,"cs":260444,"ja":263899,"lt":269117},"_links":{"self":[{"href":"https:\/\/sotrends.com\/fr\/wp-json\/wp\/v2\/pages\/79529","targetHints":{"allow":["GET"]}}],"collection":[{"href":"https:\/\/sotrends.com\/fr\/wp-json\/wp\/v2\/pages"}],"about":[{"href":"https:\/\/sotrends.com\/fr\/wp-json\/wp\/v2\/types\/page"}],"author":[{"embeddable":true,"href":"https:\/\/sotrends.com\/fr\/wp-json\/wp\/v2\/users\/2"}],"replies":[{"embeddable":true,"href":"https:\/\/sotrends.com\/fr\/wp-json\/wp\/v2\/comments?post=79529"}],"version-history":[{"count":17,"href":"https:\/\/sotrends.com\/fr\/wp-json\/wp\/v2\/pages\/79529\/revisions"}],"predecessor-version":[{"id":192464,"href":"https:\/\/sotrends.com\/fr\/wp-json\/wp\/v2\/pages\/79529\/revisions\/192464"}],"wp:attachment":[{"href":"https:\/\/sotrends.com\/fr\/wp-json\/wp\/v2\/media?parent=79529"}],"curies":[{"name":"wp","href":"https:\/\/api.w.org\/{rel}","templated":true}]}}