{"id":285974,"date":"2026-03-13T10:50:51","date_gmt":"2026-03-13T13:50:51","guid":{"rendered":"https:\/\/sotrends.com\/?page_id=285974"},"modified":"2026-03-13T10:52:27","modified_gmt":"2026-03-13T13:52:27","slug":"impressum","status":"publish","type":"page","link":"https:\/\/sotrends.com\/fi\/impressum\/","title":{"rendered":"Impressum"},"content":{"rendered":"<div data-elementor-type=\"wp-page\" data-elementor-id=\"285974\" class=\"elementor elementor-285974\" data-elementor-post-type=\"page\">\n\t\t\t\t\t\t<section class=\"elementor-section elementor-top-section elementor-element elementor-element-6f0ae79c elementor-section-boxed elementor-section-height-default elementor-section-height-default\" data-id=\"6f0ae79c\" data-element_type=\"section\" data-e-type=\"section\">\n\t\t\t\t\t\t<div class=\"elementor-container elementor-column-gap-default\">\n\t\t\t\t\t<div class=\"elementor-column elementor-col-100 elementor-top-column elementor-element elementor-element-7beb182b\" data-id=\"7beb182b\" data-element_type=\"column\" data-e-type=\"column\">\n\t\t\t<div class=\"elementor-widget-wrap elementor-element-populated\">\n\t\t\t\t\t\t<div class=\"elementor-element elementor-element-eebed76 elementor-widget elementor-widget-text-editor\" data-id=\"eebed76\" data-element_type=\"widget\" data-e-type=\"widget\" data-widget_type=\"text-editor.default\">\n\t\t\t\t<div class=\"elementor-widget-container\">\n\t\t\t\t\t\t\t\t\t<h2 style=\"text-align: center;\"><span style=\"color: #000000;\">Impressum<\/span><\/h2><p><span style=\"color: #000000;\">Hyv\u00e4 t\u00e4m\u00e4n verkkosivuston k\u00e4ytt\u00e4j\u00e4,<\/span><\/p><p><span style=\"color: #000000;\">Alta l\u00f6yd\u00e4t t\u00e4rkeimm\u00e4t tiedot sek\u00e4 t\u00e4m\u00e4n verkkosivuston omistajan ja yll\u00e4pit\u00e4j\u00e4n yhteystiedot.<\/span><\/p><p><span style=\"color: #000000;\">Yrityksen nimi: So Trends LLC<\/span><br \/><span style=\"color: #000000;\">Osoite: 2101 Park Center Dr, Ste 150 \u2013 Orlando, FL 32835<\/span><br \/><span style=\"color: #000000;\">Rekisterinumero: 32282516\/0001-62<\/span><br \/><span style=\"color: #000000;\">S\u00e4hk\u00f6postiosoite: support@sotrends.com<\/span><\/p><p><span style=\"color: #000000;\">Puhelinnumero: +1 407 403 8540<\/span><br \/><span style=\"color: #000000;\">Yhteyshenkil\u00f6: Francisco Silva<\/span><\/p><p><span style=\"color: #000000;\">Huomio: Kaikki t\u00e4m\u00e4n verkkosivuston sis\u00e4lt\u00f6 on tekij\u00e4noikeuden suojaamaa ja on So Trendsin yksinomaista omaisuutta.<\/span><\/p><p><span style=\"color: #000000;\">T\u00e4m\u00e4n verkkosivuston sis\u00e4lt\u00f6\u00e4 saa ladata tai kopioida vain henkil\u00f6kohtaiseen ja ei-kaupalliseen k\u00e4ytt\u00f6\u00f6n.<\/span><\/p><p><span style=\"color: #000000;\">Joissakin tapauksissa verkkosivusto voi sis\u00e4lt\u00e4\u00e4 kolmansille osapuolille kuuluvia immateriaalioikeuksia. Kunnioitamme oikeudenhaltijoiden oikeuksia ja pyyd\u00e4mme ottamaan meihin yhteytt\u00e4, jos uskot, ett\u00e4 jokin t\u00e4m\u00e4n verkkosivuston sis\u00e4lt\u00f6 loukkaa kolmansien osapuolten tekij\u00e4noikeuksia tai muita immateriaalioikeuksia.<\/span><\/p><p><span style=\"color: #000000;\">Jos sinulla on kysytt\u00e4v\u00e4\u00e4 t\u00e4m\u00e4n verkkosivuston k\u00e4yt\u00f6st\u00e4 tai muista sen k\u00e4ytt\u00f6\u00f6n liittyvist\u00e4 asioista, tutustu yleisiin k\u00e4ytt\u00f6ehtoihimme seuraavan linkin kautta:<\/span><br \/><span style=\"text-decoration: underline;\"><a href=\"https:\/\/sotrends.com\/fi\/terms\/\"><span style=\"color: #000000; text-decoration: underline;\">https:\/\/sotrends.com\/fi\/terms\/<\/span><\/a><\/span><\/p>\t\t\t\t\t\t\t\t<\/div>\n\t\t\t\t<\/div>\n\t\t\t\t\t<\/div>\n\t\t<\/div>\n\t\t\t\t\t<\/div>\n\t\t<\/section>\n\t\t\t\t<\/div>","protected":false},"excerpt":{"rendered":"<p>Impressum Hyv\u00e4 t\u00e4m\u00e4n verkkosivuston k\u00e4ytt\u00e4j\u00e4, Alta l\u00f6yd\u00e4t t\u00e4rkeimm\u00e4t tiedot sek\u00e4 t\u00e4m\u00e4n verkkosivuston omistajan ja yll\u00e4pit\u00e4j\u00e4n yhteystiedot. Yrityksen nimi: So Trends LLCOsoite: 2101 Park Center Dr, Ste 150 \u2013 Orlando, FL [&hellip;]<\/p>\n","protected":false},"author":2,"featured_media":0,"parent":0,"menu_order":0,"comment_status":"closed","ping_status":"closed","template":"elementor_canvas","meta":{"footnotes":""},"class_list":["post-285974","page","type-page","status-publish","hentry"],"lang":"fi","translations":{"fi":285974,"sv":277981,"da":254191,"nl":278203},"_links":{"self":[{"href":"https:\/\/sotrends.com\/fi\/wp-json\/wp\/v2\/pages\/285974","targetHints":{"allow":["GET"]}}],"collection":[{"href":"https:\/\/sotrends.com\/fi\/wp-json\/wp\/v2\/pages"}],"about":[{"href":"https:\/\/sotrends.com\/fi\/wp-json\/wp\/v2\/types\/page"}],"author":[{"embeddable":true,"href":"https:\/\/sotrends.com\/fi\/wp-json\/wp\/v2\/users\/2"}],"replies":[{"embeddable":true,"href":"https:\/\/sotrends.com\/fi\/wp-json\/wp\/v2\/comments?post=285974"}],"version-history":[{"count":8,"href":"https:\/\/sotrends.com\/fi\/wp-json\/wp\/v2\/pages\/285974\/revisions"}],"predecessor-version":[{"id":285982,"href":"https:\/\/sotrends.com\/fi\/wp-json\/wp\/v2\/pages\/285974\/revisions\/285982"}],"wp:attachment":[{"href":"https:\/\/sotrends.com\/fi\/wp-json\/wp\/v2\/media?parent=285974"}],"curies":[{"name":"wp","href":"https:\/\/api.w.org\/{rel}","templated":true}]}}