{"id":253428,"date":"2025-10-16T16:35:06","date_gmt":"2025-10-16T19:35:06","guid":{"rendered":"https:\/\/sotrends.com\/?page_id=253428"},"modified":"2025-10-20T11:10:33","modified_gmt":"2025-10-20T14:10:33","slug":"privacy","status":"publish","type":"page","link":"https:\/\/sotrends.com\/fi\/privacy\/","title":{"rendered":"Tietosuojak\u00e4yt\u00e4nt\u00f6"},"content":{"rendered":"<div data-elementor-type=\"wp-page\" data-elementor-id=\"253428\" class=\"elementor elementor-253428\" data-elementor-post-type=\"page\">\n\t\t\t\t\t\t<section class=\"elementor-section elementor-top-section elementor-element elementor-element-7f8b6bd2 elementor-section-boxed elementor-section-height-default elementor-section-height-default\" data-id=\"7f8b6bd2\" data-element_type=\"section\" data-e-type=\"section\">\n\t\t\t\t\t\t<div class=\"elementor-container elementor-column-gap-default\">\n\t\t\t\t\t<div class=\"elementor-column elementor-col-100 elementor-top-column elementor-element elementor-element-4e749591\" data-id=\"4e749591\" data-element_type=\"column\" data-e-type=\"column\">\n\t\t\t<div class=\"elementor-widget-wrap elementor-element-populated\">\n\t\t\t\t\t\t<div class=\"elementor-element elementor-element-74ef2131 elementor-widget elementor-widget-text-editor\" data-id=\"74ef2131\" data-element_type=\"widget\" data-e-type=\"widget\" data-widget_type=\"text-editor.default\">\n\t\t\t\t<div class=\"elementor-widget-container\">\n\t\t\t\t\t\t\t\t\t<h2 style=\"text-align: center;\">Tietosuojak\u00e4yt\u00e4nt\u00f6<\/h2><p><strong><span style=\"color: #000000;\">KOHTA 1 \u2013 MIT\u00c4 TEEMME TIETOJESI KANSSA<\/span><\/strong><\/p><p><span style=\"color: #000000;\">Kun ostat jotain verkkokaupastamme, osana osto- ja myyntiprosessia ker\u00e4\u00e4mme henkil\u00f6kohtaisia tietoja, kuten nimesi, osoitteesi ja s\u00e4hk\u00f6postiosoitteesi.<\/span><\/p><p><span style=\"color: #000000;\">Kun selaat Sivustoamme, saamme automaattisesti tietokoneesi IP-osoitteen (Internet Protocol), jotta voimme saada tietoa selaimestasi ja k\u00e4ytt\u00f6j\u00e4rjestelm\u00e4st\u00e4si.<\/span><\/p><p><span style=\"color: #000000;\">S\u00e4hk\u00f6postimarkkinointi (mik\u00e4li sovellettavissa): luvallasi voimme l\u00e4hett\u00e4\u00e4 sinulle s\u00e4hk\u00f6posteja Sivustostamme, uusista tuotteista, palveluista ja muista p\u00e4ivityksist\u00e4.<\/span><\/p><p><span style=\"color: #000000;\">Pid\u00e4t\u00e4mme oikeuden luovuttaa viranomaisille henkil\u00f6kohtaisia tietoja, joita olet meille toimittanut, jos katsomme sen tarpeelliseksi sovellettavan lain noudattamiseksi tai viranomaisen pyynn\u00f6st\u00e4.<\/span><\/p><p><strong><span style=\"color: #000000;\">KOHTA 2 \u2013 SUOSTUMUS<\/span><\/strong><\/p><p><span style=\"color: #000000;\">Miten saamme suostumuksesi?<\/span><br \/><span style=\"color: #000000;\">Kun annat meille henkil\u00f6kohtaisia tietoja suorittaaksesi maksun, vahvistaaksesi maksukorttisi, tehdess\u00e4si tilauksen, j\u00e4rjest\u00e4ess\u00e4si toimituksen tai palauttaessasi tuotteen, annat meille suostumuksen ker\u00e4t\u00e4 ja k\u00e4ytt\u00e4\u00e4 tietojasi kyseiseen tarkoitukseen.<\/span><\/p><p><span style=\"color: #000000;\">Jos pyyd\u00e4mme henkil\u00f6tietojasi johonkin toissijaiseen tarkoitukseen, kuten markkinointiin, pyyd\u00e4mme siihen nimenomaisen suostumuksesi tai tarjoamme mahdollisuuden kielt\u00e4yty\u00e4.<\/span><\/p><p><span style=\"color: #000000;\">Miten voin peruuttaa suostumukseni?<\/span><br \/><span style=\"color: #000000;\">Jos muutat mielesi suostumuksen antamisen j\u00e4lkeen, voit peruuttaa suostumuksesi milloin tahansa est\u00e4\u00e4ksesi meit\u00e4 ottamasta sinuun yhteytt\u00e4 tai jatkamasta tietojesi ker\u00e4\u00e4mist\u00e4, k\u00e4ytt\u00f6\u00e4 tai luovuttamista.<\/span><br \/><span style=\"color: #000000;\">Voit peruuttaa suostumuksesi ottamalla meihin yhteytt\u00e4 osoitteessa support@sotrends.com<\/span><span style=\"color: #000000;\">.<\/span><\/p><p><strong><span style=\"color: #000000;\">KOHTA 3 \u2013 TIETOJEN LUOVUTTAMINEN<\/span><\/strong><\/p><p><span style=\"color: #000000;\">Voimme luovuttaa henkil\u00f6tietojasi, jos laki sit\u00e4 edellytt\u00e4\u00e4 tai jos rikot palveluehtojamme.<\/span><\/p><p><strong><span style=\"color: #000000;\">KOHTA 4 \u2013 MAKSUT<\/span><\/strong><\/p><p><span style=\"color: #000000;\">Kaikki maksupalveluntarjoajat noudattavat PCI-DSS-standardia, jota hallinnoi PCI Security Standards Council, ja johon kuuluvat mm. Visa, MasterCard, American Express ja Discover.<\/span><br \/><span style=\"color: #000000;\">PCI-DSS-vaatimukset auttavat varmistamaan, ett\u00e4 maksukorttitietoja k\u00e4sitell\u00e4\u00e4n turvallisesti Sivustollamme ja sen palveluntarjoajilla.<\/span><\/p><p><strong><span style=\"color: #000000;\">KOHTA 5 \u2013 KOLMANNEN OSAPUOLEN PALVELUT<\/span><\/strong><\/p><p><span style=\"color: #000000;\">Yleisesti ottaen kolmannen osapuolen palveluntarjoajat ker\u00e4\u00e4v\u00e4t, k\u00e4ytt\u00e4v\u00e4t ja luovuttavat tietojasi vain siin\u00e4 m\u00e4\u00e4rin kuin se on tarpeen heid\u00e4n tarjoamiensa palvelujen suorittamiseksi.<\/span><\/p><p><span style=\"color: #000000;\">Tietyill\u00e4 kolmansilla osapuolilla, kuten maksupalveluilla ja maksutapahtumien k\u00e4sittelij\u00f6ill\u00e4, on kuitenkin omat tietosuojak\u00e4yt\u00e4nt\u00f6ns\u00e4 sen suhteen, miten he k\u00e4sittelev\u00e4t meille toimitettuja tietoja.<\/span><\/p><p><span style=\"color: #000000;\">Suosittelemme tutustumaan heid\u00e4n tietosuojak\u00e4yt\u00e4nt\u00f6ihins\u00e4 ymm\u00e4rt\u00e4\u00e4ksesi, miten n\u00e4m\u00e4 palveluntarjoajat k\u00e4sittelev\u00e4t tietojasi.<\/span><\/p><p><span style=\"color: #000000;\">Huomioithan, ett\u00e4 jotkin palveluntarjoajat voivat sijaita eri laink\u00e4ytt\u00f6alueella kuin sin\u00e4 tai me. Jos p\u00e4\u00e4t\u00e4t jatkaa tapahtumaa, joka liittyy t\u00e4llaiseen palveluntarjoajaan, tietojasi voivat koskea sen maan lait, jossa kyseinen palveluntarjoaja tai sen palvelimet sijaitsevat.<\/span><\/p><p><span style=\"color: #000000;\">Kun poistut Sivustoltamme tai sinut ohjataan kolmannen osapuolen verkkosivustolle tai sovellukseen, et en\u00e4\u00e4 kuulu t\u00e4m\u00e4n tietosuojak\u00e4yt\u00e4nn\u00f6n tai Sivustomme k\u00e4ytt\u00f6ehtojen piiriin.<\/span><\/p><p><span style=\"color: #000000;\">Linkit<\/span><br \/><span style=\"color: #000000;\">Kun klikkaat Sivustomme linkkej\u00e4, ne voivat ohjata sinut muille sivustoille. Emme ole vastuussa muiden sivustojen tietosuojak\u00e4yt\u00e4nn\u00f6ist\u00e4 ja kehotamme tutustumaan niihin.<\/span><\/p><p><strong><span style=\"color: #000000;\">KOHTA 6 \u2013 TIETOTURVA<\/span><\/strong><\/p><p><span style=\"color: #000000;\">Suojellaksemme henkil\u00f6tietojasi toteutamme kohtuulliset varotoimet ja noudatamme alan parhaita k\u00e4yt\u00e4nt\u00f6j\u00e4 varmistaaksemme, ettei tietojasi hukata, k\u00e4ytet\u00e4 v\u00e4\u00e4rin, niihin p\u00e4\u00e4st\u00e4 k\u00e4siksi luvatta, niit\u00e4 paljasteta, muuteta tai tuhota.<\/span><\/p><p><span style=\"color: #000000;\">Jos annat meille maksukorttitietosi, ne salataan SSL-tekniikalla (Secure Socket Layer) ja tallennetaan AES-256-salausta k\u00e4ytt\u00e4en.<\/span><br \/><span style=\"color: #000000;\">Vaikka mik\u00e4\u00e4n tietojen siirtomenetelm\u00e4 Internetin kautta tai s\u00e4hk\u00f6inen tallennusmenetelm\u00e4 ei ole 100 % turvallinen, noudatamme kaikkia PCI-DSS-vaatimuksia ja yleisesti hyv\u00e4ksyttyj\u00e4 alan turvallisuusstandardeja.<\/span><\/p><p><strong><span style=\"color: #000000;\">KOHTA 7 \u2013 K\u00c4YTT\u00d6OIKEUS JA IK\u00c4RAJA<\/span><\/strong><\/p><p><span style=\"color: #000000;\">K\u00e4ytt\u00e4m\u00e4ll\u00e4 t\u00e4t\u00e4 Sivustoa vakuutat olevasi t\u00e4ysi-ik\u00e4inen asuinvaltiossasi tai -maakunnassasi tai ett\u00e4 olet antanut suostumuksesi alaik\u00e4isten huollettaviesi Sivuston k\u00e4ytt\u00f6\u00f6n.<\/span><\/p><p><strong><span style=\"color: #000000;\">KOHTA 8 \u2013 TIETOSUOJAK\u00c4YT\u00c4NN\u00d6N MUUTOKSET<\/span><\/strong><\/p><p><span style=\"color: #000000;\">Pid\u00e4t\u00e4mme oikeuden muuttaa t\u00e4t\u00e4 tietosuojak\u00e4yt\u00e4nt\u00f6\u00e4 milloin tahansa, joten tarkistathan sen s\u00e4\u00e4nn\u00f6llisesti.<\/span><br \/><span style=\"color: #000000;\">Muutokset tulevat voimaan v\u00e4litt\u00f6m\u00e4sti, kun ne julkaistaan Sivustolla.<\/span><br \/><span style=\"color: #000000;\">Jos teemme olennaisia muutoksia, ilmoitamme siit\u00e4 t\u00e4\u00e4ll\u00e4, jotta tied\u00e4t, mit\u00e4 tietoja ker\u00e4\u00e4mme, miten niit\u00e4 k\u00e4yt\u00e4mme ja miss\u00e4 tilanteissa voimme luovuttaa niit\u00e4.<\/span><\/p><p><span style=\"color: #000000;\">Jos yrityksemme myyd\u00e4\u00e4n tai yhdistyy toiseen yritykseen, tietosi voidaan siirt\u00e4\u00e4 uusille omistajille, jotta voimme jatkaa tuotteiden ja palvelujen tarjoamista sinulle.<\/span><\/p><p><strong><span style=\"color: #000000;\">KYSYMYKSET JA YHTEYSTIEDOT<\/span><\/strong><\/p><p><span style=\"color: #000000;\">Jos haluat tarkastaa, korjata, muuttaa tai poistaa sinusta tallennettuja henkil\u00f6tietoja, tehd\u00e4 valituksen tai saada lis\u00e4tietoja, ota meihin yhteytt\u00e4 osoitteessa:<\/span><br \/><span style=\"color: #000000;\">\ud83d\udce7 support@sotrends.com<\/span><\/p><p><span style=\"color: #000000;\"><strong>Yrityksen tiedot:<\/strong><\/span><br \/><span style=\"color: #000000;\">So Trends Group LLC<\/span><br \/><span style=\"color: #000000;\">Osoite: 7345 W Sand Lake Rd, Ste 210 \u2013 Office 6415, Orlando, FL 32819<\/span><br \/><span style=\"color: #000000;\">ALV-numero: 32282516\/0001-62<\/span><\/p>\t\t\t\t\t\t\t\t<\/div>\n\t\t\t\t<\/div>\n\t\t\t\t\t<\/div>\n\t\t<\/div>\n\t\t\t\t\t<\/div>\n\t\t<\/section>\n\t\t\t\t<\/div>","protected":false},"excerpt":{"rendered":"<p>Tietosuojak\u00e4yt\u00e4nt\u00f6 KOHTA 1 \u2013 MIT\u00c4 TEEMME TIETOJESI KANSSA Kun ostat jotain verkkokaupastamme, osana osto- ja myyntiprosessia ker\u00e4\u00e4mme henkil\u00f6kohtaisia tietoja, kuten nimesi, osoitteesi ja s\u00e4hk\u00f6postiosoitteesi. Kun selaat Sivustoamme, saamme automaattisesti tietokoneesi [&hellip;]<\/p>\n","protected":false},"author":2,"featured_media":0,"parent":0,"menu_order":0,"comment_status":"closed","ping_status":"closed","template":"elementor_canvas","meta":{"footnotes":""},"class_list":["post-253428","page","type-page","status-publish","hentry"],"lang":"fi","translations":{"fi":253428,"de":44793,"en":251,"fr":79529,"it":97282,"es":107952,"he":240545,"da":253700,"pl":258326,"cs":260444,"ja":263899,"lt":269117},"_links":{"self":[{"href":"https:\/\/sotrends.com\/fi\/wp-json\/wp\/v2\/pages\/253428","targetHints":{"allow":["GET"]}}],"collection":[{"href":"https:\/\/sotrends.com\/fi\/wp-json\/wp\/v2\/pages"}],"about":[{"href":"https:\/\/sotrends.com\/fi\/wp-json\/wp\/v2\/types\/page"}],"author":[{"embeddable":true,"href":"https:\/\/sotrends.com\/fi\/wp-json\/wp\/v2\/users\/2"}],"replies":[{"embeddable":true,"href":"https:\/\/sotrends.com\/fi\/wp-json\/wp\/v2\/comments?post=253428"}],"version-history":[{"count":7,"href":"https:\/\/sotrends.com\/fi\/wp-json\/wp\/v2\/pages\/253428\/revisions"}],"predecessor-version":[{"id":254220,"href":"https:\/\/sotrends.com\/fi\/wp-json\/wp\/v2\/pages\/253428\/revisions\/254220"}],"wp:attachment":[{"href":"https:\/\/sotrends.com\/fi\/wp-json\/wp\/v2\/media?parent=253428"}],"curies":[{"name":"wp","href":"https:\/\/api.w.org\/{rel}","templated":true}]}}