{"id":253408,"date":"2025-10-16T16:20:08","date_gmt":"2025-10-16T19:20:08","guid":{"rendered":"https:\/\/sotrends.com\/?page_id=253408"},"modified":"2025-10-20T11:10:13","modified_gmt":"2025-10-20T14:10:13","slug":"terms","status":"publish","type":"page","link":"https:\/\/sotrends.com\/fi\/terms\/","title":{"rendered":"K\u00e4ytt\u00f6ehdot"},"content":{"rendered":"<div data-elementor-type=\"wp-page\" data-elementor-id=\"253408\" class=\"elementor elementor-253408\" data-elementor-post-type=\"page\">\n\t\t\t\t\t\t<section class=\"elementor-section elementor-top-section elementor-element elementor-element-6f0ae79c elementor-section-boxed elementor-section-height-default elementor-section-height-default\" data-id=\"6f0ae79c\" data-element_type=\"section\" data-e-type=\"section\">\n\t\t\t\t\t\t<div class=\"elementor-container elementor-column-gap-default\">\n\t\t\t\t\t<div class=\"elementor-column elementor-col-100 elementor-top-column elementor-element elementor-element-7beb182b\" data-id=\"7beb182b\" data-element_type=\"column\" data-e-type=\"column\">\n\t\t\t<div class=\"elementor-widget-wrap elementor-element-populated\">\n\t\t\t\t\t\t<div class=\"elementor-element elementor-element-eebed76 elementor-widget elementor-widget-text-editor\" data-id=\"eebed76\" data-element_type=\"widget\" data-e-type=\"widget\" data-widget_type=\"text-editor.default\">\n\t\t\t\t<div class=\"elementor-widget-container\">\n\t\t\t\t\t\t\t\t\t<h2 style=\"text-align: center;\">K\u00e4ytt\u00f6ehdot<\/h2><p><span style=\"color: #000000;\">LUE N\u00c4M\u00c4 EHDOT HUOLELLISESTI ENNEN KUIN K\u00c4YT\u00c4T TAI P\u00c4\u00c4SET K\u00c4SIKSI MIHINK\u00c4\u00c4N OSIIN T\u00c4T\u00c4 SIVUSTOA.<\/span><\/p><p><span style=\"color: #000000;\">Tervetuloa osoitteeseen https:\/\/sotrends.com<\/span><br \/><span style=\"color: #000000;\">(mukaan lukien sen aliverkkotunnukset, sis\u00e4lt\u00f6 ja tavaramerkit, j\u00e4ljemp\u00e4n\u00e4 \u201dSivusto\u201d). Lue n\u00e4m\u00e4 k\u00e4ytt\u00f6ehdot huolellisesti ennen Sivuston k\u00e4ytt\u00f6\u00e4, jotta ymm\u00e4rr\u00e4t oikeutesi ja velvollisuutesi suhteessa SoTrendsiin (\u201dYhti\u00f6\u201d, \u201dme\u201d, \u201dmeid\u00e4n\u201d tai \u201dmeit\u00e4\u201d). K\u00e4ytt\u00e4m\u00e4ll\u00e4 Sivustoa tai siirtym\u00e4ll\u00e4 sille hyv\u00e4ksyt nimenomaisesti, ett\u00e4 olet tekem\u00e4ss\u00e4 meihin sitovan oikeudellisen sopimuksen ja sitoudut noudattamaan n\u00e4it\u00e4 k\u00e4ytt\u00f6ehtoja sek\u00e4 tietosuojak\u00e4yt\u00e4nt\u00f6\u00e4 (yhdess\u00e4 \u201dEhdot\u201d). Luovut t\u00e4ten kaikista sovellettavista oikeuksista vaatia alkuper\u00e4ist\u00e4 (ei-s\u00e4hk\u00f6ist\u00e4) allekirjoitusta tai toimitusta taikka paperimuotoista tallennetta, siin\u00e4 m\u00e4\u00e4rin kuin laki ei sit\u00e4 kiell\u00e4. Jos et hyv\u00e4ksy n\u00e4it\u00e4 ehtoja, \u00e4l\u00e4 k\u00e4yt\u00e4 Sivustoa.<\/span><\/p><p><strong><span style=\"color: #000000;\">1. Muutokset<\/span><\/strong><\/p><p><span style=\"color: #000000;\">Pid\u00e4t\u00e4mme oikeuden harkintamme mukaan muuttaa n\u00e4it\u00e4 ehtoja milloin tahansa. Muutokset tulevat voimaan kymmenen (10) p\u00e4iv\u00e4n kuluttua tarkistettujen ehtojen julkaisemisesta Sivustolla. Jatkamalla Sivuston k\u00e4ytt\u00f6\u00e4 t\u00e4m\u00e4n j\u00e4lkeen hyv\u00e4ksyt muutokset.<\/span><\/p><p><strong><span style=\"color: #000000;\">2. K\u00e4ytt\u00f6oikeus<\/span><\/strong><\/p><p><span style=\"color: #000000;\">Sivusto on tarkoitettu vain v\u00e4hint\u00e4\u00e4n kuusitoista (16) vuotta t\u00e4ytt\u00e4neille henkil\u00f6ille. Jos olet alle 16-vuotias, \u00e4l\u00e4 k\u00e4yt\u00e4 Sivustoa.<\/span><\/p><p><strong><span style=\"color: #000000;\">3. P\u00e4\u00e4sy Sivustolle<\/span><\/strong><\/p><p><span style=\"color: #000000;\">N\u00e4iden ehtojen voimassaoloaikana my\u00f6nn\u00e4mme sinulle luvan vierailla Sivustolla ja k\u00e4ytt\u00e4\u00e4 sit\u00e4, edellytt\u00e4en ett\u00e4 noudatat n\u00e4it\u00e4 ehtoja ja sovellettavaa lakia.<\/span><\/p><p><strong><span style=\"color: #000000;\">4. Rajoitukset<\/span><\/strong><\/p><p><span style=\"color: #000000;\">Et saa:<\/span><br \/><span style=\"color: #000000;\">(i) kopioida, levitt\u00e4\u00e4, esitt\u00e4\u00e4, peilata, kehyst\u00e4\u00e4 tai muokata mit\u00e4\u00e4n osaa Sivustosta, sen sis\u00e4ll\u00f6st\u00e4 tai tavaramerkeist\u00e4 ilman etuk\u00e4teen annettua kirjallista lupaa;<\/span><br \/><span style=\"color: #000000;\">(ii) k\u00e4ytt\u00e4\u00e4, muokata, luoda johdannaisteoksia, siirt\u00e4\u00e4 (myym\u00e4ll\u00e4, j\u00e4lleenmyym\u00e4ll\u00e4, lisensoimalla, lataamalla tai muuten), j\u00e4ljent\u00e4\u00e4, levitt\u00e4\u00e4, esitt\u00e4\u00e4 tai paljastaa Sivuston sis\u00e4lt\u00f6\u00e4 ilman nimenomaista lupaa;<\/span><br \/><span style=\"color: #000000;\">(iii) h\u00e4irit\u00e4 Sivustoon kytkettyj\u00e4 palvelimia tai verkkoja;<\/span><br \/><span style=\"color: #000000;\">(iv) k\u00e4ytt\u00e4\u00e4 tai k\u00e4ynnist\u00e4\u00e4 mit\u00e4\u00e4n automaattista j\u00e4rjestelm\u00e4\u00e4 (mukaan lukien \u201drobotit\u201d ja \u201dh\u00e4m\u00e4h\u00e4kit\u201d) Sivustolle p\u00e4\u00e4semiseksi; tai<\/span><br \/><span style=\"color: #000000;\">(v) kiert\u00e4\u00e4, poistaa k\u00e4yt\u00f6st\u00e4 tai muutoin h\u00e4irit\u00e4 Sivuston turvallisuusominaisuuksia tai ominaisuuksia, jotka rajoittavat sis\u00e4ll\u00f6n k\u00e4ytt\u00f6\u00e4 tai kopiointia.<\/span><\/p><p><strong><span style=\"color: #000000;\">5. Immateriaalioikeudet<\/span><\/strong><br \/><strong><span style=\"color: #000000;\">5.1. Sis\u00e4lt\u00f6 ja tavaramerkit<\/span><\/strong><\/p><p><span style=\"color: #000000;\">(i) Sivuston sis\u00e4lt\u00f6, kuten teksti, asiakirjat, artikkelit, esitteet, tuotteet, ohjelmistot, grafiikat, valokuvat, \u00e4\u00e4net, videot, k\u00e4ytt\u00f6liittym\u00e4t, tavaramerkit, logot, taideteokset, tietokoodit ja palvelut (\u201dMateriaalit\u201d), sek\u00e4 niiden suunnittelu, rakenne ja ulkoasu; (ii) k\u00e4ytt\u00e4jien tuottama sis\u00e4lt\u00f6 (\u201dK\u00e4ytt\u00e4j\u00e4sis\u00e4lt\u00f6\u201d); ja (iii) Sivustolla k\u00e4ytetyt tavaramerkit ja logot (\u201dTavaramerkit\u201d) ovat Yhti\u00f6n tai sen lisenssinantajien omistamia ja suojattuja sovellettavien tekij\u00e4noikeus- ja muiden immateriaalioikeuslakien nojalla. Kaikki oikeudet, joita ei ole nimenomaisesti my\u00f6nnetty, pid\u00e4tet\u00e4\u00e4n.<\/span><\/p><p><strong><span style=\"color: #000000;\">5.2. Sis\u00e4ll\u00f6n k\u00e4ytt\u00f6<\/span><\/strong><\/p><p><span style=\"color: #000000;\">Sivuston sis\u00e4lt\u00f6 on tarkoitettu vain henkil\u00f6kohtaiseen ja tiedotustarkoitukseen, eik\u00e4 sit\u00e4 saa k\u00e4ytt\u00e4\u00e4, muokata, kopioida, levitt\u00e4\u00e4, l\u00e4hett\u00e4\u00e4, esitt\u00e4\u00e4, myyd\u00e4, lisensoida, purkaa, takaisinmallintaa tai hy\u00f6dynt\u00e4\u00e4 muulla tavoin ilman kirjallista lupaa. Jos lataat tai tulostat kopion, sinun on s\u00e4ilytett\u00e4v\u00e4 kaikki tekij\u00e4noikeus- ja omistajuusilmoitukset.<\/span><\/p><p><strong><span style=\"color: #000000;\">6. Kolmansien osapuolien l\u00e4hteet ja sis\u00e4lt\u00f6<\/span><\/strong><br \/><strong><span style=\"color: #000000;\">6.1. Kolmannen osapuolen sis\u00e4lt\u00f6<\/span><\/strong><\/p><p><span style=\"color: #000000;\">Sivusto voi sis\u00e4lt\u00e4\u00e4 linkkej\u00e4 ja p\u00e4\u00e4syn kolmansien osapuolien sivustoihin tai palveluihin (\u201dKolmannen osapuolen l\u00e4hteet\u201d).<\/span><\/p><p><strong><span style=\"color: #000000;\">6.2. Ei vastuuta<\/span><\/strong><\/p><p><span style=\"color: #000000;\">Emme vastaa kolmansien osapuolien sis\u00e4ll\u00f6st\u00e4, k\u00e4ytt\u00f6ehdoista tai tietosuojak\u00e4yt\u00e4nn\u00f6ist\u00e4. Tutustu aina kolmannen osapuolen ehtoihin ennen kuin toimit heid\u00e4n kanssaan.<\/span><\/p><p><strong><span style=\"color: #000000;\">6.3\u20136.5. Vastuunrajoitus<\/span><\/strong><\/p><p><span style=\"color: #000000;\">Emme anna takuita kolmannen osapuolen sis\u00e4ll\u00f6n tarkkuudesta, turvallisuudesta tai sopivuudesta. K\u00e4ytt\u00f6 tapahtuu omalla vastuullasi. Vapautat Yhti\u00f6n kaikesta vastuusta, joka liittyy kolmannen osapuolen sis\u00e4lt\u00f6\u00f6n tai palveluihin.<\/span><\/p><p><strong><span style=\"color: #000000;\">7. K\u00e4ytt\u00e4jien julkaisut<\/span><\/strong><br \/><strong><span style=\"color: #000000;\">7.1. Vastuu<\/span><\/strong><\/p><p><span style=\"color: #000000;\">K\u00e4ytt\u00e4j\u00e4 on yksin vastuussa omista julkaisuistaan Sivustolla. Yhti\u00f6ll\u00e4 on oikeus poistaa, muokata tai sensuroida mit\u00e4 tahansa sis\u00e4lt\u00f6\u00e4 milloin tahansa ilman ennakkoilmoitusta.<\/span><\/p><p><span style=\"color: #000000;\">7.2. Omistajuus<\/span><\/p><p><span style=\"color: #000000;\">K\u00e4ytt\u00e4j\u00e4 vakuuttaa omistavansa tai omaavansa tarvittavat oikeudet kaikkeen Sivustolle l\u00e4hett\u00e4m\u00e4\u00e4ns\u00e4 sis\u00e4lt\u00f6\u00f6n.<\/span><\/p><p><strong><span style=\"color: #000000;\">7.3. K\u00e4ytt\u00f6lupa<\/span><\/strong><\/p><p><span style=\"color: #000000;\">Julkaisemalla sis\u00e4lt\u00f6\u00e4 Sivustolla my\u00f6nn\u00e4t Yhti\u00f6lle maailmanlaajuisen, peruuttamattoman, rojaltivapaan ja siirrett\u00e4v\u00e4n lisenssin k\u00e4ytt\u00e4\u00e4, kopioida ja jakaa kyseist\u00e4 sis\u00e4lt\u00f6\u00e4.<\/span><\/p><p><strong><span style=\"color: #000000;\">7.4. Kielletty sis\u00e4lt\u00f6<\/span><\/strong><\/p><p><span style=\"color: #000000;\">K\u00e4ytt\u00e4j\u00e4 ei saa julkaista laitonta, loukkaavaa, tekij\u00e4noikeuksia rikkovaa, v\u00e4kivaltaa tai syrjint\u00e4\u00e4 edist\u00e4v\u00e4\u00e4 sis\u00e4lt\u00f6\u00e4.<\/span><\/p><p><strong><span style=\"color: #000000;\">7.5. Altistuminen<\/span><\/strong><\/p><p><span style=\"color: #000000;\">Ymm\u00e4rr\u00e4t, ett\u00e4 voit altistua virheelliselle tai loukkaavalle sis\u00e4ll\u00f6lle, eik\u00e4 Yhti\u00f6 vastaa t\u00e4llaisesta sis\u00e4ll\u00f6st\u00e4.<\/span><\/p><p><strong><span style=\"color: #000000;\">8. Tietojen tarkkuus<\/span><\/strong><\/p><p><span style=\"color: #000000;\">Pyrimme tarkkuuteen, mutta emme takaa, ett\u00e4 Sivuston sis\u00e4lt\u00f6 on virheet\u00f6nt\u00e4 tai ajantasaista. K\u00e4yt\u00e4t Sivustoa omalla vastuullasi.<\/span><\/p><p><strong><span style=\"color: #000000;\">9. Tietojen luovutus<\/span><\/strong><\/p><p><span style=\"color: #000000;\">Pid\u00e4t\u00e4mme oikeuden luovuttaa tietoja lain, viranomaispyynn\u00f6n tai turvallisuussyiden vuoksi.<\/span><\/p><p><strong><span style=\"color: #000000;\">10. Linkit<\/span><\/strong><\/p><p><span style=\"color: #000000;\">Sivusto voi sis\u00e4lt\u00e4\u00e4 linkkej\u00e4 kolmansien osapuolien verkkosivuille. Emme ole vastuussa niiden sis\u00e4ll\u00f6st\u00e4. Linkitt\u00e4minen on sallittua vain, jos se tapahtuu totuudenmukaisesti ja n\u00e4it\u00e4 ehtoja noudattaen.<\/span><\/p><p><strong><span style=\"color: #000000;\">11. Tietosuoja<\/span><\/strong><\/p><p><span style=\"color: #000000;\">Henkil\u00f6tietoja k\u00e4sitell\u00e4\u00e4n tietosuojak\u00e4yt\u00e4nt\u00f6mme mukaisesti, joka on saatavilla Sivuston Tietosuojak\u00e4yt\u00e4nt\u00f6-osiossa.<\/span><\/p><p><strong><span style=\"color: #000000;\">12. Vastuuvapauslauseke<\/span><\/strong><\/p><p><span style=\"color: #000000;\">Sivusto tarjotaan \u201dsellaisena kuin se on\u201d ja \u201dsaatavuuden mukaan\u201d, ilman mit\u00e4\u00e4n nimenomaisia tai hiljaisia takuita.<\/span><br \/><span style=\"color: #000000;\">Yhti\u00f6 ei takaa Sivuston virheett\u00f6myytt\u00e4, jatkuvaa saatavuutta tai viruksettomuutta. K\u00e4ytt\u00f6 tapahtuu omalla vastuullasi.<\/span><\/p><p><strong><span style=\"color: #000000;\">13. Vastuunrajoitus<\/span><\/strong><\/p><p><span style=\"color: #000000;\">Sovellettavan lain sallimissa rajoissa Yhti\u00f6 ei vastaa v\u00e4lillisist\u00e4, erityisist\u00e4 tai satunnaisista vahingoista, eik\u00e4 mist\u00e4\u00e4n tietojen, voittojen tai maineen menetyksest\u00e4.<\/span><br \/><span style=\"color: #000000;\">Yhti\u00f6n kokonaisvastuu ei miss\u00e4\u00e4n tapauksessa ylit\u00e4 1 000 Yhdysvaltain dollaria.<\/span><\/p><p><strong><span style=\"color: #000000;\">14. Vahingonkorvausvelvollisuus<\/span><\/strong><\/p><p><span style=\"color: #000000;\">Sitoudut puolustamaan ja vapauttamaan Yhti\u00f6n vastuusta kaikista vaatimuksista, vahingoista ja kustannuksista, jotka johtuvat Sivuston k\u00e4yt\u00f6st\u00e4si tai n\u00e4iden ehtojen rikkomisesta.<\/span><\/p><p><strong><span style=\"color: #000000;\">15. Sopimuksen voimassaolo ja p\u00e4\u00e4tt\u00e4minen<\/span><\/strong><\/p><p><span style=\"color: #000000;\">Yhti\u00f6 voi milloin tahansa lopettaa Sivuston k\u00e4yt\u00f6n tai t\u00e4m\u00e4n sopimuksen ilman erillist\u00e4 ilmoitusta. Jos et hyv\u00e4ksy ehtoja, lopeta Sivuston k\u00e4ytt\u00f6 v\u00e4litt\u00f6m\u00e4sti. Tietyt kohdat, kuten immateriaalioikeudet, vastuunrajoitus ja tietosuoja, j\u00e4\u00e4v\u00e4t voimaan sopimuksen p\u00e4\u00e4ttymisen j\u00e4lkeen.<\/span><\/p><p><strong><span style=\"color: #000000;\">16. Riippumattomuus<\/span><\/strong><\/p><p><span style=\"color: #000000;\">Sin\u00e4 ja Yhti\u00f6 olette itsen\u00e4isi\u00e4 toimijoita. Mik\u00e4\u00e4n n\u00e4iss\u00e4 ehdoissa ei muodosta kumppanuutta, yhteisyrityst\u00e4 tai ty\u00f6suhdetta.<\/span><\/p><p><strong><span style=\"color: #000000;\">17. Siirrett\u00e4vyys<\/span><\/strong><\/p><p><span style=\"color: #000000;\">Et saa siirt\u00e4\u00e4 n\u00e4ist\u00e4 ehdoista johtuvia oikeuksia tai velvollisuuksia, mutta Yhti\u00f6 voi siirt\u00e4\u00e4 ne vapaasti ilman ennakkoilmoitusta.<\/span><\/p><p><strong><span style=\"color: #000000;\">18. Yleist\u00e4<\/span><\/strong><\/p><p><span style=\"color: #000000;\">Yhti\u00f6 voi muuttaa tai lopettaa Sivuston milloin tahansa. N\u00e4ihin ehtoihin ja sinun sek\u00e4 Yhti\u00f6n v\u00e4liseen suhteeseen sovelletaan Liettuan tasavallan lakia, ja mahdolliset riidat ratkaistaan Vilnan tuomioistuimissa.<\/span><br \/><span style=\"color: #000000;\">Jos jokin kohta todetaan p\u00e4tem\u00e4tt\u00f6m\u00e4ksi, muut ehdot pysyv\u00e4t voimassa.<\/span><br \/><span style=\"color: #000000;\">Oikeudenk\u00e4ynti on aloitettava vuoden kuluessa vaatimuksen syntymisest\u00e4, muuten oikeus raukeaa pysyv\u00e4sti.<\/span><\/p><p><span style=\"color: #000000;\"><strong>YHTEYSTIEDOT<\/strong><\/span><\/p><p><span style=\"color: #000000;\">Yrityksen tiedot:<\/span><br \/><span style=\"color: #000000;\">So Trends Group LLC<\/span><br \/><span style=\"color: #000000;\">Osoite: 7345 W Sand Lake Rd, Ste 210 \u2013 Office 6415, Orlando, FL 32819<\/span><br \/><span style=\"color: #000000;\">ALV-numero: 32282516\/0001-62<\/span><br \/><span style=\"color: #000000;\">Yhteystiedot: support@sotrends.com<\/span><\/p>\t\t\t\t\t\t\t\t<\/div>\n\t\t\t\t<\/div>\n\t\t\t\t\t<\/div>\n\t\t<\/div>\n\t\t\t\t\t<\/div>\n\t\t<\/section>\n\t\t\t\t<\/div>","protected":false},"excerpt":{"rendered":"<p>K\u00e4ytt\u00f6ehdot LUE N\u00c4M\u00c4 EHDOT HUOLELLISESTI ENNEN KUIN K\u00c4YT\u00c4T TAI P\u00c4\u00c4SET K\u00c4SIKSI MIHINK\u00c4\u00c4N OSIIN T\u00c4T\u00c4 SIVUSTOA. Tervetuloa osoitteeseen https:\/\/sotrends.com(mukaan lukien sen aliverkkotunnukset, sis\u00e4lt\u00f6 ja tavaramerkit, j\u00e4ljemp\u00e4n\u00e4 \u201dSivusto\u201d). Lue n\u00e4m\u00e4 k\u00e4ytt\u00f6ehdot huolellisesti [&hellip;]<\/p>\n","protected":false},"author":2,"featured_media":0,"parent":0,"menu_order":0,"comment_status":"closed","ping_status":"closed","template":"elementor_canvas","meta":{"footnotes":""},"class_list":["post-253408","page","type-page","status-publish","hentry"],"lang":"fi","translations":{"fi":253408,"de":44780,"en":248,"he":240561,"lt":269115},"_links":{"self":[{"href":"https:\/\/sotrends.com\/fi\/wp-json\/wp\/v2\/pages\/253408","targetHints":{"allow":["GET"]}}],"collection":[{"href":"https:\/\/sotrends.com\/fi\/wp-json\/wp\/v2\/pages"}],"about":[{"href":"https:\/\/sotrends.com\/fi\/wp-json\/wp\/v2\/types\/page"}],"author":[{"embeddable":true,"href":"https:\/\/sotrends.com\/fi\/wp-json\/wp\/v2\/users\/2"}],"replies":[{"embeddable":true,"href":"https:\/\/sotrends.com\/fi\/wp-json\/wp\/v2\/comments?post=253408"}],"version-history":[{"count":16,"href":"https:\/\/sotrends.com\/fi\/wp-json\/wp\/v2\/pages\/253408\/revisions"}],"predecessor-version":[{"id":254217,"href":"https:\/\/sotrends.com\/fi\/wp-json\/wp\/v2\/pages\/253408\/revisions\/254217"}],"wp:attachment":[{"href":"https:\/\/sotrends.com\/fi\/wp-json\/wp\/v2\/media?parent=253408"}],"curies":[{"name":"wp","href":"https:\/\/api.w.org\/{rel}","templated":true}]}}