{"id":107952,"date":"2024-07-04T17:04:30","date_gmt":"2024-07-04T20:04:30","guid":{"rendered":"https:\/\/sotrends.com\/?page_id=107952"},"modified":"2025-01-14T15:11:41","modified_gmt":"2025-01-14T18:11:41","slug":"politica-de-privacidad","status":"publish","type":"page","link":"https:\/\/sotrends.com\/es\/politica-de-privacidad\/","title":{"rendered":"Pol\u00edtica de Privacidad"},"content":{"rendered":"\t\t<div data-elementor-type=\"wp-page\" data-elementor-id=\"107952\" class=\"elementor elementor-107952\" data-elementor-post-type=\"page\">\n\t\t\t\t\t\t<section class=\"elementor-section elementor-inner-section elementor-element elementor-element-1ed110e4 elementor-section-boxed elementor-section-height-default elementor-section-height-default\" data-id=\"1ed110e4\" data-element_type=\"section\" data-e-type=\"section\">\n\t\t\t\t\t\t<div class=\"elementor-container elementor-column-gap-default\">\n\t\t\t\t\t<div class=\"elementor-column elementor-col-33 elementor-inner-column elementor-element elementor-element-26d7d67a\" data-id=\"26d7d67a\" data-element_type=\"column\" data-e-type=\"column\">\n\t\t\t<div class=\"elementor-widget-wrap elementor-element-populated\">\n\t\t\t\t\t\t<div class=\"elementor-element elementor-element-2a491a08 elementor-nav-menu__align-center elementor-hidden-tablet elementor-hidden-mobile elementor-nav-menu--dropdown-tablet elementor-nav-menu__text-align-aside elementor-nav-menu--toggle elementor-nav-menu--burger elementor-widget elementor-widget-nav-menu\" data-id=\"2a491a08\" data-element_type=\"widget\" data-e-type=\"widget\" data-settings=\"{&quot;layout&quot;:&quot;horizontal&quot;,&quot;submenu_icon&quot;:{&quot;value&quot;:&quot;&lt;i class=\\&quot;fas fa-caret-down\\&quot; aria-hidden=\\&quot;true\\&quot;&gt;&lt;\\\/i&gt;&quot;,&quot;library&quot;:&quot;fa-solid&quot;},&quot;toggle&quot;:&quot;burger&quot;}\" data-widget_type=\"nav-menu.default\">\n\t\t\t\t<div class=\"elementor-widget-container\">\n\t\t\t\t\t\t\t\t<nav aria-label=\"Menu\" class=\"elementor-nav-menu--main elementor-nav-menu__container elementor-nav-menu--layout-horizontal e--pointer-text e--animation-none\">\n\t\t\t\t<ul id=\"menu-1-2a491a08\" class=\"elementor-nav-menu\"><li class=\"menu-item menu-item-type-custom menu-item-object-custom menu-item-home menu-item-111741 botiga-dropdown-li\"><a href=\"https:\/\/sotrends.com\/es\" class=\"botiga-dropdown-link elementor-item\">P\u00e1gina Principal<\/a><\/li>\n<li class=\"menu-item menu-item-type-post_type menu-item-object-page menu-item-111742 botiga-dropdown-li\"><a href=\"https:\/\/sotrends.com\/es\/preguntas-frecuentes\/\" class=\"botiga-dropdown-link elementor-item\">Preguntas Frecuentes<\/a><\/li>\n<\/ul>\t\t\t<\/nav>\n\t\t\t\t\t<div class=\"elementor-menu-toggle\" role=\"button\" tabindex=\"0\" aria-label=\"Alternar men\u00fa\" aria-expanded=\"false\">\n\t\t\t<i aria-hidden=\"true\" role=\"presentation\" class=\"elementor-menu-toggle__icon--open eicon-menu-bar\"><\/i><i aria-hidden=\"true\" role=\"presentation\" class=\"elementor-menu-toggle__icon--close eicon-close\"><\/i>\t\t<\/div>\n\t\t\t\t\t<nav class=\"elementor-nav-menu--dropdown elementor-nav-menu__container\" aria-hidden=\"true\">\n\t\t\t\t<ul id=\"menu-2-2a491a08\" class=\"elementor-nav-menu\"><li class=\"menu-item menu-item-type-custom menu-item-object-custom menu-item-home menu-item-111741 botiga-dropdown-li\"><a href=\"https:\/\/sotrends.com\/es\" class=\"botiga-dropdown-link elementor-item\" tabindex=\"-1\">P\u00e1gina Principal<\/a><\/li>\n<li class=\"menu-item menu-item-type-post_type menu-item-object-page menu-item-111742 botiga-dropdown-li\"><a href=\"https:\/\/sotrends.com\/es\/preguntas-frecuentes\/\" class=\"botiga-dropdown-link elementor-item\" tabindex=\"-1\">Preguntas Frecuentes<\/a><\/li>\n<\/ul>\t\t\t<\/nav>\n\t\t\t\t\t\t<\/div>\n\t\t\t\t<\/div>\n\t\t\t\t<div class=\"elementor-element elementor-element-1b4b02db elementor-hidden-desktop elementor-view-default elementor-widget elementor-widget-icon\" data-id=\"1b4b02db\" data-element_type=\"widget\" data-e-type=\"widget\" data-widget_type=\"icon.default\">\n\t\t\t\t<div class=\"elementor-widget-container\">\n\t\t\t\t\t\t\t<div class=\"elementor-icon-wrapper\">\n\t\t\t<a class=\"elementor-icon\" href=\"#elementor-action%3Aaction%3Dpopup%3Aopen%26settings%3DeyJpZCI6Ijc5NzA0IiwidG9nZ2xlIjpmYWxzZX0%3D\">\n\t\t\t<i aria-hidden=\"true\" class=\"fas fa-bars\"><\/i>\t\t\t<\/a>\n\t\t<\/div>\n\t\t\t\t\t\t<\/div>\n\t\t\t\t<\/div>\n\t\t\t\t\t<\/div>\n\t\t<\/div>\n\t\t\t\t<div class=\"elementor-column elementor-col-33 elementor-inner-column elementor-element elementor-element-3ee3124b\" data-id=\"3ee3124b\" data-element_type=\"column\" data-e-type=\"column\">\n\t\t\t<div class=\"elementor-widget-wrap elementor-element-populated\">\n\t\t\t\t\t\t<div class=\"elementor-element elementor-element-12cba5e8 elementor-widget elementor-widget-theme-site-logo elementor-widget-image\" data-id=\"12cba5e8\" data-element_type=\"widget\" data-e-type=\"widget\" data-widget_type=\"theme-site-logo.default\">\n\t\t\t\t<div class=\"elementor-widget-container\">\n\t\t\t\t\t\t\t\t\t\t\t<a href=\"https:\/\/sotrends.com\/fr\/\">\n\t\t\t<img fetchpriority=\"high\" decoding=\"async\" width=\"500\" height=\"152\" src=\"https:\/\/sotrends.com\/wp-content\/uploads\/2023\/04\/logo5.png\" class=\"attachment-full size-full wp-image-5982\" alt=\"\" srcset=\"https:\/\/sotrends.com\/wp-content\/uploads\/2023\/04\/logo5.png 500w, https:\/\/sotrends.com\/wp-content\/uploads\/2023\/04\/logo5-300x91.png 300w, https:\/\/sotrends.com\/wp-content\/uploads\/2023\/04\/logo5-380x116.png 380w\" sizes=\"(max-width: 500px) 100vw, 500px\" \/>\t\t\t\t<\/a>\n\t\t\t\t\t\t\t\t\t\t\t<\/div>\n\t\t\t\t<\/div>\n\t\t\t\t\t<\/div>\n\t\t<\/div>\n\t\t\t\t<div class=\"elementor-column elementor-col-33 elementor-inner-column elementor-element elementor-element-190d559e\" data-id=\"190d559e\" data-element_type=\"column\" data-e-type=\"column\">\n\t\t\t<div class=\"elementor-widget-wrap elementor-element-populated\">\n\t\t\t\t\t\t<div class=\"elementor-element elementor-element-2d4163d3 elementor-nav-menu__align-center elementor-hidden-tablet elementor-hidden-mobile elementor-nav-menu--dropdown-tablet elementor-nav-menu__text-align-aside elementor-nav-menu--toggle elementor-nav-menu--burger elementor-widget elementor-widget-nav-menu\" data-id=\"2d4163d3\" data-element_type=\"widget\" data-e-type=\"widget\" data-settings=\"{&quot;layout&quot;:&quot;horizontal&quot;,&quot;submenu_icon&quot;:{&quot;value&quot;:&quot;&lt;i class=\\&quot;fas fa-caret-down\\&quot; aria-hidden=\\&quot;true\\&quot;&gt;&lt;\\\/i&gt;&quot;,&quot;library&quot;:&quot;fa-solid&quot;},&quot;toggle&quot;:&quot;burger&quot;}\" data-widget_type=\"nav-menu.default\">\n\t\t\t\t<div class=\"elementor-widget-container\">\n\t\t\t\t\t\t\t\t<nav aria-label=\"Menu\" class=\"elementor-nav-menu--main elementor-nav-menu__container elementor-nav-menu--layout-horizontal e--pointer-text e--animation-none\">\n\t\t\t\t<ul id=\"menu-1-2d4163d3\" class=\"elementor-nav-menu\"><li class=\"menu-item menu-item-type-custom menu-item-object-custom menu-item-111743 botiga-dropdown-li\"><a href=\"https:\/\/parcelsapp.com\/es\/tracking\" class=\"botiga-dropdown-link elementor-item\">Seguimiento de Pedido<\/a><\/li>\n<li class=\"menu-item menu-item-type-post_type menu-item-object-page menu-item-111747 botiga-dropdown-li\"><a href=\"https:\/\/sotrends.com\/es\/contacto\/\" class=\"botiga-dropdown-link elementor-item\">Contacto<\/a><\/li>\n<\/ul>\t\t\t<\/nav>\n\t\t\t\t\t<div class=\"elementor-menu-toggle\" role=\"button\" tabindex=\"0\" aria-label=\"Alternar men\u00fa\" aria-expanded=\"false\">\n\t\t\t<i aria-hidden=\"true\" role=\"presentation\" class=\"elementor-menu-toggle__icon--open eicon-menu-bar\"><\/i><i aria-hidden=\"true\" role=\"presentation\" class=\"elementor-menu-toggle__icon--close eicon-close\"><\/i>\t\t<\/div>\n\t\t\t\t\t<nav class=\"elementor-nav-menu--dropdown elementor-nav-menu__container\" aria-hidden=\"true\">\n\t\t\t\t<ul id=\"menu-2-2d4163d3\" class=\"elementor-nav-menu\"><li class=\"menu-item menu-item-type-custom menu-item-object-custom menu-item-111743 botiga-dropdown-li\"><a href=\"https:\/\/parcelsapp.com\/es\/tracking\" class=\"botiga-dropdown-link elementor-item\" tabindex=\"-1\">Seguimiento de Pedido<\/a><\/li>\n<li class=\"menu-item menu-item-type-post_type menu-item-object-page menu-item-111747 botiga-dropdown-li\"><a href=\"https:\/\/sotrends.com\/es\/contacto\/\" class=\"botiga-dropdown-link elementor-item\" tabindex=\"-1\">Contacto<\/a><\/li>\n<\/ul>\t\t\t<\/nav>\n\t\t\t\t\t\t<\/div>\n\t\t\t\t<\/div>\n\t\t\t\t\t<\/div>\n\t\t<\/div>\n\t\t\t\t\t<\/div>\n\t\t<\/section>\n\t\t\t\t<section class=\"elementor-section elementor-top-section elementor-element elementor-element-7f8b6bd2 elementor-section-boxed elementor-section-height-default elementor-section-height-default\" data-id=\"7f8b6bd2\" data-element_type=\"section\" data-e-type=\"section\">\n\t\t\t\t\t\t<div class=\"elementor-container elementor-column-gap-default\">\n\t\t\t\t\t<div class=\"elementor-column elementor-col-100 elementor-top-column elementor-element elementor-element-4e749591\" data-id=\"4e749591\" data-element_type=\"column\" data-e-type=\"column\">\n\t\t\t<div class=\"elementor-widget-wrap elementor-element-populated\">\n\t\t\t\t\t\t<div class=\"elementor-element elementor-element-74ef2131 elementor-widget elementor-widget-text-editor\" data-id=\"74ef2131\" data-element_type=\"widget\" data-e-type=\"widget\" data-widget_type=\"text-editor.default\">\n\t\t\t\t<div class=\"elementor-widget-container\">\n\t\t\t\t\t\t\t\t\t<h2 style=\"text-align: center;\"><span style=\"color: #333333;\">Pol\u00edtica de Privacidad<\/span><\/h2><p><span style=\"color: #333333;\">Nuestra pol\u00edtica de privacidad describe las pr\u00e1cticas de recogida y uso de datos personales. Damos gran importancia al respeto de la privacidad y a la protecci\u00f3n de los datos personales, y nos comprometemos a adoptar medidas adecuadas para asegurar la seguridad de dichos datos y tratarlos y utilizarlos conforme a las leyes y normativas aplicables, incluido el GDPR y la ley de inform\u00e1tica y libertades.<\/span><\/p><p><span style=\"color: #333333;\"><strong>Art\u00edculo 1: Responsabilidad de la recogida de datos<\/strong> Los datos son recogidos por SoTrends. De acuerdo con el art\u00edculo 24 del Reglamento General de Protecci\u00f3n de Datos 2016\/679 del 27 de abril de 2016, SoTrends es responsable de la gesti\u00f3n de estos datos. Se ha nombrado un delegado para la protecci\u00f3n de datos personales, que puede ser contactado por correo electr\u00f3nico en <a style=\"color: #333333;\" rel=\"noreferrer\">support@sotrends.com<\/a> para cualquier pregunta relacionada con la protecci\u00f3n de datos.<\/span><\/p><p><span style=\"color: #333333;\"><strong>Art\u00edculo 2: Recogida y uso de los datos<\/strong> Como responsable de la recogida de datos, SoTrends est\u00e1 obligada a recoger, consultar, utilizar, modificar, conservar, transmitir y eliminar los datos personales para las necesidades de sus actividades comerciales y contractuales. De acuerdo con el art\u00edculo 4 del Reglamento General de Protecci\u00f3n de Datos 2016\/679 del 27 de abril de 2016, los datos recogidos conciernen a informaci\u00f3n relativa a una persona f\u00edsica identificada o identificable.<\/span><\/p><p><span style=\"color: #333333;\">SoTrends se compromete a recoger datos personales solo para fines espec\u00edficos, expl\u00edcitos y leg\u00edtimos y a no utilizar estos datos de manera incompatible con dichos fines. Los datos recogidos son adecuados, pertinentes y no excesivos en relaci\u00f3n con los fines para los que son recogidos. Los datos son recogidos directamente de las personas interesadas cuando crean un espacio personal.<\/span><\/p><p><span style=\"color: #333333;\"><strong>Art\u00edculo 3: Alojamiento de los datos<\/strong> Los datos recogidos y tratados por SoTrends se conservan en la Uni\u00f3n Europea.<\/span><\/p><p><span style=\"color: #333333;\"><strong>ART\u00cdCULO 4: Destino de los datos recogidos<\/strong> SoTrends es el \u00fanico destinatario de los datos recogidos, y se compromete a no transmitirlos a terceros a menos que sea requerido por una solicitud judicial.<\/span><\/p><p><span style=\"color: #333333;\"><strong>Art\u00edculo 5: Duraci\u00f3n de la conservaci\u00f3n de los datos<\/strong> Los datos se conservan durante un per\u00edodo adecuado a los fines del tratamiento y conforme a las leyes y normativas vigentes. Los datos de los clientes se conservan durante la duraci\u00f3n de la relaci\u00f3n contractual y pueden ser conservados durante diez a\u00f1os despu\u00e9s del fin de la relaci\u00f3n contractual para cumplir con las obligaciones contables y fiscales.<\/span><\/p><p><span style=\"color: #333333;\"><strong>Art\u00edculo 6: Sus derechos<\/strong> De acuerdo con el Reglamento General de Protecci\u00f3n de Datos 2016\/679 del 27 de abril de 2016, cada persona tiene el derecho de acceder, rectificar, cancelar, limitar y oponerse al tratamiento de sus datos personales, as\u00ed como el derecho a la portabilidad de estos datos. Estos derechos pueden ser ejercidos contactando a SoTrends en la siguiente direcci\u00f3n: <a style=\"color: #333333;\" rel=\"noreferrer\">support@sotrends.com<\/a>. Las personas tambi\u00e9n tienen derecho a presentar una queja ante la CNIL y, desde la ley n\u00ba2016-1321 del 7 de octubre de 2016, pueden organizar el destino de sus datos despu\u00e9s de su muerte. Para m\u00e1s informaci\u00f3n sobre el tema: <a style=\"color: #333333;\" href=\"https:\/\/www.cnil.fr\/\" target=\"_new\" rel=\"noreferrer\">https:\/\/www.cnil.fr\/<\/a>.<\/span><\/p><p><span style=\"color: #333333;\"><strong>Art\u00edculo 7: Pol\u00edtica sobre la gesti\u00f3n de cookies<\/strong> Nuestro sitio utiliza cookies para mejorar la experiencia del usuario en su sitio web y en su aplicaci\u00f3n. Las cookies son archivos de texto almacenados en su ordenador o dispositivo m\u00f3vil que recogen informaci\u00f3n sobre su navegaci\u00f3n.<\/span><\/p><p><span style=\"color: #333333;\"><strong>Art\u00edculo 8: Cambios en la Pol\u00edtica de Privacidad<\/strong> Nos reservamos el derecho de modificar esta Pol\u00edtica de Privacidad en cualquier momento y sin previo aviso. Se invita a los usuarios a consultar regularmente esta pol\u00edtica para estar informados sobre los cambios.<\/span><\/p><p><span style=\"color: #000000;\"><!-- \/wp:paragraph --><\/span><\/p>\t\t\t\t\t\t\t\t<\/div>\n\t\t\t\t<\/div>\n\t\t\t\t\t<\/div>\n\t\t<\/div>\n\t\t\t\t\t<\/div>\n\t\t<\/section>\n\t\t\t\t<section class=\"elementor-section elementor-top-section elementor-element elementor-element-6f354a4f elementor-section-boxed elementor-section-height-default elementor-section-height-default\" data-id=\"6f354a4f\" data-element_type=\"section\" data-e-type=\"section\">\n\t\t\t\t\t\t<div class=\"elementor-container elementor-column-gap-default\">\n\t\t\t\t\t<div class=\"elementor-column elementor-col-100 elementor-top-column elementor-element elementor-element-b9a51e1\" data-id=\"b9a51e1\" data-element_type=\"column\" data-e-type=\"column\">\n\t\t\t<div class=\"elementor-widget-wrap elementor-element-populated\">\n\t\t\t\t\t\t<div class=\"elementor-element elementor-element-19ffb14b elementor-widget elementor-widget-html\" data-id=\"19ffb14b\" data-element_type=\"widget\" data-e-type=\"widget\" data-widget_type=\"html.default\">\n\t\t\t\t<div class=\"elementor-widget-container\">\n\t\t\t\t\t\t<!-- Taboola Pixel Code -->\n<script type='text\/javascript'>\n  window._tfa = window._tfa || [];\n  window._tfa.push({notify: 'event', name: 'page_view', id: 1548203});\n  !function (t, f, a, x) {\n         if (!document.getElementById(x)) {\n            t.async = 1;t.src = a;t.id=x;f.parentNode.insertBefore(t, f);\n         }\n  }(document.createElement('script'),\n  document.getElementsByTagName('script')[0],\n  '\/\/cdn.taboola.com\/libtrc\/unip\/1548203\/tfa.js',\n  'tb_tfa_script');\n<\/script>\n<!-- End of Taboola Pixel Code -->\n\t\n\t<!-- Taboola Pixel Code -->\n<script type='text\/javascript'>\n  window._tfa = window._tfa || [];\n  window._tfa.push({notify: 'event', name: 'page_view', id: 1553975});\n  !function (t, f, a, x) {\n         if (!document.getElementById(x)) {\n            t.async = 1;t.src = a;t.id=x;f.parentNode.insertBefore(t, f);\n         }\n  }(document.createElement('script'),\n  document.getElementsByTagName('script')[0],\n  '\/\/cdn.taboola.com\/libtrc\/unip\/1553975\/tfa.js',\n  'tb_tfa_script');\n<\/script>\n<!-- End of Taboola Pixel Code -->\n\t\n\t<!-- Google tag (gtag.js) -->\n<script async src=\"https:\/\/www.googletagmanager.com\/gtag\/js?id=G-9CX17QVX2N\"><\/script>\n<script>\n  window.dataLayer = window.dataLayer || [];\n  function gtag(){dataLayer.push(arguments);}\n  gtag('js', new Date());\n\n  gtag('config', 'G-9CX17QVX2N');\n<\/script>\t\t\t\t<\/div>\n\t\t\t\t<\/div>\n\t\t\t\t\t<\/div>\n\t\t<\/div>\n\t\t\t\t\t<\/div>\n\t\t<\/section>\n\t\t\t\t<section class=\"elementor-section elementor-top-section elementor-element elementor-element-681b2ee0 elementor-section-full_width elementor-section-height-default elementor-section-height-default\" data-id=\"681b2ee0\" data-element_type=\"section\" data-e-type=\"section\" data-settings=\"{&quot;background_background&quot;:&quot;classic&quot;}\">\n\t\t\t\t\t\t<div class=\"elementor-container elementor-column-gap-no\">\n\t\t\t\t\t<div class=\"elementor-column elementor-col-100 elementor-top-column elementor-element elementor-element-286fe3a2\" data-id=\"286fe3a2\" data-element_type=\"column\" data-e-type=\"column\">\n\t\t\t<div class=\"elementor-widget-wrap elementor-element-populated\">\n\t\t\t\t\t\t<section class=\"elementor-section elementor-inner-section elementor-element elementor-element-6b56b541 elementor-section-boxed elementor-section-height-default elementor-section-height-default\" data-id=\"6b56b541\" data-element_type=\"section\" data-e-type=\"section\">\n\t\t\t\t\t\t<div class=\"elementor-container elementor-column-gap-default\">\n\t\t\t\t\t<div class=\"elementor-column elementor-col-25 elementor-inner-column elementor-element elementor-element-2ae7997e\" data-id=\"2ae7997e\" data-element_type=\"column\" data-e-type=\"column\">\n\t\t\t<div class=\"elementor-widget-wrap elementor-element-populated\">\n\t\t\t\t\t\t<div class=\"elementor-element elementor-element-7298d0aa elementor-widget elementor-widget-image\" data-id=\"7298d0aa\" data-element_type=\"widget\" data-e-type=\"widget\" data-widget_type=\"image.default\">\n\t\t\t\t<div class=\"elementor-widget-container\">\n\t\t\t\t\t\t\t\t\t\t\t\t\t\t\t<img decoding=\"async\" width=\"180\" height=\"59\" src=\"https:\/\/sotrends.com\/wp-content\/uploads\/2023\/04\/footer-3.png\" class=\"attachment-large size-large wp-image-6113\" alt=\"\" \/>\t\t\t\t\t\t\t\t\t\t\t\t\t\t\t<\/div>\n\t\t\t\t<\/div>\n\t\t\t\t\t<\/div>\n\t\t<\/div>\n\t\t\t\t<div class=\"elementor-column elementor-col-25 elementor-inner-column elementor-element elementor-element-56ee96c\" data-id=\"56ee96c\" data-element_type=\"column\" data-e-type=\"column\">\n\t\t\t<div class=\"elementor-widget-wrap elementor-element-populated\">\n\t\t\t\t\t\t<div class=\"elementor-element elementor-element-79762c07 elementor-widget elementor-widget-heading\" data-id=\"79762c07\" data-element_type=\"widget\" data-e-type=\"widget\" data-widget_type=\"heading.default\">\n\t\t\t\t<div class=\"elementor-widget-container\">\n\t\t\t\t\t<h2 class=\"elementor-heading-title elementor-size-default\"><a href=\"https:\/\/sotrends.com\/es\/politica-de-privacidad\/\">Pol\u00edtica de Privacidad<\/a><\/h2>\t\t\t\t<\/div>\n\t\t\t\t<\/div>\n\t\t\t\t<div class=\"elementor-element elementor-element-e02bd04 elementor-widget elementor-widget-heading\" data-id=\"e02bd04\" data-element_type=\"widget\" data-e-type=\"widget\" data-widget_type=\"heading.default\">\n\t\t\t\t<div class=\"elementor-widget-container\">\n\t\t\t\t\t<h2 class=\"elementor-heading-title elementor-size-default\"><a href=\"https:\/\/sotrends.com\/es\/condiciones-de-venta\/\">Condiciones de Venta<\/a><\/h2>\t\t\t\t<\/div>\n\t\t\t\t<\/div>\n\t\t\t\t<div class=\"elementor-element elementor-element-1532349d elementor-widget elementor-widget-heading\" data-id=\"1532349d\" data-element_type=\"widget\" data-e-type=\"widget\" data-widget_type=\"heading.default\">\n\t\t\t\t<div class=\"elementor-widget-container\">\n\t\t\t\t\t<h2 class=\"elementor-heading-title elementor-size-default\"><a href=\"https:\/\/sotrends.com\/es\/preguntas-frecuentes\/\">Preguntas Frecuentes<\/a><\/h2>\t\t\t\t<\/div>\n\t\t\t\t<\/div>\n\t\t\t\t\t<\/div>\n\t\t<\/div>\n\t\t\t\t<div class=\"elementor-column elementor-col-25 elementor-inner-column elementor-element elementor-element-7d040b88\" data-id=\"7d040b88\" data-element_type=\"column\" data-e-type=\"column\">\n\t\t\t<div class=\"elementor-widget-wrap elementor-element-populated\">\n\t\t\t\t\t\t<div class=\"elementor-element elementor-element-7de37339 elementor-widget elementor-widget-heading\" data-id=\"7de37339\" data-element_type=\"widget\" data-e-type=\"widget\" data-widget_type=\"heading.default\">\n\t\t\t\t<div class=\"elementor-widget-container\">\n\t\t\t\t\t<h2 class=\"elementor-heading-title elementor-size-default\"><a href=\"https:\/\/sotrends.com\/es\/devoluciones-y-garantias\/\">Devoluciones y Garant\u00edas<\/a><\/h2>\t\t\t\t<\/div>\n\t\t\t\t<\/div>\n\t\t\t\t<div class=\"elementor-element elementor-element-218fec7 elementor-widget elementor-widget-heading\" data-id=\"218fec7\" data-element_type=\"widget\" data-e-type=\"widget\" data-widget_type=\"heading.default\">\n\t\t\t\t<div class=\"elementor-widget-container\">\n\t\t\t\t\t<h2 class=\"elementor-heading-title elementor-size-default\"><a href=\"https:\/\/sotrends.com\/es\/contacto\/\">Contacto<\/a><\/h2>\t\t\t\t<\/div>\n\t\t\t\t<\/div>\n\t\t\t\t\t<\/div>\n\t\t<\/div>\n\t\t\t\t<div class=\"elementor-column elementor-col-25 elementor-inner-column elementor-element elementor-element-5f813ef7\" data-id=\"5f813ef7\" data-element_type=\"column\" data-e-type=\"column\">\n\t\t\t<div class=\"elementor-widget-wrap elementor-element-populated\">\n\t\t\t\t\t\t<div class=\"elementor-element elementor-element-42dd8dff elementor-widget elementor-widget-image\" data-id=\"42dd8dff\" data-element_type=\"widget\" data-e-type=\"widget\" data-widget_type=\"image.default\">\n\t\t\t\t<div class=\"elementor-widget-container\">\n\t\t\t\t\t\t\t\t\t\t\t\t\t\t\t<img decoding=\"async\" width=\"1024\" height=\"367\" src=\"https:\/\/sotrends.com\/wp-content\/uploads\/2023\/04\/pngegg-8-1024x367.png\" class=\"attachment-large size-large wp-image-7135\" alt=\"\" srcset=\"https:\/\/sotrends.com\/wp-content\/uploads\/2023\/04\/pngegg-8-1024x367.png 1024w, https:\/\/sotrends.com\/wp-content\/uploads\/2023\/04\/pngegg-8-300x108.png 300w, https:\/\/sotrends.com\/wp-content\/uploads\/2023\/04\/pngegg-8-768x275.png 768w, https:\/\/sotrends.com\/wp-content\/uploads\/2023\/04\/pngegg-8-1140x409.png 1140w, https:\/\/sotrends.com\/wp-content\/uploads\/2023\/04\/pngegg-8-920x330.png 920w, https:\/\/sotrends.com\/wp-content\/uploads\/2023\/04\/pngegg-8-575x206.png 575w, https:\/\/sotrends.com\/wp-content\/uploads\/2023\/04\/pngegg-8-380x136.png 380w, https:\/\/sotrends.com\/wp-content\/uploads\/2023\/04\/pngegg-8-800x287.png 800w, https:\/\/sotrends.com\/wp-content\/uploads\/2023\/04\/pngegg-8-64x23.png 64w, https:\/\/sotrends.com\/wp-content\/uploads\/2023\/04\/pngegg-8.png 1400w\" sizes=\"(max-width: 1024px) 100vw, 1024px\" \/>\t\t\t\t\t\t\t\t\t\t\t\t\t\t\t<\/div>\n\t\t\t\t<\/div>\n\t\t\t\t\t<\/div>\n\t\t<\/div>\n\t\t\t\t\t<\/div>\n\t\t<\/section>\n\t\t\t\t<section class=\"elementor-section elementor-inner-section elementor-element elementor-element-71ac9bd3 elementor-reverse-mobile elementor-section-boxed elementor-section-height-default elementor-section-height-default\" data-id=\"71ac9bd3\" data-element_type=\"section\" data-e-type=\"section\">\n\t\t\t\t\t\t<div class=\"elementor-container elementor-column-gap-default\">\n\t\t\t\t\t<div class=\"elementor-column elementor-col-100 elementor-inner-column elementor-element elementor-element-6fde35ed\" data-id=\"6fde35ed\" data-element_type=\"column\" data-e-type=\"column\">\n\t\t\t<div class=\"elementor-widget-wrap elementor-element-populated\">\n\t\t\t\t\t\t<div class=\"elementor-element elementor-element-51f78410 elementor-widget elementor-widget-heading\" data-id=\"51f78410\" data-element_type=\"widget\" data-e-type=\"widget\" data-widget_type=\"heading.default\">\n\t\t\t\t<div class=\"elementor-widget-container\">\n\t\t\t\t\t<h2 class=\"elementor-heading-title elementor-size-default\">Copyright \u00a9 2025 Sotrends<\/h2>\t\t\t\t<\/div>\n\t\t\t\t<\/div>\n\t\t\t\t\t<\/div>\n\t\t<\/div>\n\t\t\t\t\t<\/div>\n\t\t<\/section>\n\t\t\t\t\t<\/div>\n\t\t<\/div>\n\t\t\t\t\t<\/div>\n\t\t<\/section>\n\t\t\t\t<\/div>\n\t\t","protected":false},"excerpt":{"rendered":"<p>Pol\u00edtica de Privacidad Nuestra pol\u00edtica de privacidad describe las pr\u00e1cticas de recogida y uso de datos personales. Damos gran importancia al respeto de la privacidad y a la protecci\u00f3n de [&hellip;]<\/p>\n","protected":false},"author":2,"featured_media":0,"parent":0,"menu_order":0,"comment_status":"closed","ping_status":"closed","template":"elementor_canvas","meta":{"footnotes":""},"class_list":["post-107952","page","type-page","status-publish","hentry"],"lang":"es","translations":{"es":107952,"de":44793,"en":251,"fr":79529,"it":97282,"he":240545,"fi":253428,"da":253700,"pl":258326,"cs":260444,"ja":263899,"lt":269117},"_links":{"self":[{"href":"https:\/\/sotrends.com\/es\/wp-json\/wp\/v2\/pages\/107952","targetHints":{"allow":["GET"]}}],"collection":[{"href":"https:\/\/sotrends.com\/es\/wp-json\/wp\/v2\/pages"}],"about":[{"href":"https:\/\/sotrends.com\/es\/wp-json\/wp\/v2\/types\/page"}],"author":[{"embeddable":true,"href":"https:\/\/sotrends.com\/es\/wp-json\/wp\/v2\/users\/2"}],"replies":[{"embeddable":true,"href":"https:\/\/sotrends.com\/es\/wp-json\/wp\/v2\/comments?post=107952"}],"version-history":[{"count":17,"href":"https:\/\/sotrends.com\/es\/wp-json\/wp\/v2\/pages\/107952\/revisions"}],"predecessor-version":[{"id":192519,"href":"https:\/\/sotrends.com\/es\/wp-json\/wp\/v2\/pages\/107952\/revisions\/192519"}],"wp:attachment":[{"href":"https:\/\/sotrends.com\/es\/wp-json\/wp\/v2\/media?parent=107952"}],"curies":[{"name":"wp","href":"https:\/\/api.w.org\/{rel}","templated":true}]}}