{"id":44763,"date":"2023-12-01T17:13:02","date_gmt":"2023-12-01T20:13:02","guid":{"rendered":"https:\/\/sotrends.com\/?page_id=44763"},"modified":"2024-02-23T11:19:52","modified_gmt":"2024-02-23T14:19:52","slug":"faq","status":"publish","type":"page","link":"https:\/\/sotrends.com\/de\/faq\/","title":{"rendered":"FAQ"},"content":{"rendered":"\t\t<div data-elementor-type=\"wp-page\" data-elementor-id=\"44763\" class=\"elementor elementor-44763\" data-elementor-post-type=\"page\">\n\t\t\t\t\t\t<section class=\"elementor-section elementor-inner-section elementor-element elementor-element-341d4336 elementor-section-boxed elementor-section-height-default elementor-section-height-default\" data-id=\"341d4336\" data-element_type=\"section\" data-e-type=\"section\">\n\t\t\t\t\t\t<div class=\"elementor-container elementor-column-gap-default\">\n\t\t\t\t\t<div class=\"elementor-column elementor-col-33 elementor-inner-column elementor-element elementor-element-15fdd628\" data-id=\"15fdd628\" data-element_type=\"column\" data-e-type=\"column\">\n\t\t\t<div class=\"elementor-widget-wrap elementor-element-populated\">\n\t\t\t\t\t\t<div class=\"elementor-element elementor-element-5c5577c6 elementor-nav-menu__align-center elementor-hidden-tablet elementor-hidden-mobile elementor-nav-menu--dropdown-tablet elementor-nav-menu__text-align-aside elementor-nav-menu--toggle elementor-nav-menu--burger elementor-widget elementor-widget-nav-menu\" data-id=\"5c5577c6\" data-element_type=\"widget\" data-e-type=\"widget\" data-settings=\"{&quot;layout&quot;:&quot;horizontal&quot;,&quot;submenu_icon&quot;:{&quot;value&quot;:&quot;&lt;i class=\\&quot;fas fa-caret-down\\&quot; aria-hidden=\\&quot;true\\&quot;&gt;&lt;\\\/i&gt;&quot;,&quot;library&quot;:&quot;fa-solid&quot;},&quot;toggle&quot;:&quot;burger&quot;}\" data-widget_type=\"nav-menu.default\">\n\t\t\t\t<div class=\"elementor-widget-container\">\n\t\t\t\t\t\t\t\t<nav aria-label=\"Men\u00fc\" class=\"elementor-nav-menu--main elementor-nav-menu__container elementor-nav-menu--layout-horizontal e--pointer-text e--animation-none\">\n\t\t\t\t<ul id=\"menu-1-5c5577c6\" class=\"elementor-nav-menu\"><li class=\"menu-item menu-item-type-custom menu-item-object-custom menu-item-home menu-item-44910 botiga-dropdown-li\"><a href=\"https:\/\/sotrends.com\/de\/\" class=\"botiga-dropdown-link elementor-item\">STARTSEITE<\/a><\/li>\n<li class=\"menu-item menu-item-type-post_type menu-item-object-page menu-item-44921 botiga-dropdown-li\"><a href=\"https:\/\/sotrends.com\/de\/uber-uns\/\" class=\"botiga-dropdown-link elementor-item\">\u00dcBER UNS<\/a><\/li>\n<li class=\"menu-item menu-item-type-post_type menu-item-object-page menu-item-60997 botiga-dropdown-li\"><a href=\"https:\/\/sotrends.com\/de\/faq\/\" class=\"botiga-dropdown-link elementor-item\">FAQ<\/a><\/li>\n<\/ul>\t\t\t<\/nav>\n\t\t\t\t\t<div class=\"elementor-menu-toggle\" role=\"button\" tabindex=\"0\" aria-label=\"Men\u00fc Umschalter\" aria-expanded=\"false\">\n\t\t\t<i aria-hidden=\"true\" role=\"presentation\" class=\"elementor-menu-toggle__icon--open eicon-menu-bar\"><\/i><i aria-hidden=\"true\" role=\"presentation\" class=\"elementor-menu-toggle__icon--close eicon-close\"><\/i>\t\t<\/div>\n\t\t\t\t\t<nav class=\"elementor-nav-menu--dropdown elementor-nav-menu__container\" aria-hidden=\"true\">\n\t\t\t\t<ul id=\"menu-2-5c5577c6\" class=\"elementor-nav-menu\"><li class=\"menu-item menu-item-type-custom menu-item-object-custom menu-item-home menu-item-44910 botiga-dropdown-li\"><a href=\"https:\/\/sotrends.com\/de\/\" class=\"botiga-dropdown-link elementor-item\" tabindex=\"-1\">STARTSEITE<\/a><\/li>\n<li class=\"menu-item menu-item-type-post_type menu-item-object-page menu-item-44921 botiga-dropdown-li\"><a href=\"https:\/\/sotrends.com\/de\/uber-uns\/\" class=\"botiga-dropdown-link elementor-item\" tabindex=\"-1\">\u00dcBER UNS<\/a><\/li>\n<li class=\"menu-item menu-item-type-post_type menu-item-object-page menu-item-60997 botiga-dropdown-li\"><a href=\"https:\/\/sotrends.com\/de\/faq\/\" class=\"botiga-dropdown-link elementor-item\" tabindex=\"-1\">FAQ<\/a><\/li>\n<\/ul>\t\t\t<\/nav>\n\t\t\t\t\t\t<\/div>\n\t\t\t\t<\/div>\n\t\t\t\t<div class=\"elementor-element elementor-element-6a831f41 elementor-hidden-desktop elementor-view-default elementor-widget elementor-widget-icon\" data-id=\"6a831f41\" data-element_type=\"widget\" data-e-type=\"widget\" data-widget_type=\"icon.default\">\n\t\t\t\t<div class=\"elementor-widget-container\">\n\t\t\t\t\t\t\t<div class=\"elementor-icon-wrapper\">\n\t\t\t<a class=\"elementor-icon\" href=\"#elementor-action%3Aaction%3Dpopup%3Aopen%26settings%3DeyJpZCI6IjQ1MDM4IiwidG9nZ2xlIjpmYWxzZX0%3D\">\n\t\t\t<i aria-hidden=\"true\" class=\"fas fa-bars\"><\/i>\t\t\t<\/a>\n\t\t<\/div>\n\t\t\t\t\t\t<\/div>\n\t\t\t\t<\/div>\n\t\t\t\t\t<\/div>\n\t\t<\/div>\n\t\t\t\t<div class=\"elementor-column elementor-col-33 elementor-inner-column elementor-element elementor-element-25e70755\" data-id=\"25e70755\" data-element_type=\"column\" data-e-type=\"column\">\n\t\t\t<div class=\"elementor-widget-wrap elementor-element-populated\">\n\t\t\t\t\t\t<div class=\"elementor-element elementor-element-16c2865e elementor-widget elementor-widget-theme-site-logo elementor-widget-image\" data-id=\"16c2865e\" data-element_type=\"widget\" data-e-type=\"widget\" data-widget_type=\"theme-site-logo.default\">\n\t\t\t\t<div class=\"elementor-widget-container\">\n\t\t\t\t\t\t\t\t\t\t\t<a href=\"https:\/\/sotrends.com\/de\/\">\n\t\t\t<img fetchpriority=\"high\" decoding=\"async\" width=\"500\" height=\"152\" src=\"https:\/\/sotrends.com\/wp-content\/uploads\/2023\/04\/logo5.png\" class=\"attachment-full size-full wp-image-5982\" alt=\"\" srcset=\"https:\/\/sotrends.com\/wp-content\/uploads\/2023\/04\/logo5.png 500w, https:\/\/sotrends.com\/wp-content\/uploads\/2023\/04\/logo5-300x91.png 300w, https:\/\/sotrends.com\/wp-content\/uploads\/2023\/04\/logo5-380x116.png 380w\" sizes=\"(max-width: 500px) 100vw, 500px\" \/>\t\t\t\t<\/a>\n\t\t\t\t\t\t\t\t\t\t\t<\/div>\n\t\t\t\t<\/div>\n\t\t\t\t\t<\/div>\n\t\t<\/div>\n\t\t\t\t<div class=\"elementor-column elementor-col-33 elementor-inner-column elementor-element elementor-element-5c18b323\" data-id=\"5c18b323\" data-element_type=\"column\" data-e-type=\"column\">\n\t\t\t<div class=\"elementor-widget-wrap elementor-element-populated\">\n\t\t\t\t\t\t<div class=\"elementor-element elementor-element-75e8a554 elementor-nav-menu__align-center elementor-hidden-tablet elementor-hidden-mobile elementor-nav-menu--dropdown-tablet elementor-nav-menu__text-align-aside elementor-nav-menu--toggle elementor-nav-menu--burger elementor-widget elementor-widget-nav-menu\" data-id=\"75e8a554\" data-element_type=\"widget\" data-e-type=\"widget\" data-settings=\"{&quot;layout&quot;:&quot;horizontal&quot;,&quot;submenu_icon&quot;:{&quot;value&quot;:&quot;&lt;i class=\\&quot;fas fa-caret-down\\&quot; aria-hidden=\\&quot;true\\&quot;&gt;&lt;\\\/i&gt;&quot;,&quot;library&quot;:&quot;fa-solid&quot;},&quot;toggle&quot;:&quot;burger&quot;}\" data-widget_type=\"nav-menu.default\">\n\t\t\t\t<div class=\"elementor-widget-container\">\n\t\t\t\t\t\t\t\t<nav aria-label=\"Men\u00fc\" class=\"elementor-nav-menu--main elementor-nav-menu__container elementor-nav-menu--layout-horizontal e--pointer-text e--animation-none\">\n\t\t\t\t<ul id=\"menu-1-75e8a554\" class=\"elementor-nav-menu\"><li class=\"menu-item menu-item-type-custom menu-item-object-custom menu-item-44905 botiga-dropdown-li\"><a href=\"https:\/\/parcelsapp.com\/de\/tracking\" class=\"botiga-dropdown-link elementor-item\">SENDUNG VERFOLGEN<\/a><\/li>\n<li class=\"menu-item menu-item-type-post_type menu-item-object-page menu-item-44907 botiga-dropdown-li\"><a href=\"https:\/\/sotrends.com\/de\/kontakt\/\" class=\"botiga-dropdown-link elementor-item\">KONTAKT<\/a><\/li>\n<\/ul>\t\t\t<\/nav>\n\t\t\t\t\t<div class=\"elementor-menu-toggle\" role=\"button\" tabindex=\"0\" aria-label=\"Men\u00fc Umschalter\" aria-expanded=\"false\">\n\t\t\t<i aria-hidden=\"true\" role=\"presentation\" class=\"elementor-menu-toggle__icon--open eicon-menu-bar\"><\/i><i aria-hidden=\"true\" role=\"presentation\" class=\"elementor-menu-toggle__icon--close eicon-close\"><\/i>\t\t<\/div>\n\t\t\t\t\t<nav class=\"elementor-nav-menu--dropdown elementor-nav-menu__container\" aria-hidden=\"true\">\n\t\t\t\t<ul id=\"menu-2-75e8a554\" class=\"elementor-nav-menu\"><li class=\"menu-item menu-item-type-custom menu-item-object-custom menu-item-44905 botiga-dropdown-li\"><a href=\"https:\/\/parcelsapp.com\/de\/tracking\" class=\"botiga-dropdown-link elementor-item\" tabindex=\"-1\">SENDUNG VERFOLGEN<\/a><\/li>\n<li class=\"menu-item menu-item-type-post_type menu-item-object-page menu-item-44907 botiga-dropdown-li\"><a href=\"https:\/\/sotrends.com\/de\/kontakt\/\" class=\"botiga-dropdown-link elementor-item\" tabindex=\"-1\">KONTAKT<\/a><\/li>\n<\/ul>\t\t\t<\/nav>\n\t\t\t\t\t\t<\/div>\n\t\t\t\t<\/div>\n\t\t\t\t\t<\/div>\n\t\t<\/div>\n\t\t\t\t\t<\/div>\n\t\t<\/section>\n\t\t\t\t<section class=\"elementor-section elementor-top-section elementor-element elementor-element-6b035cf4 elementor-section-boxed elementor-section-height-default elementor-section-height-default\" data-id=\"6b035cf4\" data-element_type=\"section\" data-e-type=\"section\">\n\t\t\t\t\t\t<div class=\"elementor-container elementor-column-gap-default\">\n\t\t\t\t\t<div class=\"elementor-column elementor-col-100 elementor-top-column elementor-element elementor-element-70934c46\" data-id=\"70934c46\" data-element_type=\"column\" data-e-type=\"column\">\n\t\t\t<div class=\"elementor-widget-wrap elementor-element-populated\">\n\t\t\t\t\t\t<div class=\"elementor-element elementor-element-4908a366 elementor-widget elementor-widget-text-editor\" data-id=\"4908a366\" data-element_type=\"widget\" data-e-type=\"widget\" data-widget_type=\"text-editor.default\">\n\t\t\t\t<div class=\"elementor-widget-container\">\n\t\t\t\t\t\t\t\t\t<p><span style=\"color: #000000;\"><\/span><\/p>\n<h1 style=\"text-align: center;\">FAQ<\/h1>\n<p><strong><span style=\"color: #000000;\">IST SOTRENDS ZUVERL\u00c4SSIG?<\/span><\/strong><\/p>\n<p><span style=\"color: #000000;\">Unsere Webseite verf\u00fcgt \u00fcber SSL-Sicherheit, die gesetzlich f\u00fcr alle Online-Shops vorgeschrieben ist, da sie alle Transaktionen auf der Webseite verschl\u00fcsselt und somit die Vertraulichkeit aller Informationen gew\u00e4hrleistet.<\/span><\/p>\n<p><span style=\"color: #000000;\">Wir arbeiten in Partnerschaft mit Paypal und Stripe, den gr\u00f6\u00dften Online-Zahlungsnetzwerken der Welt. Wir haben keinen Zugang zu Ihren Zahlungsinformationen, wie Ihrer Kreditkartennummer, nur Paypal und Stripe, was Ihren Einkauf 100% sicher macht.<\/span><\/p>\n<p><span style=\"color: #000000;\">Wenn Sie Fragen haben, z\u00f6gern Sie bitte nicht, uns zu kontaktieren:<\/span><\/p>\n<p><span style=\"color: #000000;\">support@sotrends.com<\/span><\/p>\n<p><strong><span style=\"color: #000000;\">WANN ERHALTE ICH MEINE BESTELLUNG?<\/span><\/strong><\/p>\n<p><span style=\"color: #000000;\">Wir arbeiten mit Produkten, deren Preise weit unter dem Marktwert liegen, und daf\u00fcr m\u00fcssen wir mit internationalen Lieferanten zusammenarbeiten (Europa, USA und Asien).<\/span><\/p>\n<p><span style=\"color: #000000;\">Daher senden wir bei einer neuen Bestellung in unserem Shop die Anfrage an unsere Lieferanten und sie senden sie direkt zu Ihnen nach Hause. Unsere Lieferzeit betr\u00e4gt 5 bis 25 Werktage, der Versand ist 100% nachverfolgbar und durch unseren Shop garantiert.<\/span><\/p>\n<p><strong><span style=\"color: #000000;\">ERHALTEN ALLE K\u00c4UFE EINEN SENDUNGSVERFOLGUNGSCODE?<\/span><\/strong><\/p>\n<p><span style=\"color: #000000;\">Ja. Wir arbeiten nur mit vertrauensw\u00fcrdigen Anbietern zusammen, die einen Sendungsverfolgungscode f\u00fcr Ihre Sicherheit und Bequemlichkeit bereitstellen.<\/span><\/p>\n<p><strong><span style=\"color: #000000;\">WANN ERHALTE ICH MEINEN SENDUNGSVERFOLGUNGSCODE?<\/span><\/strong><\/p>\n<p><span style=\"color: #000000;\">Wir senden den Sendungsverfolgungscode direkt an Ihre E-Mail innerhalb von 3 Werktagen, weshalb unsere Lieferanten (Industrien, die die Produkte herstellen) diesen Zeitraum anfordern.<\/span><\/p>\n<p><span style=\"color: #000000;\">Wenn Sie den Sendungsverfolgungscode nach diesem Zeitraum noch nicht erhalten haben, senden Sie uns eine E-Mail an: support@sotrends.com EINSCHLIESSLICH Ihrer Bestellnummer (etwas wie #4321) und wir werden Ihnen innerhalb von 24 Stunden eine R\u00fcckmeldung geben.<\/span><\/p>\n<p><strong><span style=\"color: #000000;\">MEIN SENDUNGSVERFOLGUNGSCODE ZEIGT KEINE INFORMATIONEN AN<\/span><\/strong><\/p>\n<p><span style=\"color: #000000;\">Ja, auf dem Weg zwischen dem Ursprungsland und dem Bestimmungsland gibt es wirklich keine Updates, da das Paket nicht bewegt wird. Es wird Sie benachrichtigen, sobald es im Land ankommt. Dann wird es Sie bei jeder Bewegung benachrichtigen, wie wir es von internen Bestellungen gewohnt sind.<\/span><\/p>\n<p><span style=\"color: #000000;\">Seien Sie versichert, dass Ihre Bestellung unterwegs ist.<\/span><\/p>\n<p><strong><span style=\"color: #000000;\">GIBT ES NOCH GEB\u00dcHREN, DIE ICH F\u00dcR DAS PRODUKT BEZAHLEN MUSS?<\/span><\/strong><\/p>\n<p><span style=\"color: #000000;\">Nein, nur den vollen Wert des normalen Produkts, da unsere Produkte nicht von Zoll und Post besteuert werden, aber wenn es irgendwelche Steuern gibt, \u00fcbernehmen wir die Verantwortung und zahlen alle Steuern.<\/span><\/p>\n<p><span style=\"color: #000000;\">Senden Sie uns einfach eine E-Mail an: support@sotrends.com, und teilen Sie uns mit, was passiert ist, und wir werden innerhalb von 48 Gesch\u00e4ftsstunden antworten.<\/span><\/p>\n<p><span style=\"color: #000000;\"><\/span><\/p>\t\t\t\t\t\t\t\t<\/div>\n\t\t\t\t<\/div>\n\t\t\t\t\t<\/div>\n\t\t<\/div>\n\t\t\t\t\t<\/div>\n\t\t<\/section>\n\t\t\t\t<section class=\"elementor-section elementor-top-section elementor-element elementor-element-e0d0d3e elementor-section-boxed elementor-section-height-default elementor-section-height-default\" data-id=\"e0d0d3e\" data-element_type=\"section\" data-e-type=\"section\">\n\t\t\t\t\t\t<div class=\"elementor-container elementor-column-gap-default\">\n\t\t\t\t\t<div class=\"elementor-column elementor-col-100 elementor-top-column elementor-element elementor-element-a309a80\" data-id=\"a309a80\" data-element_type=\"column\" data-e-type=\"column\">\n\t\t\t<div class=\"elementor-widget-wrap elementor-element-populated\">\n\t\t\t\t\t\t<div class=\"elementor-element elementor-element-8aa8f6a elementor-widget elementor-widget-html\" data-id=\"8aa8f6a\" data-element_type=\"widget\" data-e-type=\"widget\" data-widget_type=\"html.default\">\n\t\t\t\t<div class=\"elementor-widget-container\">\n\t\t\t\t\t\t<!-- Taboola Pixel Code -->\n<script type='text\/javascript'>\n  window._tfa = window._tfa || [];\n  window._tfa.push({notify: 'event', name: 'page_view', id: 1548203});\n  !function (t, f, a, x) {\n         if (!document.getElementById(x)) {\n            t.async = 1;t.src = a;t.id=x;f.parentNode.insertBefore(t, f);\n         }\n  }(document.createElement('script'),\n  document.getElementsByTagName('script')[0],\n  '\/\/cdn.taboola.com\/libtrc\/unip\/1548203\/tfa.js',\n  'tb_tfa_script');\n<\/script>\n<!-- End of Taboola Pixel Code -->\n\t\n\t<!-- Taboola Pixel Code -->\n<script type='text\/javascript'>\n  window._tfa = window._tfa || [];\n  window._tfa.push({notify: 'event', name: 'page_view', id: 1553975});\n  !function (t, f, a, x) {\n         if (!document.getElementById(x)) {\n            t.async = 1;t.src = a;t.id=x;f.parentNode.insertBefore(t, f);\n         }\n  }(document.createElement('script'),\n  document.getElementsByTagName('script')[0],\n  '\/\/cdn.taboola.com\/libtrc\/unip\/1553975\/tfa.js',\n  'tb_tfa_script');\n<\/script>\n<!-- End of Taboola Pixel Code -->\n\t\n\t<!-- Google tag (gtag.js) -->\n<script async src=\"https:\/\/www.googletagmanager.com\/gtag\/js?id=G-9CX17QVX2N\"><\/script>\n<script>\n  window.dataLayer = window.dataLayer || [];\n  function gtag(){dataLayer.push(arguments);}\n  gtag('js', new Date());\n\n  gtag('config', 'G-9CX17QVX2N');\n<\/script>\t\t\t\t<\/div>\n\t\t\t\t<\/div>\n\t\t\t\t\t<\/div>\n\t\t<\/div>\n\t\t\t\t\t<\/div>\n\t\t<\/section>\n\t\t\t\t<section class=\"elementor-section elementor-top-section elementor-element elementor-element-37950e6e elementor-section-full_width elementor-section-height-default elementor-section-height-default\" data-id=\"37950e6e\" data-element_type=\"section\" data-e-type=\"section\" data-settings=\"{&quot;background_background&quot;:&quot;classic&quot;}\">\n\t\t\t\t\t\t<div class=\"elementor-container elementor-column-gap-no\">\n\t\t\t\t\t<div class=\"elementor-column elementor-col-100 elementor-top-column elementor-element elementor-element-f3a8b37\" data-id=\"f3a8b37\" data-element_type=\"column\" data-e-type=\"column\">\n\t\t\t<div class=\"elementor-widget-wrap elementor-element-populated\">\n\t\t\t\t\t\t<section class=\"elementor-section elementor-inner-section elementor-element elementor-element-6e147796 elementor-section-boxed elementor-section-height-default elementor-section-height-default\" data-id=\"6e147796\" data-element_type=\"section\" data-e-type=\"section\">\n\t\t\t\t\t\t<div class=\"elementor-container elementor-column-gap-default\">\n\t\t\t\t\t<div class=\"elementor-column elementor-col-25 elementor-inner-column elementor-element elementor-element-687cbcfb\" data-id=\"687cbcfb\" data-element_type=\"column\" data-e-type=\"column\">\n\t\t\t<div class=\"elementor-widget-wrap elementor-element-populated\">\n\t\t\t\t\t\t<div class=\"elementor-element elementor-element-1b17f038 elementor-widget elementor-widget-image\" data-id=\"1b17f038\" data-element_type=\"widget\" data-e-type=\"widget\" data-widget_type=\"image.default\">\n\t\t\t\t<div class=\"elementor-widget-container\">\n\t\t\t\t\t\t\t\t\t\t\t\t\t\t\t<img decoding=\"async\" width=\"180\" height=\"59\" src=\"https:\/\/sotrends.com\/wp-content\/uploads\/2023\/04\/footer-3.png\" class=\"attachment-large size-large wp-image-6113\" alt=\"\" \/>\t\t\t\t\t\t\t\t\t\t\t\t\t\t\t<\/div>\n\t\t\t\t<\/div>\n\t\t\t\t\t<\/div>\n\t\t<\/div>\n\t\t\t\t<div class=\"elementor-column elementor-col-25 elementor-inner-column elementor-element elementor-element-4b7b07b8\" data-id=\"4b7b07b8\" data-element_type=\"column\" data-e-type=\"column\">\n\t\t\t<div class=\"elementor-widget-wrap elementor-element-populated\">\n\t\t\t\t\t\t<div class=\"elementor-element elementor-element-3d932a3c elementor-widget elementor-widget-heading\" data-id=\"3d932a3c\" data-element_type=\"widget\" data-e-type=\"widget\" data-widget_type=\"heading.default\">\n\t\t\t\t<div class=\"elementor-widget-container\">\n\t\t\t\t\t<h2 class=\"elementor-heading-title elementor-size-default\"><a href=\"https:\/\/sotrends.com\/de\/datenschutz\/\">DATENSCHUTZ<\/a><\/h2>\t\t\t\t<\/div>\n\t\t\t\t<\/div>\n\t\t\t\t<div class=\"elementor-element elementor-element-71df42e6 elementor-widget elementor-widget-heading\" data-id=\"71df42e6\" data-element_type=\"widget\" data-e-type=\"widget\" data-widget_type=\"heading.default\">\n\t\t\t\t<div class=\"elementor-widget-container\">\n\t\t\t\t\t<h2 class=\"elementor-heading-title elementor-size-default\"><a href=\"https:\/\/sotrends.com\/de\/impressum\">IMPRESSUM<\/a><\/h2>\t\t\t\t<\/div>\n\t\t\t\t<\/div>\n\t\t\t\t<div class=\"elementor-element elementor-element-74bb78d8 elementor-widget elementor-widget-heading\" data-id=\"74bb78d8\" data-element_type=\"widget\" data-e-type=\"widget\" data-widget_type=\"heading.default\">\n\t\t\t\t<div class=\"elementor-widget-container\">\n\t\t\t\t\t<h2 class=\"elementor-heading-title elementor-size-default\"><a href=\"https:\/\/sotrends.com\/de\/ruckgabe-garantie\/\">R\u00dcCKGABE UND GARANTIE<\/a><\/h2>\t\t\t\t<\/div>\n\t\t\t\t<\/div>\n\t\t\t\t\t<\/div>\n\t\t<\/div>\n\t\t\t\t<div class=\"elementor-column elementor-col-25 elementor-inner-column elementor-element elementor-element-51a116b\" data-id=\"51a116b\" data-element_type=\"column\" data-e-type=\"column\">\n\t\t\t<div class=\"elementor-widget-wrap elementor-element-populated\">\n\t\t\t\t\t\t<div class=\"elementor-element elementor-element-1f5de9f elementor-widget elementor-widget-heading\" data-id=\"1f5de9f\" data-element_type=\"widget\" data-e-type=\"widget\" data-widget_type=\"heading.default\">\n\t\t\t\t<div class=\"elementor-widget-container\">\n\t\t\t\t\t<h2 class=\"elementor-heading-title elementor-size-default\"><a href=\"https:\/\/sotrends.com\/de\/agb\/\">AGB<\/a><\/h2>\t\t\t\t<\/div>\n\t\t\t\t<\/div>\n\t\t\t\t<div class=\"elementor-element elementor-element-1af9bbb0 elementor-widget elementor-widget-heading\" data-id=\"1af9bbb0\" data-element_type=\"widget\" data-e-type=\"widget\" data-widget_type=\"heading.default\">\n\t\t\t\t<div class=\"elementor-widget-container\">\n\t\t\t\t\t<h2 class=\"elementor-heading-title elementor-size-default\"><a href=\"https:\/\/sotrends.com\/de\/cookie-richtlinie\/\">COOKIE-RICHTLINIE<\/a><\/h2>\t\t\t\t<\/div>\n\t\t\t\t<\/div>\n\t\t\t\t<div class=\"elementor-element elementor-element-4c20a7a9 elementor-widget elementor-widget-heading\" data-id=\"4c20a7a9\" data-element_type=\"widget\" data-e-type=\"widget\" data-widget_type=\"heading.default\">\n\t\t\t\t<div class=\"elementor-widget-container\">\n\t\t\t\t\t<h2 class=\"elementor-heading-title elementor-size-default\"><a href=\"https:\/\/sotrends.com\/de\/kontakt\/\">KONTAKT<\/a><\/h2>\t\t\t\t<\/div>\n\t\t\t\t<\/div>\n\t\t\t\t\t<\/div>\n\t\t<\/div>\n\t\t\t\t<div class=\"elementor-column elementor-col-25 elementor-inner-column elementor-element elementor-element-6fc128ea\" data-id=\"6fc128ea\" data-element_type=\"column\" data-e-type=\"column\">\n\t\t\t<div class=\"elementor-widget-wrap elementor-element-populated\">\n\t\t\t\t\t\t<div class=\"elementor-element elementor-element-7e04adad elementor-widget elementor-widget-image\" data-id=\"7e04adad\" data-element_type=\"widget\" data-e-type=\"widget\" data-widget_type=\"image.default\">\n\t\t\t\t<div class=\"elementor-widget-container\">\n\t\t\t\t\t\t\t\t\t\t\t\t\t\t\t<img decoding=\"async\" width=\"1024\" height=\"367\" src=\"https:\/\/sotrends.com\/wp-content\/uploads\/2023\/04\/pngegg-8-1024x367.png\" class=\"attachment-large size-large wp-image-7135\" alt=\"\" srcset=\"https:\/\/sotrends.com\/wp-content\/uploads\/2023\/04\/pngegg-8-1024x367.png 1024w, https:\/\/sotrends.com\/wp-content\/uploads\/2023\/04\/pngegg-8-300x108.png 300w, https:\/\/sotrends.com\/wp-content\/uploads\/2023\/04\/pngegg-8-768x275.png 768w, https:\/\/sotrends.com\/wp-content\/uploads\/2023\/04\/pngegg-8-1140x409.png 1140w, https:\/\/sotrends.com\/wp-content\/uploads\/2023\/04\/pngegg-8-920x330.png 920w, https:\/\/sotrends.com\/wp-content\/uploads\/2023\/04\/pngegg-8-575x206.png 575w, https:\/\/sotrends.com\/wp-content\/uploads\/2023\/04\/pngegg-8-380x136.png 380w, https:\/\/sotrends.com\/wp-content\/uploads\/2023\/04\/pngegg-8-800x287.png 800w, https:\/\/sotrends.com\/wp-content\/uploads\/2023\/04\/pngegg-8-64x23.png 64w, https:\/\/sotrends.com\/wp-content\/uploads\/2023\/04\/pngegg-8.png 1400w\" sizes=\"(max-width: 1024px) 100vw, 1024px\" \/>\t\t\t\t\t\t\t\t\t\t\t\t\t\t\t<\/div>\n\t\t\t\t<\/div>\n\t\t\t\t\t<\/div>\n\t\t<\/div>\n\t\t\t\t\t<\/div>\n\t\t<\/section>\n\t\t\t\t<section class=\"elementor-section elementor-inner-section elementor-element elementor-element-789852c3 elementor-reverse-mobile elementor-section-boxed elementor-section-height-default elementor-section-height-default\" data-id=\"789852c3\" data-element_type=\"section\" data-e-type=\"section\">\n\t\t\t\t\t\t<div class=\"elementor-container elementor-column-gap-default\">\n\t\t\t\t\t<div class=\"elementor-column elementor-col-100 elementor-inner-column elementor-element elementor-element-194cd5fe\" data-id=\"194cd5fe\" data-element_type=\"column\" data-e-type=\"column\">\n\t\t\t<div class=\"elementor-widget-wrap elementor-element-populated\">\n\t\t\t\t\t\t<div class=\"elementor-element elementor-element-2cd68d31 elementor-widget elementor-widget-heading\" data-id=\"2cd68d31\" data-element_type=\"widget\" data-e-type=\"widget\" data-widget_type=\"heading.default\">\n\t\t\t\t<div class=\"elementor-widget-container\">\n\t\t\t\t\t<h2 class=\"elementor-heading-title elementor-size-default\">Copyright \u00a9 2024 SoTrends.com<\/h2>\t\t\t\t<\/div>\n\t\t\t\t<\/div>\n\t\t\t\t\t<\/div>\n\t\t<\/div>\n\t\t\t\t\t<\/div>\n\t\t<\/section>\n\t\t\t\t\t<\/div>\n\t\t<\/div>\n\t\t\t\t\t<\/div>\n\t\t<\/section>\n\t\t\t\t<\/div>\n\t\t","protected":false},"excerpt":{"rendered":"<p>FAQ IST SOTRENDS ZUVERL\u00c4SSIG? Unsere Webseite verf\u00fcgt \u00fcber SSL-Sicherheit, die gesetzlich f\u00fcr alle Online-Shops vorgeschrieben ist, da sie alle Transaktionen auf der Webseite verschl\u00fcsselt und somit die Vertraulichkeit aller Informationen [&hellip;]<\/p>\n","protected":false},"author":2,"featured_media":0,"parent":0,"menu_order":0,"comment_status":"closed","ping_status":"closed","template":"elementor_canvas","meta":{"footnotes":""},"class_list":["post-44763","page","type-page","status-publish","hentry"],"lang":"de","translations":{"de":44763,"en":256,"fr":79578,"it":97492,"es":107982},"_links":{"self":[{"href":"https:\/\/sotrends.com\/de\/wp-json\/wp\/v2\/pages\/44763","targetHints":{"allow":["GET"]}}],"collection":[{"href":"https:\/\/sotrends.com\/de\/wp-json\/wp\/v2\/pages"}],"about":[{"href":"https:\/\/sotrends.com\/de\/wp-json\/wp\/v2\/types\/page"}],"author":[{"embeddable":true,"href":"https:\/\/sotrends.com\/de\/wp-json\/wp\/v2\/users\/2"}],"replies":[{"embeddable":true,"href":"https:\/\/sotrends.com\/de\/wp-json\/wp\/v2\/comments?post=44763"}],"version-history":[{"count":19,"href":"https:\/\/sotrends.com\/de\/wp-json\/wp\/v2\/pages\/44763\/revisions"}],"predecessor-version":[{"id":61394,"href":"https:\/\/sotrends.com\/de\/wp-json\/wp\/v2\/pages\/44763\/revisions\/61394"}],"wp:attachment":[{"href":"https:\/\/sotrends.com\/de\/wp-json\/wp\/v2\/media?parent=44763"}],"curies":[{"name":"wp","href":"https:\/\/api.w.org\/{rel}","templated":true}]}}