{"id":254191,"date":"2025-10-20T10:32:49","date_gmt":"2025-10-20T13:32:49","guid":{"rendered":"https:\/\/sotrends.com\/?page_id=254191"},"modified":"2026-01-19T17:26:15","modified_gmt":"2026-01-19T20:26:15","slug":"impressum","status":"publish","type":"page","link":"https:\/\/sotrends.com\/da\/impressum\/","title":{"rendered":"Impressum"},"content":{"rendered":"<div data-elementor-type=\"wp-page\" data-elementor-id=\"254191\" class=\"elementor elementor-254191\" data-elementor-post-type=\"page\">\n\t\t\t\t\t\t<section class=\"elementor-section elementor-top-section elementor-element elementor-element-6f0ae79c elementor-section-boxed elementor-section-height-default elementor-section-height-default\" data-id=\"6f0ae79c\" data-element_type=\"section\" data-e-type=\"section\">\n\t\t\t\t\t\t<div class=\"elementor-container elementor-column-gap-default\">\n\t\t\t\t\t<div class=\"elementor-column elementor-col-100 elementor-top-column elementor-element elementor-element-7beb182b\" data-id=\"7beb182b\" data-element_type=\"column\" data-e-type=\"column\">\n\t\t\t<div class=\"elementor-widget-wrap elementor-element-populated\">\n\t\t\t\t\t\t<div class=\"elementor-element elementor-element-eebed76 elementor-widget elementor-widget-text-editor\" data-id=\"eebed76\" data-element_type=\"widget\" data-e-type=\"widget\" data-widget_type=\"text-editor.default\">\n\t\t\t\t<div class=\"elementor-widget-container\">\n\t\t\t\t\t\t\t\t\t<h2 style=\"text-align: center;\">Impressum<\/h2><p><span style=\"color: #000000;\">K\u00e6re bruger af denne hjemmeside,<\/span><br \/><span style=\"color: #000000;\">nedenfor finder du de vigtigste oplysninger og kontaktinformationer for ejeren og operat\u00f8ren af denne hjemmeside.<\/span><\/p><p><span style=\"color: #000000;\"><strong>Firmanavn:<\/strong> So Trends LLC<\/span><br \/><span style=\"color: #000000;\"><strong>Adresse:<\/strong> 2101 Park Center Dr, Ste 150 \u2013 Orlando, FL 32835<\/span><br \/><span style=\"color: #000000;\"><strong>Registreret momsnummer:<\/strong> 32282516\/0001-62<\/span><br \/><span style=\"color: #000000;\"><strong>E-mail:<\/strong> support@sotrends.com<\/span><\/p><p><span style=\"color: #000000;\">Bem\u00e6rk venligst, at alt indhold p\u00e5 denne hjemmeside er beskyttet af tysk ophavsret og er So Trends Groups eksklusive ejendom.<\/span><br \/><span style=\"color: #000000;\">Indholdet p\u00e5 denne hjemmeside m\u00e5 kun downloades eller kopieres til personlig og ikke-kommerciel brug.<\/span><\/p><p><span style=\"color: #000000;\">Lejlighedsvis kan vores hjemmeside indeholde intellektuelle ejendomsrettigheder, der tilh\u00f8rer tredjepart.<\/span><br \/><span style=\"color: #000000;\">Vi respekterer rettighederne tilh\u00f8rende de lovlige ejere af s\u00e5danne materialer, og vi beder dig kontakte os, hvis du har grund til at tro, at noget indhold p\u00e5 vores hjemmeside overtr\u00e6der tredjeparts ophavs- eller ejendomsrettigheder.<\/span><\/p><p><span style=\"color: #000000;\">Hvis du har sp\u00f8rgsm\u00e5l om brugen af hjemmesiden eller noget andet relateret til dens anvendelse, bedes du l\u00e6se vores Vilk\u00e5r og betingelser via dette link:<\/span><br \/><span style=\"color: #000000;\">https:\/\/sotrends.com\/da\/terms<\/span><\/p>\t\t\t\t\t\t\t\t<\/div>\n\t\t\t\t<\/div>\n\t\t\t\t\t<\/div>\n\t\t<\/div>\n\t\t\t\t\t<\/div>\n\t\t<\/section>\n\t\t\t\t<\/div>","protected":false},"excerpt":{"rendered":"<p>Impressum K\u00e6re bruger af denne hjemmeside,nedenfor finder du de vigtigste oplysninger og kontaktinformationer for ejeren og operat\u00f8ren af denne hjemmeside. Firmanavn: So Trends LLCAdresse: 2101 Park Center Dr, Ste 150 [&hellip;]<\/p>\n","protected":false},"author":2,"featured_media":0,"parent":0,"menu_order":0,"comment_status":"closed","ping_status":"closed","template":"elementor_canvas","meta":{"footnotes":""},"class_list":["post-254191","page","type-page","status-publish","hentry"],"lang":"da","translations":{"da":254191,"sv":277981,"nl":278203,"fi":285974},"_links":{"self":[{"href":"https:\/\/sotrends.com\/da\/wp-json\/wp\/v2\/pages\/254191","targetHints":{"allow":["GET"]}}],"collection":[{"href":"https:\/\/sotrends.com\/da\/wp-json\/wp\/v2\/pages"}],"about":[{"href":"https:\/\/sotrends.com\/da\/wp-json\/wp\/v2\/types\/page"}],"author":[{"embeddable":true,"href":"https:\/\/sotrends.com\/da\/wp-json\/wp\/v2\/users\/2"}],"replies":[{"embeddable":true,"href":"https:\/\/sotrends.com\/da\/wp-json\/wp\/v2\/comments?post=254191"}],"version-history":[{"count":10,"href":"https:\/\/sotrends.com\/da\/wp-json\/wp\/v2\/pages\/254191\/revisions"}],"predecessor-version":[{"id":271783,"href":"https:\/\/sotrends.com\/da\/wp-json\/wp\/v2\/pages\/254191\/revisions\/271783"}],"wp:attachment":[{"href":"https:\/\/sotrends.com\/da\/wp-json\/wp\/v2\/media?parent=254191"}],"curies":[{"name":"wp","href":"https:\/\/api.w.org\/{rel}","templated":true}]}}