{"id":253709,"date":"2025-10-17T15:50:38","date_gmt":"2025-10-17T18:50:38","guid":{"rendered":"https:\/\/sotrends.com\/?page_id=253709"},"modified":"2025-10-17T15:52:31","modified_gmt":"2025-10-17T18:52:31","slug":"terms","status":"publish","type":"page","link":"https:\/\/sotrends.com\/da\/terms\/","title":{"rendered":"Vilk\u00e5r og betingelser"},"content":{"rendered":"<div data-elementor-type=\"wp-page\" data-elementor-id=\"253709\" class=\"elementor elementor-253709\" data-elementor-post-type=\"page\">\n\t\t\t\t\t\t<section class=\"elementor-section elementor-top-section elementor-element elementor-element-6f0ae79c elementor-section-boxed elementor-section-height-default elementor-section-height-default\" data-id=\"6f0ae79c\" data-element_type=\"section\" data-e-type=\"section\">\n\t\t\t\t\t\t<div class=\"elementor-container elementor-column-gap-default\">\n\t\t\t\t\t<div class=\"elementor-column elementor-col-100 elementor-top-column elementor-element elementor-element-7beb182b\" data-id=\"7beb182b\" data-element_type=\"column\" data-e-type=\"column\">\n\t\t\t<div class=\"elementor-widget-wrap elementor-element-populated\">\n\t\t\t\t\t\t<div class=\"elementor-element elementor-element-eebed76 elementor-widget elementor-widget-text-editor\" data-id=\"eebed76\" data-element_type=\"widget\" data-e-type=\"widget\" data-widget_type=\"text-editor.default\">\n\t\t\t\t<div class=\"elementor-widget-container\">\n\t\t\t\t\t\t\t\t\t<h2 style=\"text-align: center;\">Vilk\u00e5r og betingelser<\/h2><p><span style=\"color: #000000;\">L\u00e6s venligst disse vilk\u00e5r omhyggeligt, f\u00f8r du bruger eller f\u00e5r adgang til nogen del af dette websted.<\/span><\/p><p><span style=\"color: #000000;\">Velkommen til https:\/\/sotrends.com<\/span><\/p><p><span style=\"color: #000000;\">(herunder dets underdom\u00e6ner, indhold og varem\u00e6rker, herefter ben\u00e6vnt \u201cWebstedet\u201d).<\/span><br \/><span style=\"color: #000000;\">L\u00e6s venligst disse vilk\u00e5r for brug grundigt, f\u00f8r du benytter Webstedet, s\u00e5 du forst\u00e5r dine rettigheder og forpligtelser i forhold til SoTrends (\u201cVirksomheden\u201d, \u201cvi\u201d, \u201cos\u201d eller \u201cvores\u201d).<\/span><br \/><span style=\"color: #000000;\">Ved at f\u00e5 adgang til eller bruge Webstedet accepterer du udtrykkeligt, at du indg\u00e5r en juridisk bindende aftale med os og forpligter dig til at overholde disse vilk\u00e5r samt vores Privatlivspolitik (samlet kaldet \u201cVilk\u00e5rene\u201d).<\/span><\/p><p><span style=\"color: #000000;\">Du giver hermed afkald p\u00e5 enhver ret til at kr\u00e6ve en original (ikke-elektronisk) underskrift eller fysisk dokumentation, i det omfang loven tillader det.<\/span><br \/><span style=\"color: #000000;\">Hvis du ikke accepterer disse Vilk\u00e5r, skal du ikke bruge Webstedet.<\/span><\/p><p><strong><span style=\"color: #000000;\">1. \u00c6ndringer<\/span><\/strong><\/p><p><span style=\"color: #000000;\">Vi forbeholder os retten til efter eget sk\u00f8n at \u00e6ndre disse Vilk\u00e5r til enhver tid.<\/span><br \/><span style=\"color: #000000;\">\u00c6ndringer tr\u00e6der i kraft ti (10) dage efter, at de reviderede vilk\u00e5r er offentliggjort p\u00e5 Webstedet.<\/span><br \/><span style=\"color: #000000;\">Ved at forts\u00e6tte brugen af Webstedet efter denne dato accepterer du \u00e6ndringerne.<\/span><\/p><p><strong><span style=\"color: #000000;\">2. Adgangsberettigelse<\/span><\/strong><\/p><p><span style=\"color: #000000;\">Webstedet er kun beregnet til personer, der er fyldt seksten (16) \u00e5r.<\/span><br \/><span style=\"color: #000000;\">Hvis du er under 16 \u00e5r, m\u00e5 du ikke bruge Webstedet.<\/span><\/p><p><strong><span style=\"color: #000000;\">3. Adgang til Webstedet<\/span><\/strong><\/p><p><span style=\"color: #000000;\">S\u00e5 l\u00e6nge disse Vilk\u00e5r er g\u00e6ldende, giver vi dig en begr\u00e6nset tilladelse til at bes\u00f8ge og bruge Webstedet i overensstemmelse med disse Vilk\u00e5r og g\u00e6ldende lovgivning.<\/span><\/p><p><strong><span style=\"color: #000000;\">4. Begr\u00e6nsninger<\/span><\/strong><\/p><p><span style=\"color: #000000;\">Du m\u00e5 ikke:<\/span><br \/><span style=\"color: #000000;\">(i) kopiere, distribuere, fremvise, spejle, indramme eller \u00e6ndre nogen del af Webstedet, dets indhold eller varem\u00e6rker uden forudg\u00e5ende skriftlig tilladelse;<\/span><br \/><span style=\"color: #000000;\">(ii) bruge, \u00e6ndre, skabe afledte v\u00e6rker af, overdrage (ved salg, videresalg, licens, download eller p\u00e5 anden m\u00e5de), gengive, distribuere eller offentligg\u00f8re Webstedets indhold uden udtrykkelig tilladelse;<\/span><br \/><span style=\"color: #000000;\">(iii) forstyrre servere eller netv\u00e6rk, der er forbundet til Webstedet;<\/span><br \/><span style=\"color: #000000;\">(iv) anvende eller starte automatiserede systemer (herunder \u201cbots\u201d eller \u201ccrawlere\u201d) for at f\u00e5 adgang til Webstedet; eller<\/span><br \/><span style=\"color: #000000;\">(v) omg\u00e5, deaktivere eller p\u00e5 anden m\u00e5de forstyrre sikkerhedsfunktioner eller funktioner, der begr\u00e6nser brug eller kopiering af indhold.<\/span><\/p><p><strong><span style=\"color: #000000;\">5. Immaterielle rettigheder<\/span><\/strong><br \/><strong><span style=\"color: #000000;\">5.1 Indhold og varem\u00e6rker<\/span><\/strong><\/p><p><span style=\"color: #000000;\">(i) Webstedets indhold, herunder tekst, dokumenter, artikler, brochurer, produkter, software, grafik, fotos, lyd, video, brugerflader, varem\u00e6rker, logoer, illustrationer, kildekoder og tjenester (\u201cMaterialer\u201d) samt deres design og struktur;<\/span><br \/><span style=\"color: #000000;\">(ii) brugeroprettet indhold (\u201cBrugerindhold\u201d); og<\/span><br \/><span style=\"color: #000000;\">(iii) varem\u00e6rker og logoer p\u00e5 Webstedet (\u201cVarem\u00e6rker\u201d)<\/span><br \/><span style=\"color: #000000;\">tilh\u00f8rer Virksomheden eller dens licensgivere og er beskyttet af ophavsret og andre immaterialretlige love.<\/span><br \/><span style=\"color: #000000;\">Alle rettigheder, der ikke udtrykkeligt er givet, forbeholdes.<\/span><\/p><p><strong><span style=\"color: #000000;\">5.2 Brug af indhold<\/span><\/strong><\/p><p><span style=\"color: #000000;\">Webstedets indhold er kun til personlig og informativ brug og m\u00e5 ikke anvendes, \u00e6ndres, kopieres, distribueres, sendes, fremvises, s\u00e6lges, licenseres, dekompileres, reverse-engineeres eller udnyttes p\u00e5 anden m\u00e5de uden skriftlig tilladelse.<\/span><br \/><span style=\"color: #000000;\">Hvis du downloader eller udskriver kopier, skal du bevare alle ophavsrets- og ejerskabshenvisninger.<\/span><\/p><p><strong><span style=\"color: #000000;\">6. Kilder og indhold fra tredjepart<\/span><\/strong><br \/><strong><span style=\"color: #000000;\">6.1 Indhold fra tredjepart<\/span><\/strong><\/p><p><span style=\"color: #000000;\">Webstedet kan indeholde links til eller adgang til tredjepartswebsteder og -tjenester (\u201cTredjepartskilder\u201d).<\/span><\/p><p><strong><span style=\"color: #000000;\">6.2 Ansvarsfraskrivelse<\/span><\/strong><\/p><p><span style=\"color: #000000;\">Vi p\u00e5tager os intet ansvar for tredjepartsindhold, vilk\u00e5r eller privatlivspolitikker. Du b\u00f8r altid gennemg\u00e5 tredjepartens egne vilk\u00e5r, f\u00f8r du interagerer med dem.<\/span><\/p><p><strong><span style=\"color: #000000;\">6.3\u20136.5 Ansvarsbegr\u00e6nsning<\/span><\/strong><\/p><p><span style=\"color: #000000;\">Vi garanterer ikke n\u00f8jagtigheden, sikkerheden eller egnetheden af tredjepartsindhold. Brug sker p\u00e5 eget ansvar.<\/span><br \/><span style=\"color: #000000;\">Du frig\u00f8r hermed Virksomheden for ethvert ansvar, der m\u00e5tte opst\u00e5 i forbindelse med tredjepartsindhold eller -tjenester.<\/span><\/p><p><strong><span style=\"color: #000000;\">7. Brugerindl\u00e6g<\/span><\/strong><br \/><strong><span style=\"color: #000000;\">7.1 Ansvar<\/span><\/strong><\/p><p><span style=\"color: #000000;\">Du er alene ansvarlig for alt indhold, du offentligg\u00f8r p\u00e5 Webstedet.<\/span><br \/><span style=\"color: #000000;\">Virksomheden forbeholder sig ret til at fjerne, \u00e6ndre eller censurere indhold til enhver tid uden varsel.<\/span><\/p><p><strong><span style=\"color: #000000;\">7.2 Ejerskab<\/span><\/strong><\/p><p><span style=\"color: #000000;\">Du erkl\u00e6rer at eje eller have de n\u00f8dvendige rettigheder til alt indhold, du uploader til Webstedet.<\/span><\/p><p><strong><span style=\"color: #000000;\">7.3 Brugslicens<\/span><\/strong><\/p><p><span style=\"color: #000000;\">Ved at indsende indhold p\u00e5 Webstedet giver du Virksomheden en global, uigenkaldelig, royalty-fri og overdragelig licens til at bruge, kopiere og distribuere indholdet.<\/span><\/p><p><strong><span style=\"color: #000000;\">7.4 Forbudt indhold<\/span><\/strong><\/p><p><span style=\"color: #000000;\">Du m\u00e5 ikke offentligg\u00f8re indhold, der er ulovligt, st\u00f8dende, kr\u00e6nkende, voldeligt eller diskriminerende.<\/span><\/p><p><strong><span style=\"color: #000000;\">7.5 Eksponering<\/span><\/strong><\/p><p><span style=\"color: #000000;\">Du forst\u00e5r, at du kan blive udsat for ukorrekt eller st\u00f8dende indhold, og Virksomheden p\u00e5tager sig intet ansvar herfor.<\/span><\/p><p><strong><span style=\"color: #000000;\">8. Oplysningers n\u00f8jagtighed<\/span><\/strong><\/p><p><span style=\"color: #000000;\">Vi bestr\u00e6ber os p\u00e5 at sikre n\u00f8jagtighed, men garanterer ikke, at indholdet p\u00e5 Webstedet er fejlfrit eller opdateret.<\/span><br \/><span style=\"color: #000000;\">Brug sker p\u00e5 eget ansvar.<\/span><\/p><p><strong><span style=\"color: #000000;\">9. Videregivelse af oplysninger<\/span><\/strong><\/p><p><span style=\"color: #000000;\">Vi forbeholder os retten til at videregive oplysninger, hvis det kr\u00e6ves ved lov, af myndigheder eller af sikkerhedsm\u00e6ssige \u00e5rsager.<\/span><\/p><p><strong><span style=\"color: #000000;\">10. Links<\/span><\/strong><\/p><p><span style=\"color: #000000;\">Webstedet kan indeholde links til tredjepartswebsteder.<\/span><br \/><span style=\"color: #000000;\">Vi er ikke ansvarlige for indholdet p\u00e5 disse sider.<\/span><br \/><span style=\"color: #000000;\">Linkning er kun tilladt, hvis den sker sandf\u00e6rdigt og i overensstemmelse med disse Vilk\u00e5r.<\/span><\/p><p><strong><span style=\"color: #000000;\">11. Databeskyttelse<\/span><\/strong><\/p><p><span style=\"color: #000000;\">Personoplysninger behandles i overensstemmelse med vores Privatlivspolitik, som er tilg\u00e6ngelig p\u00e5 Webstedet.<\/span><\/p><p><strong><span style=\"color: #000000;\">12. Ansvarsfraskrivelse<\/span><\/strong><\/p><p><span style=\"color: #000000;\">Webstedet stilles til r\u00e5dighed \u201csom det er\u201d og \u201cs\u00e5 l\u00e6nge det er tilg\u00e6ngeligt\u201d, uden nogen form for udtrykkelige eller underforst\u00e5ede garantier.<\/span><br \/><span style=\"color: #000000;\">Virksomheden garanterer ikke fejlfri funktion, kontinuerlig tilg\u00e6ngelighed eller virusfri drift.<\/span><br \/><span style=\"color: #000000;\">Brug sker udelukkende p\u00e5 eget ansvar.<\/span><\/p><p><strong><span style=\"color: #000000;\">13. Ansvarsbegr\u00e6nsning<\/span><\/strong><\/p><p><span style=\"color: #000000;\">I det omfang loven tillader det, h\u00e6fter Virksomheden ikke for indirekte, s\u00e6rlige eller tilf\u00e6ldige skader, herunder tab af data, fortjeneste eller omd\u00f8mme.<\/span><br \/><span style=\"color: #000000;\">Virksomhedens samlede ansvar m\u00e5 under ingen omst\u00e6ndigheder overstige 1.000 USD.<\/span><\/p><p><strong><span style=\"color: #000000;\">14. Erstatningspligt<\/span><\/strong><\/p><p><span style=\"color: #000000;\">Du forpligter dig til at forsvare, holde skadesl\u00f8s og friholde Virksomheden for alle krav, tab eller omkostninger, der m\u00e5tte opst\u00e5 som f\u00f8lge af din brug af Webstedet eller din overtr\u00e6delse af disse Vilk\u00e5r.<\/span><\/p><p><strong><span style=\"color: #000000;\">15. Varighed og oph\u00f8r<\/span><\/strong><\/p><p><span style=\"color: #000000;\">Virksomheden kan til enhver tid uden varsel afslutte din adgang til Webstedet eller opsige denne aftale.<\/span><br \/><span style=\"color: #000000;\">Hvis du ikke accepterer Vilk\u00e5rene, skal du straks oph\u00f8re med at bruge Webstedet.<\/span><br \/><span style=\"color: #000000;\">Visse bestemmelser \u2013 s\u00e5som ophavsret, ansvarsbegr\u00e6nsning og databeskyttelse \u2013 forbliver g\u00e6ldende efter oph\u00f8r.<\/span><\/p><p><strong><span style=\"color: #000000;\">16. Uafh\u00e6ngighed<\/span><\/strong><\/p><p><span style=\"color: #000000;\">Du og Virksomheden er uafh\u00e6ngige parter.<\/span><br \/><span style=\"color: #000000;\">Intet i disse Vilk\u00e5r skaber et partnerskab, joint venture eller ans\u00e6ttelsesforhold.<\/span><\/p><p><strong><span style=\"color: #000000;\">17. Overdragelse<\/span><\/strong><\/p><p><span style=\"color: #000000;\">Du m\u00e5 ikke overdrage dine rettigheder eller forpligtelser i henhold til disse Vilk\u00e5r, men Virksomheden kan frit overdrage dem uden forudg\u00e5ende varsel.<\/span><\/p><p><strong><span style=\"color: #000000;\">18. Generelle bestemmelser<\/span><\/strong><\/p><p><span style=\"color: #000000;\">Virksomheden kan \u00e6ndre eller oph\u00f8re med Webstedet til enhver tid.<\/span><br \/><span style=\"color: #000000;\">Disse Vilk\u00e5r og forholdet mellem dig og Virksomheden er underlagt dansk lovgivning, og eventuelle tvister skal afg\u00f8res ved domstolene i K\u00f8benhavn.<\/span><\/p><p><span style=\"color: #000000;\">Hvis en bestemmelse erkl\u00e6res ugyldig, forbliver de \u00f8vrige bestemmelser i kraft.<\/span><br \/><span style=\"color: #000000;\">Enhver retssag skal anl\u00e6gges inden for \u00e9t (1) \u00e5r efter, at kravet opst\u00e5r, ellers fortabes retten hertil.<\/span><\/p>\t\t\t\t\t\t\t\t<\/div>\n\t\t\t\t<\/div>\n\t\t\t\t\t<\/div>\n\t\t<\/div>\n\t\t\t\t\t<\/div>\n\t\t<\/section>\n\t\t\t\t<\/div>","protected":false},"excerpt":{"rendered":"<p>Vilk\u00e5r og betingelser L\u00e6s venligst disse vilk\u00e5r omhyggeligt, f\u00f8r du bruger eller f\u00e5r adgang til nogen del af dette websted. Velkommen til https:\/\/sotrends.com (herunder dets underdom\u00e6ner, indhold og varem\u00e6rker, herefter [&hellip;]<\/p>\n","protected":false},"author":2,"featured_media":0,"parent":0,"menu_order":0,"comment_status":"closed","ping_status":"closed","template":"elementor_canvas","meta":{"footnotes":""},"class_list":["post-253709","page","type-page","status-publish","hentry"],"lang":"da","translations":{"da":253709,"pl":258318,"cs":260438,"ja":263911},"_links":{"self":[{"href":"https:\/\/sotrends.com\/da\/wp-json\/wp\/v2\/pages\/253709","targetHints":{"allow":["GET"]}}],"collection":[{"href":"https:\/\/sotrends.com\/da\/wp-json\/wp\/v2\/pages"}],"about":[{"href":"https:\/\/sotrends.com\/da\/wp-json\/wp\/v2\/types\/page"}],"author":[{"embeddable":true,"href":"https:\/\/sotrends.com\/da\/wp-json\/wp\/v2\/users\/2"}],"replies":[{"embeddable":true,"href":"https:\/\/sotrends.com\/da\/wp-json\/wp\/v2\/comments?post=253709"}],"version-history":[{"count":4,"href":"https:\/\/sotrends.com\/da\/wp-json\/wp\/v2\/pages\/253709\/revisions"}],"predecessor-version":[{"id":253717,"href":"https:\/\/sotrends.com\/da\/wp-json\/wp\/v2\/pages\/253709\/revisions\/253717"}],"wp:attachment":[{"href":"https:\/\/sotrends.com\/da\/wp-json\/wp\/v2\/media?parent=253709"}],"curies":[{"name":"wp","href":"https:\/\/api.w.org\/{rel}","templated":true}]}}