{"id":253700,"date":"2025-10-17T15:45:19","date_gmt":"2025-10-17T18:45:19","guid":{"rendered":"https:\/\/sotrends.com\/?page_id=253700"},"modified":"2025-10-17T15:48:27","modified_gmt":"2025-10-17T18:48:27","slug":"privacy","status":"publish","type":"page","link":"https:\/\/sotrends.com\/da\/privacy\/","title":{"rendered":"Privatlivspolitik"},"content":{"rendered":"<div data-elementor-type=\"wp-page\" data-elementor-id=\"253700\" class=\"elementor elementor-253700\" data-elementor-post-type=\"page\">\n\t\t\t\t\t\t<section class=\"elementor-section elementor-top-section elementor-element elementor-element-7f8b6bd2 elementor-section-boxed elementor-section-height-default elementor-section-height-default\" data-id=\"7f8b6bd2\" data-element_type=\"section\" data-e-type=\"section\">\n\t\t\t\t\t\t<div class=\"elementor-container elementor-column-gap-default\">\n\t\t\t\t\t<div class=\"elementor-column elementor-col-100 elementor-top-column elementor-element elementor-element-4e749591\" data-id=\"4e749591\" data-element_type=\"column\" data-e-type=\"column\">\n\t\t\t<div class=\"elementor-widget-wrap elementor-element-populated\">\n\t\t\t\t\t\t<div class=\"elementor-element elementor-element-74ef2131 elementor-widget elementor-widget-text-editor\" data-id=\"74ef2131\" data-element_type=\"widget\" data-e-type=\"widget\" data-widget_type=\"text-editor.default\">\n\t\t\t\t<div class=\"elementor-widget-container\">\n\t\t\t\t\t\t\t\t\t<h2 style=\"text-align: center;\">Privatlivspolitik<\/h2><p><strong><span style=\"color: #000000;\">AFSNIT 1 \u2013 HVAD VI G\u00d8R MED DINE OPLYSNINGER<\/span><\/strong><\/p><p><span style=\"color: #000000;\">N\u00e5r du k\u00f8ber noget i vores onlinebutik, indsamler vi som en del af k\u00f8bs- og salgsprocessen personlige oplysninger s\u00e5som dit navn, din adresse og din e-mailadresse.<\/span><\/p><p><span style=\"color: #000000;\">N\u00e5r du bes\u00f8ger vores hjemmeside, modtager vi automatisk din computers IP-adresse (Internet Protocol) for at indhente oplysninger om din browser og dit operativsystem.<\/span><\/p><p><span style=\"color: #000000;\">E-mailmarkedsf\u00f8ring (hvis relevant): Med dit samtykke kan vi sende dig e-mails om vores hjemmeside, nye produkter, tjenester og andre opdateringer.<\/span><\/p><p><span style=\"color: #000000;\">Vi forbeholder os retten til at videregive personlige oplysninger, som du har givet os, til myndighederne, hvis vi anser det for n\u00f8dvendigt for at overholde g\u00e6ldende lovgivning eller efter anmodning fra retsh\u00e5ndh\u00e6vende myndigheder.<\/span><\/p><p><strong><span style=\"color: #000000;\">AFSNIT 2 \u2013 SAMTYKKE<\/span><\/strong><\/p><p><span style=\"color: #000000;\">Hvordan indhenter vi dit samtykke?<\/span><br \/><span style=\"color: #000000;\">Ved at give os personlige oplysninger for at gennemf\u00f8re en betaling, bekr\u00e6fte dit betalingskort, afgive en ordre, arrangere levering eller returnere et produkt, giver du os dit samtykke til at indsamle og anvende disse oplysninger til dette form\u00e5l.<\/span><\/p><p><span style=\"color: #000000;\">Hvis vi beder om dine oplysninger til et sekund\u00e6rt form\u00e5l, s\u00e5som markedsf\u00f8ring, vil vi enten bede om dit udtrykkelige samtykke eller give dig mulighed for at frav\u00e6lge.<\/span><\/p><p><span style=\"color: #000000;\">Hvordan kan jeg tilbagekalde mit samtykke?<\/span><br \/><span style=\"color: #000000;\">Hvis du efter at have givet samtykke skifter mening, kan du til enhver tid tilbagekalde dit samtykke, s\u00e5 vi ikke l\u00e6ngere kontakter dig eller forts\u00e6tter med at indsamle, bruge eller videregive dine oplysninger.<\/span><br \/><span style=\"color: #000000;\">Du kan tilbagekalde dit samtykke ved at kontakte os p\u00e5 \ud83d\udce7 support@sotrends.com<\/span><br \/><span style=\"color: #000000;\">.<\/span><\/p><p><strong><span style=\"color: #000000;\">AFSNIT 3 \u2013 VIDEREGIVELSE AF OPLYSNINGER<\/span><\/strong><\/p><p><span style=\"color: #000000;\">Vi kan videregive dine personlige oplysninger, hvis det kr\u00e6ves ved lov, eller hvis du overtr\u00e6der vores Handelsbetingelser.<\/span><\/p><p><strong><span style=\"color: #000000;\">AFSNIT 4 \u2013 BETALINGSTJENESTER<\/span><\/strong><\/p><p><span style=\"color: #000000;\">Alle betalingstjenesteudbydere overholder PCI-DSS-standarden, som administreres af PCI Security Standards Council og omfatter Visa, MasterCard, American Express og Discover.<\/span><br \/><span style=\"color: #000000;\">PCI-DSS-kravene sikrer, at kortoplysninger behandles sikkert p\u00e5 vores hjemmeside og af vores betalingsudbydere.<\/span><\/p><p><strong><span style=\"color: #000000;\">AFSNIT 5 \u2013 TJENESTER FRA TREDJEPARTER<\/span><\/strong><\/p><p><span style=\"color: #000000;\">Generelt indsamler, bruger og videregiver tredjepartsudbydere kun dine oplysninger i det omfang, det er n\u00f8dvendigt for at udf\u00f8re de tjenester, de leverer til os.<\/span><\/p><p><span style=\"color: #000000;\">Dog har visse tredjepartsudbydere \u2013 som f.eks. betalingstjenester og betalingsbehandlere \u2013 deres egne privatlivspolitikker, der beskriver, hvordan de h\u00e5ndterer de oplysninger, vi giver dem.<\/span><\/p><p><span style=\"color: #000000;\">Vi anbefaler, at du l\u00e6ser deres privatlivspolitikker for at forst\u00e5, hvordan de h\u00e5ndterer dine oplysninger.<\/span><\/p><p><span style=\"color: #000000;\">Bem\u00e6rk, at nogle af disse udbydere kan v\u00e6re placeret i en anden jurisdiktion end dig eller os. Hvis du v\u00e6lger at gennemf\u00f8re en transaktion, der involverer en s\u00e5dan tredjepart, kan dine oplysninger v\u00e6re underlagt lovgivningen i det land, hvor udbyderen eller dens servere befinder sig.<\/span><\/p><p><span style=\"color: #000000;\">N\u00e5r du forlader vores hjemmeside eller bliver omdirigeret til et tredjepartswebsted eller en applikation, er du ikke l\u00e6ngere underlagt denne privatlivspolitik eller vores websteds brugsvilk\u00e5r.<\/span><\/p><p><span style=\"color: #000000;\">Links:<\/span><br \/><span style=\"color: #000000;\">Ved at klikke p\u00e5 links p\u00e5 vores hjemmeside kan du blive f\u00f8rt til andre hjemmesider. Vi er ikke ansvarlige for disse websteders privatlivspolitikker og anbefaler, at du l\u00e6ser dem.<\/span><\/p><p><strong><span style=\"color: #000000;\">AFSNIT 6 \u2013 DATASIKKERHED<\/span><\/strong><\/p><p><span style=\"color: #000000;\">For at beskytte dine personlige oplysninger tager vi rimelige forholdsregler og f\u00f8lger branchens bedste praksis for at sikre, at dine data ikke mistes, misbruges, tilg\u00e5s uden tilladelse, videregives, \u00e6ndres eller destrueres.<\/span><\/p><p><span style=\"color: #000000;\">Hvis du giver os dine betalingskortoplysninger, bliver de krypteret med Secure Socket Layer (SSL)-teknologi og gemt med AES-256-kryptering.<\/span><br \/><span style=\"color: #000000;\">Selvom ingen metode til dataoverf\u00f8rsel over internettet eller elektronisk lagring er 100 % sikker, overholder vi alle PCI-DSS-krav og generelt anerkendte sikkerhedsstandarder i branchen.<\/span><\/p><p><strong><span style=\"color: #000000;\">AFSNIT 7 \u2013 BRUG OG ALDERSBEGR\u00c6NSNING<\/span><\/strong><\/p><p><span style=\"color: #000000;\">Ved at bruge dette websted erkl\u00e6rer du, at du er myndig i dit bop\u00e6lsland, eller at du har givet samtykke til, at dine mindre\u00e5rige b\u00f8rn m\u00e5 bruge webstedet.<\/span><\/p><p><strong><span style=\"color: #000000;\">AFSNIT 8 \u2013 \u00c6NDRINGER I PRIVATLIVSPOLITIKKEN<\/span><\/strong><\/p><p><span style=\"color: #000000;\">Vi forbeholder os retten til at \u00e6ndre denne privatlivspolitik til enhver tid, s\u00e5 gennemg\u00e5 den regelm\u00e6ssigt.<\/span><br \/><span style=\"color: #000000;\">\u00c6ndringer tr\u00e6der i kraft straks efter, at de offentligg\u00f8res p\u00e5 webstedet.<\/span><\/p><p><span style=\"color: #000000;\">Hvis vi foretager v\u00e6sentlige \u00e6ndringer, vil vi offentligg\u00f8re dem her, s\u00e5 du er klar over, hvilke oplysninger vi indsamler, hvordan vi bruger dem, og under hvilke omst\u00e6ndigheder vi eventuelt videregiver dem.<\/span><\/p><p><span style=\"color: #000000;\">Hvis vores virksomhed bliver solgt eller fusioneret med en anden, kan dine oplysninger blive overf\u00f8rt til de nye ejere, s\u00e5 vi fortsat kan levere produkter og tjenester til dig.<\/span><\/p><p><strong><span style=\"color: #000000;\">SP\u00d8RGSM\u00c5L OG KONTAKTOPLYSNINGER<\/span><\/strong><\/p><p><span style=\"color: #000000;\">Hvis du \u00f8nsker at f\u00e5 indsigt i, rette, \u00e6ndre eller slette personoplysninger, vi har registreret om dig, indgive en klage eller f\u00e5 yderligere information, bedes du kontakte os p\u00e5:<\/span><br \/><span style=\"color: #000000;\">\ud83d\udce7 support@sotrends.com<\/span><\/p>\t\t\t\t\t\t\t\t<\/div>\n\t\t\t\t<\/div>\n\t\t\t\t\t<\/div>\n\t\t<\/div>\n\t\t\t\t\t<\/div>\n\t\t<\/section>\n\t\t\t\t<\/div>","protected":false},"excerpt":{"rendered":"<p>Privatlivspolitik AFSNIT 1 \u2013 HVAD VI G\u00d8R MED DINE OPLYSNINGER N\u00e5r du k\u00f8ber noget i vores onlinebutik, indsamler vi som en del af k\u00f8bs- og salgsprocessen personlige oplysninger s\u00e5som dit [&hellip;]<\/p>\n","protected":false},"author":2,"featured_media":0,"parent":0,"menu_order":0,"comment_status":"closed","ping_status":"closed","template":"elementor_canvas","meta":{"footnotes":""},"class_list":["post-253700","page","type-page","status-publish","hentry"],"lang":"da","translations":{"da":253700,"de":44793,"en":251,"fr":79529,"it":97282,"es":107952,"he":240545,"fi":253428,"pl":258326,"cs":260444,"ja":263899,"lt":269117},"_links":{"self":[{"href":"https:\/\/sotrends.com\/da\/wp-json\/wp\/v2\/pages\/253700","targetHints":{"allow":["GET"]}}],"collection":[{"href":"https:\/\/sotrends.com\/da\/wp-json\/wp\/v2\/pages"}],"about":[{"href":"https:\/\/sotrends.com\/da\/wp-json\/wp\/v2\/types\/page"}],"author":[{"embeddable":true,"href":"https:\/\/sotrends.com\/da\/wp-json\/wp\/v2\/users\/2"}],"replies":[{"embeddable":true,"href":"https:\/\/sotrends.com\/da\/wp-json\/wp\/v2\/comments?post=253700"}],"version-history":[{"count":8,"href":"https:\/\/sotrends.com\/da\/wp-json\/wp\/v2\/pages\/253700\/revisions"}],"predecessor-version":[{"id":253708,"href":"https:\/\/sotrends.com\/da\/wp-json\/wp\/v2\/pages\/253700\/revisions\/253708"}],"wp:attachment":[{"href":"https:\/\/sotrends.com\/da\/wp-json\/wp\/v2\/media?parent=253700"}],"curies":[{"name":"wp","href":"https:\/\/api.w.org\/{rel}","templated":true}]}}