{"id":260444,"date":"2025-11-11T16:25:03","date_gmt":"2025-11-11T19:25:03","guid":{"rendered":"https:\/\/sotrends.com\/?page_id=260444"},"modified":"2025-11-11T16:26:40","modified_gmt":"2025-11-11T19:26:40","slug":"privacy","status":"publish","type":"page","link":"https:\/\/sotrends.com\/cs\/privacy\/","title":{"rendered":"Z\u00e1sady ochrany osobn\u00edch \u00fadaj\u016f"},"content":{"rendered":"<div data-elementor-type=\"wp-page\" data-elementor-id=\"260444\" class=\"elementor elementor-260444\" data-elementor-post-type=\"page\">\n\t\t\t\t\t\t<section class=\"elementor-section elementor-top-section elementor-element elementor-element-7f8b6bd2 elementor-section-boxed elementor-section-height-default elementor-section-height-default\" data-id=\"7f8b6bd2\" data-element_type=\"section\" data-e-type=\"section\">\n\t\t\t\t\t\t<div class=\"elementor-container elementor-column-gap-default\">\n\t\t\t\t\t<div class=\"elementor-column elementor-col-100 elementor-top-column elementor-element elementor-element-4e749591\" data-id=\"4e749591\" data-element_type=\"column\" data-e-type=\"column\">\n\t\t\t<div class=\"elementor-widget-wrap elementor-element-populated\">\n\t\t\t\t\t\t<div class=\"elementor-element elementor-element-74ef2131 elementor-widget elementor-widget-text-editor\" data-id=\"74ef2131\" data-element_type=\"widget\" data-e-type=\"widget\" data-widget_type=\"text-editor.default\">\n\t\t\t\t<div class=\"elementor-widget-container\">\n\t\t\t\t\t\t\t\t\t<h2 style=\"text-align: center;\">Z\u00e1sady ochrany osobn\u00edch \u00fadaj\u016f<\/h2><p><strong><span style=\"color: #000000;\">Bezpe\u010dnost dat<\/span><\/strong><\/p><p><span style=\"color: #000000;\">Zaru\u010dujeme bezpe\u010dnost va\u0161ich osobn\u00edch \u00fadaj\u016f se stejnou p\u00e9\u010d\u00ed, odpov\u011bdnost\u00ed a profesionalitou, jakou v\u011bnujeme na\u0161emu podnik\u00e1n\u00ed.<\/span><br \/><span style=\"color: #000000;\">Va\u0161e osobn\u00ed \u00fadaje nebudou prod\u00e1v\u00e1ny ani zve\u0159ej\u0148ov\u00e1ny a p\u0159\u00edstup k nim maj\u00ed pouze pov\u011b\u0159en\u00ed zam\u011bstnanci, kte\u0159\u00ed jsou v\u00e1z\u00e1ni povinnost\u00ed ml\u010denlivosti.<\/span><\/p><p><span style=\"color: #000000;\">Spole\u010dnost SoTrends u\u010din\u00ed v\u0161e pro zachov\u00e1n\u00ed ochrany soukrom\u00ed a bezpe\u010dnosti \u00fadaj\u016f ulo\u017een\u00fdch v na\u0161\u00ed datab\u00e1zi a zavazuje se pou\u017e\u00edvat vhodn\u00e9 technologie a postupy pro ochranu dat p\u0159ed neopr\u00e1vn\u011bn\u00fdm p\u0159\u00edstupem, ztr\u00e1tou nebo zneu\u017eit\u00edm.<\/span><\/p><p><strong><span style=\"color: #000000;\">\u00dadaje o platebn\u00edch kart\u00e1ch a bankovn\u00edch informac\u00edch<\/span><\/strong><\/p><p><span style=\"color: #000000;\">Ve\u0161ker\u00e9 platby kreditn\u00edmi nebo debetn\u00edmi kartami jsou chr\u00e1n\u011bny \u0161ifrovac\u00ed technologi\u00ed platebn\u00ed br\u00e1ny, kter\u00e1 zaji\u0161\u0165uje, \u017ee bankovn\u00ed \u00fadaje z\u00e1kazn\u00edka z\u016fst\u00e1vaj\u00ed p\u0159\u00edsn\u011b d\u016fv\u011brn\u00e9.<\/span><\/p><p><span style=\"color: #000000;\">Jsme pln\u011b odhodl\u00e1ni chr\u00e1nit va\u0161e soukrom\u00ed a bezpe\u010dnost p\u0159i online n\u00e1kupech.<\/span><br \/><span style=\"color: #000000;\">V p\u0159\u00edpad\u011b jak\u00fdchkoli dotaz\u016f nebo n\u00e1vrh\u016f ohledn\u011b na\u0161ich z\u00e1sad ochrany osobn\u00edch \u00fadaj\u016f n\u00e1s m\u016f\u017eete kdykoli kontaktovat \u2013 r\u00e1di v\u00e1m pom\u016f\u017eeme.<\/span><\/p><p><strong><span style=\"color: #000000;\">Z\u00e1sady ukon\u010den\u00ed odb\u011bru (unsubscribe policy)<\/span><\/strong><\/p><p><span style=\"color: #000000;\">E-maily zas\u00edl\u00e1me pouze osob\u00e1m, kter\u00e9 o to projevily z\u00e1jem.<\/span><br \/><span style=\"color: #000000;\">Pokud si ji\u017e nep\u0159ejete dost\u00e1vat na\u0161e e-maily, klikn\u011bte na odkaz pro odhl\u00e1\u0161en\u00ed uveden\u00fd v e-mailu nebo kontaktujte na\u0161i podporu na adrese support@sotrends.com<\/span><\/p><p><span style=\"color: #000000;\">Va\u0161e adresa bude z na\u0161eho seznamu odstran\u011bna do 3 pracovn\u00edch dn\u016f.<\/span><\/p>\t\t\t\t\t\t\t\t<\/div>\n\t\t\t\t<\/div>\n\t\t\t\t\t<\/div>\n\t\t<\/div>\n\t\t\t\t\t<\/div>\n\t\t<\/section>\n\t\t\t\t<\/div>","protected":false},"excerpt":{"rendered":"<p>Z\u00e1sady ochrany osobn\u00edch \u00fadaj\u016f Bezpe\u010dnost dat Zaru\u010dujeme bezpe\u010dnost va\u0161ich osobn\u00edch \u00fadaj\u016f se stejnou p\u00e9\u010d\u00ed, odpov\u011bdnost\u00ed a profesionalitou, jakou v\u011bnujeme na\u0161emu podnik\u00e1n\u00ed.Va\u0161e osobn\u00ed \u00fadaje nebudou prod\u00e1v\u00e1ny ani zve\u0159ej\u0148ov\u00e1ny a p\u0159\u00edstup k [&hellip;]<\/p>\n","protected":false},"author":2,"featured_media":0,"parent":0,"menu_order":0,"comment_status":"closed","ping_status":"closed","template":"elementor_canvas","meta":{"footnotes":""},"class_list":["post-260444","page","type-page","status-publish","hentry"],"lang":"cs","translations":{"cs":260444,"de":44793,"en":251,"fr":79529,"it":97282,"es":107952,"he":240545,"fi":253428,"da":253700,"pl":258326,"ja":263899,"lt":269117},"_links":{"self":[{"href":"https:\/\/sotrends.com\/cs\/wp-json\/wp\/v2\/pages\/260444","targetHints":{"allow":["GET"]}}],"collection":[{"href":"https:\/\/sotrends.com\/cs\/wp-json\/wp\/v2\/pages"}],"about":[{"href":"https:\/\/sotrends.com\/cs\/wp-json\/wp\/v2\/types\/page"}],"author":[{"embeddable":true,"href":"https:\/\/sotrends.com\/cs\/wp-json\/wp\/v2\/users\/2"}],"replies":[{"embeddable":true,"href":"https:\/\/sotrends.com\/cs\/wp-json\/wp\/v2\/comments?post=260444"}],"version-history":[{"count":5,"href":"https:\/\/sotrends.com\/cs\/wp-json\/wp\/v2\/pages\/260444\/revisions"}],"predecessor-version":[{"id":260449,"href":"https:\/\/sotrends.com\/cs\/wp-json\/wp\/v2\/pages\/260444\/revisions\/260449"}],"wp:attachment":[{"href":"https:\/\/sotrends.com\/cs\/wp-json\/wp\/v2\/media?parent=260444"}],"curies":[{"name":"wp","href":"https:\/\/api.w.org\/{rel}","templated":true}]}}