{"id":260438,"date":"2025-11-11T16:21:52","date_gmt":"2025-11-11T19:21:52","guid":{"rendered":"https:\/\/sotrends.com\/?page_id=260438"},"modified":"2025-11-11T16:24:37","modified_gmt":"2025-11-11T19:24:37","slug":"terms","status":"publish","type":"page","link":"https:\/\/sotrends.com\/cs\/terms\/","title":{"rendered":"Obchodn\u00ed podm\u00ednky"},"content":{"rendered":"<div data-elementor-type=\"wp-page\" data-elementor-id=\"260438\" class=\"elementor elementor-260438\" data-elementor-post-type=\"page\">\n\t\t\t\t\t\t<section class=\"elementor-section elementor-top-section elementor-element elementor-element-6f0ae79c elementor-section-boxed elementor-section-height-default elementor-section-height-default\" data-id=\"6f0ae79c\" data-element_type=\"section\" data-e-type=\"section\">\n\t\t\t\t\t\t<div class=\"elementor-container elementor-column-gap-default\">\n\t\t\t\t\t<div class=\"elementor-column elementor-col-100 elementor-top-column elementor-element elementor-element-7beb182b\" data-id=\"7beb182b\" data-element_type=\"column\" data-e-type=\"column\">\n\t\t\t<div class=\"elementor-widget-wrap elementor-element-populated\">\n\t\t\t\t\t\t<div class=\"elementor-element elementor-element-eebed76 elementor-widget elementor-widget-text-editor\" data-id=\"eebed76\" data-element_type=\"widget\" data-e-type=\"widget\" data-widget_type=\"text-editor.default\">\n\t\t\t\t<div class=\"elementor-widget-container\">\n\t\t\t\t\t\t\t\t\t<h2 style=\"text-align: center;\">Obchodn\u00ed podm\u00ednky<\/h2><p><strong><span style=\"color: #000000;\">1. V\u0161eobecn\u00e9 podm\u00ednky pozornosti<\/span><\/strong><br \/><strong><span style=\"color: #000000;\">1.1. Spr\u00e1vn\u00e9 vypln\u011bn\u00ed doru\u010dovac\u00ed adresy<\/span><\/strong><\/p><p><span style=\"color: #000000;\">Spole\u010dnost SoTrends zajist\u00ed doru\u010den\u00ed produkt\u016f na adresu uvedenou z\u00e1kazn\u00edkem. Aby p\u0159i doru\u010den\u00ed z\u00e1silky nedo\u0161lo k \u017e\u00e1dn\u00fdm komplikac\u00edm, \u017e\u00e1d\u00e1me v\u00e1s, abyste p\u0159i vypl\u0148ov\u00e1n\u00ed adresy pro doru\u010den\u00ed v\u011bnovali pozornost spr\u00e1vnosti \u00fadaj\u016f.<\/span><\/p><p><strong><span style=\"color: #000000;\">1.2. Nep\u0159\u00edtomn\u00fd p\u0159\u00edjemce<\/span><\/strong><\/p><p><span style=\"color: #000000;\">Ujist\u011bte se, \u017ee na adrese doru\u010den\u00ed bude n\u011bkdo p\u0159\u00edtomen, kdo z\u00e1silku p\u0159evezme.<\/span><br \/><span style=\"color: #000000;\">USPS prov\u00e1d\u00ed t\u0159i pokusy o doru\u010den\u00ed. Pokud p\u0159i \u017e\u00e1dn\u00e9m z pokus\u016f nebude nikdo k zasti\u017een\u00ed, bude z\u00e1silka ulo\u017eena na nejbli\u017e\u0161\u00ed po\u0161t\u011b. V takov\u00e9m p\u0159\u00edpad\u011b je nutn\u00e9, aby p\u0159\u00edjemce z\u00e1silku vyzvedl do 7 kalend\u00e1\u0159n\u00edch dn\u016f.<\/span><\/p><p><span style=\"color: #000000;\">Pokud si p\u0159\u00edjemce z\u00e1silku v uveden\u00e9 lh\u016ft\u011b nevyzvedne, podle pravidel USPS bude bal\u00edk vr\u00e1cen odes\u00edlateli a pro op\u011btovn\u00e9 odesl\u00e1n\u00ed bude nutn\u00e9 uhradit nov\u00e9 po\u0161tovn\u00e9.<\/span><\/p><p><span style=\"color: #000000;\">Ve\u0161ker\u00e9 informace o pokusech o doru\u010den\u00ed a o po\u0161t\u011b, kde si m\u016f\u017ee p\u0159\u00edjemce z\u00e1silku vyzvednout, jsou uvedeny v syst\u00e9mu sledov\u00e1n\u00ed objedn\u00e1vky, kter\u00fd lze sledovat na webov\u00fdch str\u00e1nk\u00e1ch USPS pomoc\u00ed sledovac\u00edho k\u00f3du poskytnut\u00e9ho obchodem.<\/span><\/p><p><strong><span style=\"color: #000000;\">1.3. Nespr\u00e1vn\u00e1 nebo ne\u00fapln\u00e1 adresa<\/span><\/strong><\/p><p><span style=\"color: #000000;\">SoTrends nenese odpov\u011bdnost za nespr\u00e1vn\u00e9 nebo ne\u00fapln\u00e9 vypln\u011bn\u00ed doru\u010dovac\u00ed adresy.<\/span><br \/><span style=\"color: #000000;\">Pokud bude adresa chybn\u011b uvedena, z\u00e1silka bude podle pravidel po\u0161ty vr\u00e1cena odes\u00edlateli a \u017e\u00e1dn\u00e9 dal\u0161\u00ed pokusy o doru\u010den\u00ed se nebudou prov\u00e1d\u011bt.<\/span><\/p><p><span style=\"color: #000000;\">V takov\u00e9m p\u0159\u00edpad\u011b bude nutn\u00e9 uhradit nov\u00e9 po\u0161tovn\u00e9, aby bylo mo\u017en\u00e9 objedn\u00e1vku znovu odeslat.<\/span><br \/><span style=\"color: #000000;\">Pokud k nedoru\u010den\u00ed dojde kv\u016fli chybn\u00e9 adrese zadan\u00e9 z\u00e1kazn\u00edkem, z\u00e1kazn\u00edk nem\u00e1 n\u00e1rok na vr\u00e1cen\u00ed pen\u011bz.<\/span><br \/><span style=\"color: #000000;\">Pro op\u011btovn\u00e9 odesl\u00e1n\u00ed produktu bude nutn\u00e9 uhradit \u010d\u00e1stku 15,00 USD (hodnota dopravy + poplatek po\u0161ty).<\/span><\/p><p><strong><span style=\"color: #000000;\">1.4. Dovozn\u00ed dan\u011b a po\u0161tovn\u00e9<\/span><\/strong><\/p><p><span style=\"color: #000000;\">Jak\u00e9koli poplatky nebo dan\u011b, kter\u00e9 m\u016f\u017ee po\u0161ta \u00fa\u010dtovat na\u0161im z\u00e1kazn\u00edk\u016fm, jsou odpov\u011bdnost\u00ed spole\u010dnosti SoTrends.<\/span><br \/><span style=\"color: #000000;\">Z\u00e1kazn\u00edk zaplat\u00ed pouze \u010d\u00e1stku uvedenou u produktu.<\/span><\/p><p><strong><span style=\"color: #000000;\">1.5. Nedoru\u010den\u00e9 produkty<\/span><\/strong><\/p><p><span style=\"color: #000000;\">Pokud nastane probl\u00e9m s doru\u010den\u00edm a z\u00e1kazn\u00edk produkt neobdr\u017e\u00ed, je maxim\u00e1ln\u00ed lh\u016fta pro po\u017e\u00e1d\u00e1n\u00ed o op\u011btovn\u00e9 odesl\u00e1n\u00ed nebo vr\u00e1cen\u00ed pen\u011bz 6 m\u011bs\u00edc\u016f od data n\u00e1kupu.<\/span><br \/><span style=\"color: #000000;\">Z\u00e1kazn\u00edk by m\u011bl sledovat sv\u016fj sledovac\u00ed k\u00f3d, kter\u00fd mu byl zasl\u00e1n e-mailem po proveden\u00ed objedn\u00e1vky.<\/span><\/p><p><strong><span style=\"color: #000000;\">2. N\u00e1kupn\u00ed podm\u00ednky<\/span><\/strong><br \/><strong><span style=\"color: #000000;\">2.1. Z\u00e1sady n\u00e1kupu<\/span><\/strong><\/p><p><span style=\"color: #000000;\">V\u0161echny produkty dostupn\u00e9 na str\u00e1nk\u00e1ch SoTrends jsou odes\u00edl\u00e1ny p\u0159\u00edmo od na\u0161ich zahrani\u010dn\u00edch dodavatel\u016f (\u0160v\u00fdcarsko, Nizozemsko, Spojen\u00e9 st\u00e1ty americk\u00e9 a \u010c\u00edna) na adresu uvedenou p\u0159i n\u00e1kupu.<\/span><br \/><span style=\"color: #000000;\">Doba doru\u010den\u00ed je v pr\u016fm\u011bru 5 a\u017e 15 pracovn\u00edch dn\u016f (po\u010d\u00edt\u00e1no po odesl\u00e1n\u00ed), v z\u00e1vislosti na lokalit\u011b.<\/span><\/p><p><span style=\"color: #000000;\">Z\u00e1silka je odesl\u00e1na do 5 pracovn\u00edch dn\u016f po potvrzen\u00ed platby v na\u0161em syst\u00e9mu a tato lh\u016fta se po\u010d\u00edt\u00e1 a\u017e po odesl\u00e1n\u00ed.<\/span><br \/><span style=\"color: #000000;\">Platby proveden\u00e9 bankovn\u00edm p\u0159evodem mohou trvat 1\u20133 dny, ne\u017e se zobraz\u00ed jako potvrzen\u00e9 v na\u0161em syst\u00e9mu.<\/span><br \/><span style=\"color: #000000;\">Z\u00e1kazn\u00edk obdr\u017e\u00ed sledovac\u00ed k\u00f3d, aby mohl sledovat pr\u016fb\u011bh doru\u010den\u00ed sv\u00e9 objedn\u00e1vky.<\/span><\/p><p><span style=\"color: #000000;\">V n\u011bkter\u00fdch p\u0159\u00edpadech se m\u016f\u017ee doba doru\u010den\u00ed prodlou\u017eit kv\u016fli zpo\u017ed\u011bn\u00edm, pandemii, st\u00e1vk\u00e1m, sv\u00e1tk\u016fm nebo obdob\u00edm zv\u00fd\u0161en\u00e9ho zat\u00ed\u017een\u00ed po\u0161ty \u2013 tedy okolnostem mimo na\u0161i kontrolu.<\/span><\/p><p><span style=\"color: #000000;\">Obchod SoTrends zaru\u010duje doru\u010den\u00ed objedn\u00e1vky.<\/span><br \/><span style=\"color: #000000;\">Jsme odpov\u011bdn\u00ed za vr\u00e1cen\u00ed cel\u00e9 \u010d\u00e1stky za ztracen\u00e9 nebo nespr\u00e1vn\u011b doru\u010den\u00e9 produkty b\u011bhem p\u0159epravy.<\/span><br \/><span style=\"color: #000000;\">V\u0161echny produkty jsou poji\u0161t\u011bny proti ztr\u00e1t\u011b a maj\u00ed bezplatn\u00e9 online sledov\u00e1n\u00ed \u2013 doru\u010den\u00ed va\u0161eho produktu je 100% zaru\u010deno.<\/span><\/p><p><span style=\"color: #000000;\">Pokud produkt nebude doru\u010den do 40 pracovn\u00edch dn\u016f po odesl\u00e1n\u00ed, bude z\u00e1kazn\u00edkovi vr\u00e1ceno 100 % \u010d\u00e1stky.<\/span><br \/><span style=\"color: #000000;\">Pokud bude produkt doru\u010den po vr\u00e1cen\u00ed pen\u011bz, za\u0161leme z\u00e1kazn\u00edkovi potvrzen\u00ed k nov\u00e9mu proveden\u00ed platby.<\/span><\/p><p><span style=\"color: #000000;\">SoTrends prod\u00e1v\u00e1 produkty v r\u016fzn\u00fdch zem\u00edch, proto by si kupuj\u00edc\u00ed m\u011bli d\u00e1vat pozor na m\u011bnu pou\u017e\u00edvanou ve sv\u00e9 zemi.<\/span><br \/><span style=\"color: #000000;\">Ceny zobrazujeme v britsk\u00fdch libr\u00e1ch (GBP) ve Spojen\u00e9m kr\u00e1lovstv\u00ed, \u0161v\u00fdcarsk\u00fdch franc\u00edch (CHF) ve \u0160v\u00fdcarsku, euros (EUR) v evropsk\u00fdch zem\u00edch a americk\u00fdch dolarech (USD) ve zbytku sv\u011bta.<\/span><\/p><p><span style=\"color: #000000;\">\u26a0\ufe0f Upozorn\u011bn\u00ed:<\/span><br \/><span style=\"color: #000000;\">Pokud jste si zakoupili v\u00edce ne\u017e jeden produkt, m\u016f\u017eete obdr\u017eet v\u00edce z\u00e1silek, proto\u017ee produkty mohou poch\u00e1zet od r\u016fzn\u00fdch dodavatel\u016f.<\/span><br \/><span style=\"color: #000000;\">Pokud tedy obdr\u017e\u00edte jednu z\u00e1silku d\u0159\u00edve a druhou pozd\u011bji, je to naprosto norm\u00e1ln\u00ed.<\/span><\/p><p><strong><span style=\"color: #000000;\">2.2. Sledov\u00e1n\u00ed objedn\u00e1vky<\/span><\/strong><\/p><p><span style=\"color: #000000;\">Produkty budou odesl\u00e1ny po\u0161tou nebo jin\u00fdm dopravcem.<\/span><br \/><span style=\"color: #000000;\">V\u017edy bude poskytnut sledovac\u00ed k\u00f3d, kter\u00fd z\u00e1kazn\u00edkovi umo\u017en\u00ed sledovat pr\u016fb\u011bh doru\u010den\u00ed.<\/span><br \/><span style=\"color: #000000;\">SoTrends se zavazuje informovat z\u00e1kazn\u00edka, jak sv\u00e9 produkty sledovat.<\/span><br \/><span style=\"color: #000000;\">Sledovac\u00ed k\u00f3d bude zasl\u00e1n na e-mail z\u00e1kazn\u00edka, jakmile bude k dispozici.<\/span><\/p><p><span style=\"color: #000000;\"><strong>D\u016eLE\u017dIT\u00c9:<\/strong><\/span><\/p><p><span style=\"color: #000000;\">Proveden\u00edm n\u00e1kupu z\u00e1kazn\u00edk souhlas\u00ed s v\u00fd\u0161e uveden\u00fdmi podm\u00ednkami.<\/span><\/p>\t\t\t\t\t\t\t\t<\/div>\n\t\t\t\t<\/div>\n\t\t\t\t\t<\/div>\n\t\t<\/div>\n\t\t\t\t\t<\/div>\n\t\t<\/section>\n\t\t\t\t<\/div>","protected":false},"excerpt":{"rendered":"<p>Obchodn\u00ed podm\u00ednky 1. V\u0161eobecn\u00e9 podm\u00ednky pozornosti1.1. Spr\u00e1vn\u00e9 vypln\u011bn\u00ed doru\u010dovac\u00ed adresy Spole\u010dnost SoTrends zajist\u00ed doru\u010den\u00ed produkt\u016f na adresu uvedenou z\u00e1kazn\u00edkem. Aby p\u0159i doru\u010den\u00ed z\u00e1silky nedo\u0161lo k \u017e\u00e1dn\u00fdm komplikac\u00edm, \u017e\u00e1d\u00e1me v\u00e1s, abyste [&hellip;]<\/p>\n","protected":false},"author":2,"featured_media":0,"parent":0,"menu_order":0,"comment_status":"closed","ping_status":"closed","template":"elementor_canvas","meta":{"footnotes":""},"class_list":["post-260438","page","type-page","status-publish","hentry"],"lang":"cs","translations":{"cs":260438,"pl":258318,"da":253709,"ja":263911},"_links":{"self":[{"href":"https:\/\/sotrends.com\/cs\/wp-json\/wp\/v2\/pages\/260438","targetHints":{"allow":["GET"]}}],"collection":[{"href":"https:\/\/sotrends.com\/cs\/wp-json\/wp\/v2\/pages"}],"about":[{"href":"https:\/\/sotrends.com\/cs\/wp-json\/wp\/v2\/types\/page"}],"author":[{"embeddable":true,"href":"https:\/\/sotrends.com\/cs\/wp-json\/wp\/v2\/users\/2"}],"replies":[{"embeddable":true,"href":"https:\/\/sotrends.com\/cs\/wp-json\/wp\/v2\/comments?post=260438"}],"version-history":[{"count":5,"href":"https:\/\/sotrends.com\/cs\/wp-json\/wp\/v2\/pages\/260438\/revisions"}],"predecessor-version":[{"id":260443,"href":"https:\/\/sotrends.com\/cs\/wp-json\/wp\/v2\/pages\/260438\/revisions\/260443"}],"wp:attachment":[{"href":"https:\/\/sotrends.com\/cs\/wp-json\/wp\/v2\/media?parent=260438"}],"curies":[{"name":"wp","href":"https:\/\/api.w.org\/{rel}","templated":true}]}}